{"id":1060,"date":"2024-09-13T12:10:01","date_gmt":"2024-09-13T12:10:01","guid":{"rendered":"https:\/\/casinopathfinder.com\/?page_id=1060"},"modified":"2025-03-12T11:40:32","modified_gmt":"2025-03-12T11:40:32","slug":"trading-sites","status":"publish","type":"page","link":"https:\/\/casinopathfinder.com\/de\/trading-seiten\/","title":{"rendered":"Trading Sites"},"content":{"rendered":"<div data-elementor-type=\"wp-page\" data-elementor-id=\"1060\" class=\"elementor elementor-1060\">\n\t\t\t\t<div class=\"elementor-element elementor-element-58b4738 e-flex e-con-boxed e-con e-parent\" data-id=\"58b4738\" data-element_type=\"container\">\n\t\t\t\t\t<div class=\"e-con-inner\">\n\t\t<div class=\"elementor-element elementor-element-abd55dc e-con-full e-flex e-con e-child\" data-id=\"abd55dc\" data-element_type=\"container\" data-settings=\"{&quot;background_background&quot;:&quot;classic&quot;}\">\n\t\t<div class=\"elementor-element elementor-element-6cf269a e-con-full e-flex e-con e-child\" data-id=\"6cf269a\" data-element_type=\"container\">\n\t\t\t\t<\/div>\n\t\t<div class=\"elementor-element elementor-element-756a816 e-con-full e-flex e-con e-child\" data-id=\"756a816\" data-element_type=\"container\">\n\t\t\t\t<div class=\"elementor-element elementor-element-c05efb1 elementor-widget elementor-widget-heading\" data-id=\"c05efb1\" data-element_type=\"widget\" data-widget_type=\"heading.default\">\n\t\t\t\t<div class=\"elementor-widget-container\">\n\t\t\t<style>\/*! elementor - v3.23.0 - 05-08-2024 *\/\n.elementor-heading-title{padding:0;margin:0;line-height:1}.elementor-widget-heading .elementor-heading-title[class*=elementor-size-]>a{color:inherit;font-size:inherit;line-height:inherit}.elementor-widget-heading .elementor-heading-title.elementor-size-small{font-size:15px}.elementor-widget-heading .elementor-heading-title.elementor-size-medium{font-size:19px}.elementor-widget-heading .elementor-heading-title.elementor-size-large{font-size:29px}.elementor-widget-heading .elementor-heading-title.elementor-size-xl{font-size:39px}.elementor-widget-heading .elementor-heading-title.elementor-size-xxl{font-size:59px}<\/style><h1 class=\"elementor-heading-title elementor-size-default\">Die vertrauensw\u00fcrdigsten <br><span style=\"font-weight: 400; font-size: 25px;\">CSGO\/CS2 Trading sites in April 2026<\/span><\/h1>\t\t<\/div>\n\t\t\t\t<\/div>\n\t\t\t\t<\/div>\n\t\t<div class=\"elementor-element elementor-element-2a36475 e-con-full e-flex e-con e-child\" data-id=\"2a36475\" data-element_type=\"container\">\n\t\t\t\t<\/div>\n\t\t\t\t<\/div>\n\t\t\t\t\t<\/div>\n\t\t\t\t<\/div>\n\t\t<div class=\"elementor-element elementor-element-e002f26 e-flex e-con-boxed e-con e-parent\" data-id=\"e002f26\" data-element_type=\"container\" data-settings=\"{&quot;background_background&quot;:&quot;classic&quot;}\">\n\t\t\t\t\t<div class=\"e-con-inner\">\n\t\t\t\t<div class=\"elementor-element elementor-element-7e0744b elementor-widget elementor-widget-shortcode\" data-id=\"7e0744b\" data-element_type=\"widget\" data-widget_type=\"shortcode.default\">\n\t\t\t\t<div class=\"elementor-widget-container\">\n\t\t\t\t\t<div class=\"elementor-shortcode\"><div class=\"sites-cards-container\">          <div class=\"site-card\">\n              <div class='site-card-header-wrapper'>\n                                  <div class='site-logo-wrapper'>\n                    <img decoding=\"async\" class=\"site-logo\" src=\"https:\/\/casinopathfinder.com\/wp-content\/uploads\/2024\/09\/dmarket-com-site-logo-135x135-1.png\" alt=\"dmarket.com\">\n                  <\/div>\n                                <div class=\"site-card-header-right-wrapper\">\n                  <h3 class=\"site-name\">dmarket.com<\/h3>\n                  <div class=\"site-rating\"><span class=\"star filled\">&#9733;<\/span><span class=\"star filled\">&#9733;<\/span><span class=\"star filled\">&#9733;<\/span><span class=\"star filled\">&#9733;<\/span><span class=\"star filled\">&#9733;<\/span><\/div>\n                  <!-- <div><div> -->\n                <\/div>\n              <\/div>\n              <p class=\"site-description\">Marktplatz zum Handeln virtueller Items<\/p>\n              <!-- <a class=\"site-link\" href=\"https:\/\/dmarket.com?ref=nYpMhoKjEz\" target=\"_blank\">Visit Site<\/a> -->\n              <div class=\"buttons-container\">\n                <a class=\"site-card-button\" href=\"https:\/\/casinopathfinder.com\/de\/dmarket-com-bewertung\/\" target=\"\">Bewertung lesen<\/a>\n                <a class=\"site-card-button reward\" href=\"https:\/\/dmarket.com?ref=nYpMhoKjEz\" target=\"_blank\" rel=\"noopener noreferrer\">Bonus einl\u00f6sen<\/a>\n              <\/div>\n            <\/div>\n                    <div class=\"site-card\">\n              <div class='site-card-header-wrapper'>\n                                  <div class='site-logo-wrapper'>\n                    <img decoding=\"async\" class=\"site-logo\" src=\"https:\/\/casinopathfinder.com\/wp-content\/uploads\/2024\/09\/skinswap-logo.webp\" alt=\"skinswap.com\">\n                  <\/div>\n                                <div class=\"site-card-header-right-wrapper\">\n                  <h3 class=\"site-name\">skinswap.com<\/h3>\n                  <div class=\"site-rating\"><span class=\"star filled\">&#9733;<\/span><span class=\"star filled\">&#9733;<\/span><span class=\"star filled\">&#9733;<\/span><span class=\"star filled\">&#9733;<\/span><span class=\"star filled\">&#9733;<\/span><\/div>\n                  <!-- <div><div> -->\n                <\/div>\n              <\/div>\n              <p class=\"site-description\">Verwende \"promo555\" &amp; reduziere die Provision + erhalte eine kostenlose Case.<\/p>\n              <!-- <a class=\"site-link\" href=\"https:\/\/skinswap.com\/r\/promo555\" target=\"_blank\">Visit Site<\/a> -->\n              <div class=\"buttons-container\">\n                <a class=\"site-card-button\" href=\"https:\/\/casinopathfinder.com\/de\/skinswap-com-bewertung\/\" target=\"\">Bewertung lesen<\/a>\n                <a class=\"site-card-button reward\" href=\"https:\/\/skinswap.com\/r\/promo555\" target=\"_blank\" rel=\"noopener noreferrer\">Bonus einl\u00f6sen<\/a>\n              <\/div>\n            <\/div>\n                    <div class=\"site-card\">\n              <div class='site-card-header-wrapper'>\n                                  <div class='site-logo-wrapper'>\n                    <img decoding=\"async\" class=\"site-logo\" src=\"https:\/\/casinopathfinder.com\/wp-content\/uploads\/2024\/09\/tradeit-logo.jpg\" alt=\"tradeit.gg\">\n                  <\/div>\n                                <div class=\"site-card-header-right-wrapper\">\n                  <h3 class=\"site-name\">tradeit.gg<\/h3>\n                  <div class=\"site-rating\"><span class=\"star filled\">&#9733;<\/span><span class=\"star filled\">&#9733;<\/span><span class=\"star filled\">&#9733;<\/span><span class=\"star filled\">&#9733;<\/span><span class=\"star half\">&#9734;<\/span><\/div>\n                  <!-- <div>1<div> -->\n                <\/div>\n              <\/div>\n              <p class=\"site-description\">Erhalte $5 Guthaben und einen 35% Top-Up-Bonus oder 35% Rabatt<\/p>\n              <!-- <a class=\"site-link\" href=\"https:\/\/tradeit.gg\/?aff=promo555\" target=\"_blank\">Visit Site<\/a> -->\n              <div class=\"buttons-container\">\n                <a class=\"site-card-button\" href=\"https:\/\/casinopathfinder.com\/de\/tradeit-gg-bewertung\/\" target=\"\">Bewertung lesen<\/a>\n                <a class=\"site-card-button reward\" href=\"https:\/\/tradeit.gg\/?aff=promo555\" target=\"_blank\" rel=\"noopener noreferrer\">Bonus einl\u00f6sen<\/a>\n              <\/div>\n            <\/div>\n          <\/div><\/div>\n\t\t\t\t<\/div>\n\t\t\t\t<\/div>\n\t\t\t\t\t<\/div>\n\t\t\t\t<\/div>\n\t\t<div class=\"elementor-element elementor-element-587881a e-flex e-con-boxed e-con e-parent\" data-id=\"587881a\" data-element_type=\"container\" data-settings=\"{&quot;background_background&quot;:&quot;classic&quot;}\">\n\t\t\t\t\t<div class=\"e-con-inner\">\n\t\t\t\t<div class=\"elementor-element elementor-element-0243b4b elementor-widget elementor-widget-shortcode\" data-id=\"0243b4b\" data-element_type=\"widget\" data-widget_type=\"shortcode.default\">\n\t\t\t\t<div class=\"elementor-widget-container\">\n\t\t\t\t\t<div class=\"elementor-shortcode\"><ul class=\"sites-list\">\n          <li class=\"site-item\">\n              <div data-url=\"https:\/\/dmarket.com?ref=nYpMhoKjEz\" class=\"name-section link-container\">\n                  <div class=\"site-logo-wrapper\">\n                      <img decoding=\"async\" class=\"site-logo\" src=\"https:\/\/casinopathfinder.com\/wp-content\/uploads\/2024\/09\/dmarket-com-site-logo-135x135-1.png\" alt=\"dmarket.com\">\n                  <\/div>\n                  <a class='site-name' href=\"https:\/\/dmarket.com?ref=nYpMhoKjEz\" target=\"_blank\" rel=\"noopener noreferrer\">dmarket.com<\/a>\n              <\/div>\n              <div class=\"reward-section\">\n                  <div class=\"left-content\">\n                      <label class='reward-content-label'>REDEEM Code:<\/label>\n                      <span class=\"bonus-value\"><a href=\"https:\/\/dmarket.com?ref=nYpMhoKjEz\" target=\"_blank\" rel=\"noopener noreferrer\">\ud835\ude4b\ud835\ude67\ud835\ude64\ud835\ude62\ud835\ude64 \ud835\ude58\ud835\ude64\ud835\ude59\ud835\ude5a\ud835\ude68 \ud835\ude63\ud835\ude64\ud835\ude69 \ud835\ude56\ud835\ude6b\ud835\ude56\ud835\ude5e\ud835\ude61\ud835\ude56\ud835\ude57\ud835\ude61\ud835\ude5a \ud835\ude5b\ud835\ude64\ud835\ude67 \ud835\ude69\ud835\ude5d\ud835\ude5e\ud835\ude68 \ud835\ude68\ud835\ude5e\ud835\ude69\ud835\ude5a. \ud835\ude44\ud835\ude63\ud835\ude68\ud835\ude69\ud835\ude5a\ud835\ude56\ud835\ude59, \ud835\ude58\ud835\ude61\ud835\ude5e\ud835\ude58\ud835\ude60 \ud835\ude5b\ud835\ude64\ud835\ude67 \ud835\ude69\ud835\ude5d\ud835\ude5a \ud835\ude61\ud835\ude5e\ud835\ude63\ud835\ude60<\/a><\/span>\n                      <label class='reward-content-label'>Bonus:<\/label>\n                      <span class=\"bonus-description\">Marktplatz zum Handeln virtueller Items<\/span>\n                                        <\/div>\n                  <div class=\"right-content\">\n                      <div class=\"review-section\">\n                          <div class=\"site-rating\"><span class=\"star filled\">&#9733;<\/span><span class=\"star filled\">&#9733;<\/span><span class=\"star filled\">&#9733;<\/span><span class=\"star filled\">&#9733;<\/span><span class=\"star filled\">&#9733;<\/span><\/div>\n                          <a class=\"site-review-link\" href=\"https:\/\/casinopathfinder.com\/de\/dmarket-com-bewertung\/\" target=\"\">Bewertung lesen<\/a>\n                      <\/div>\n                      <a class=\"reward-button\" href=\"https:\/\/dmarket.com?ref=nYpMhoKjEz\" target=\"_blank\" rel=\"noopener noreferrer\">Bonus einl\u00f6sen<\/a>\n                  <\/div>\n              <\/div>\n          <\/li>\n          \n          <li class=\"site-item\">\n              <div data-url=\"https:\/\/skinswap.com\/r\/promo555\" class=\"name-section link-container\">\n                  <div class=\"site-logo-wrapper\">\n                      <img decoding=\"async\" class=\"site-logo\" src=\"https:\/\/casinopathfinder.com\/wp-content\/uploads\/2024\/09\/skinswap-logo.webp\" alt=\"skinswap.com\">\n                  <\/div>\n                  <a class='site-name' href=\"https:\/\/skinswap.com\/r\/promo555\" target=\"_blank\" rel=\"noopener noreferrer\">skinswap.com<\/a>\n              <\/div>\n              <div class=\"reward-section\">\n                  <div class=\"left-content\">\n                      <label class='reward-content-label'>REDEEM Code:<\/label>\n                      <span class=\"bonus-value\">promo555<\/span>\n                      <label class='reward-content-label'>Bonus:<\/label>\n                      <span class=\"bonus-description\">Reduziere die Kommission + Erhalte eine kostenlose Kiste<\/span>\n                                        <\/div>\n                  <div class=\"right-content\">\n                      <div class=\"review-section\">\n                          <div class=\"site-rating\"><span class=\"star filled\">&#9733;<\/span><span class=\"star filled\">&#9733;<\/span><span class=\"star filled\">&#9733;<\/span><span class=\"star filled\">&#9733;<\/span><span class=\"star filled\">&#9733;<\/span><\/div>\n                          <a class=\"site-review-link\" href=\"https:\/\/casinopathfinder.com\/de\/skinswap-com-bewertung\/\" target=\"\">Bewertung lesen<\/a>\n                      <\/div>\n                      <a class=\"reward-button\" href=\"https:\/\/skinswap.com\/r\/promo555\" target=\"_blank\" rel=\"noopener noreferrer\">Bonus einl\u00f6sen<\/a>\n                  <\/div>\n              <\/div>\n          <\/li>\n          \n          <li class=\"site-item\">\n              <div data-url=\"https:\/\/tradeit.gg\/?aff=promo555\" class=\"name-section link-container\">\n                  <div class=\"site-logo-wrapper\">\n                      <img decoding=\"async\" class=\"site-logo\" src=\"https:\/\/casinopathfinder.com\/wp-content\/uploads\/2024\/09\/tradeit-logo.jpg\" alt=\"tradeit.gg\">\n                  <\/div>\n                  <a class='site-name' href=\"https:\/\/tradeit.gg\/?aff=promo555\" target=\"_blank\" rel=\"noopener noreferrer\">tradeit.gg<\/a>\n              <\/div>\n              <div class=\"reward-section\">\n                  <div class=\"left-content\">\n                      <label class='reward-content-label'>REDEEM Code:<\/label>\n                      <span class=\"bonus-value\">promo555<\/span>\n                      <label class='reward-content-label'>Bonus:<\/label>\n                      <span class=\"bonus-description\">Erhalte $5 Guthaben und einen 35% Top-Up-Bonus oder 35% Rabatt<\/span>\n                                        <\/div>\n                  <div class=\"right-content\">\n                      <div class=\"review-section\">\n                          <div class=\"site-rating\"><span class=\"star filled\">&#9733;<\/span><span class=\"star filled\">&#9733;<\/span><span class=\"star filled\">&#9733;<\/span><span class=\"star filled\">&#9733;<\/span><span class=\"star half\">&#9734;<\/span><\/div>\n                          <a class=\"site-review-link\" href=\"https:\/\/casinopathfinder.com\/de\/tradeit-gg-bewertung\/\" target=\"\">Bewertung lesen<\/a>\n                      <\/div>\n                      <a class=\"reward-button\" href=\"https:\/\/tradeit.gg\/?aff=promo555\" target=\"_blank\" rel=\"noopener noreferrer\">Bonus einl\u00f6sen<\/a>\n                  <\/div>\n              <\/div>\n          <\/li>\n          \n          <li class=\"site-item\">\n              <div data-url=\"https:\/\/skincashier.com\/r\/PROMO555\" class=\"name-section link-container\">\n                  <div class=\"site-logo-wrapper\">\n                      <img decoding=\"async\" class=\"site-logo\" src=\"https:\/\/casinopathfinder.com\/wp-content\/uploads\/2024\/09\/skincashier-logo-1-1.png\" alt=\"skincashier.com\">\n                  <\/div>\n                  <a class='site-name' href=\"https:\/\/skincashier.com\/r\/PROMO555\" target=\"_blank\" rel=\"noopener noreferrer\">skincashier.com<\/a>\n              <\/div>\n              <div class=\"reward-section\">\n                  <div class=\"left-content\">\n                      <label class='reward-content-label'>REDEEM Code:<\/label>\n                      <span class=\"bonus-value\">PROMO555<\/span>\n                      <label class='reward-content-label'>Bonus:<\/label>\n                      <span class=\"bonus-description\">Erhalte einen 3% Bonus beim Auszahlen \u2013 die beste Plattform zum Verkaufen von Skins<\/span>\n                                        <\/div>\n                  <div class=\"right-content\">\n                      <div class=\"review-section\">\n                          <div class=\"site-rating\"><span class=\"star filled\">&#9733;<\/span><span class=\"star filled\">&#9733;<\/span><span class=\"star filled\">&#9733;<\/span><span class=\"star filled\">&#9733;<\/span><span class=\"star\">&#9734;<\/span><\/div>\n                          <a class=\"site-review-link\" href=\"https:\/\/casinopathfinder.com\/de\/skincashier-com-bewertung\/\" target=\"\">Bewertung lesen<\/a>\n                      <\/div>\n                      <a class=\"reward-button\" href=\"https:\/\/skincashier.com\/r\/PROMO555\" target=\"_blank\" rel=\"noopener noreferrer\">Bonus einl\u00f6sen<\/a>\n                  <\/div>\n              <\/div>\n          <\/li>\n          \n          <li class=\"site-item\">\n              <div data-url=\"https:\/\/swap.gg\/?r=xaBSILH7PO\" class=\"name-section link-container\">\n                  <div class=\"site-logo-wrapper\">\n                      <img decoding=\"async\" class=\"site-logo\" src=\"https:\/\/casinopathfinder.com\/wp-content\/uploads\/2024\/09\/Swap.gg_.webp\" alt=\"swap.gg\">\n                  <\/div>\n                  <a class='site-name' href=\"https:\/\/swap.gg\/?r=xaBSILH7PO\" target=\"_blank\" rel=\"noopener noreferrer\">swap.gg<\/a>\n              <\/div>\n              <div class=\"reward-section\">\n                  <div class=\"left-content\">\n                      <label class='reward-content-label'>REDEEM Code:<\/label>\n                      <span class=\"bonus-value\"><a href=\"https:\/\/swap.gg\/?r=xaBSILH7PO\" target=\"_blank\" rel=\"noopener noreferrer\">\ud835\ude4b\ud835\ude67\ud835\ude64\ud835\ude62\ud835\ude64 \ud835\ude58\ud835\ude64\ud835\ude59\ud835\ude5a\ud835\ude68 \ud835\ude63\ud835\ude64\ud835\ude69 \ud835\ude56\ud835\ude6b\ud835\ude56\ud835\ude5e\ud835\ude61\ud835\ude56\ud835\ude57\ud835\ude61\ud835\ude5a \ud835\ude5b\ud835\ude64\ud835\ude67 \ud835\ude69\ud835\ude5d\ud835\ude5e\ud835\ude68 \ud835\ude68\ud835\ude5e\ud835\ude69\ud835\ude5a. \ud835\ude44\ud835\ude63\ud835\ude68\ud835\ude69\ud835\ude5a\ud835\ude56\ud835\ude59, \ud835\ude58\ud835\ude61\ud835\ude5e\ud835\ude58\ud835\ude60 \ud835\ude5b\ud835\ude64\ud835\ude67 \ud835\ude69\ud835\ude5d\ud835\ude5a \ud835\ude61\ud835\ude5e\ud835\ude63\ud835\ude60<\/a><\/span>\n                      <label class='reward-content-label'>Bonus:<\/label>\n                      <span class=\"bonus-description\">Erhalte einen 15% Bonus auf alle Guthaben-Aufladungen<\/span>\n                                        <\/div>\n                  <div class=\"right-content\">\n                      <div class=\"review-section\">\n                          <div class=\"site-rating\"><span class=\"star filled\">&#9733;<\/span><span class=\"star filled\">&#9733;<\/span><span class=\"star filled\">&#9733;<\/span><span class=\"star half\">&#9734;<\/span><span class=\"star\">&#9734;<\/span><\/div>\n                          <a class=\"site-review-link\" href=\"https:\/\/casinopathfinder.com\/de\/\" target=\"\">Bewertung lesen<\/a>\n                      <\/div>\n                      <a class=\"reward-button\" href=\"https:\/\/swap.gg\/?r=xaBSILH7PO\" target=\"_blank\" rel=\"noopener noreferrer\">Bonus einl\u00f6sen<\/a>\n                  <\/div>\n              <\/div>\n          <\/li>\n          \n          <li class=\"site-item\">\n              <div data-url=\"https:\/\/rapidskins.com\/a\/promo555\" class=\"name-section link-container\">\n                  <div class=\"site-logo-wrapper\">\n                      <img decoding=\"async\" class=\"site-logo\" src=\"https:\/\/casinopathfinder.com\/wp-content\/uploads\/2024\/09\/rapidskins-logo.webp\" alt=\"rapidskins.com\">\n                  <\/div>\n                  <a class='site-name' href=\"https:\/\/rapidskins.com\/a\/promo555\" target=\"_blank\" rel=\"noopener noreferrer\">rapidskins.com<\/a>\n              <\/div>\n              <div class=\"reward-section\">\n                  <div class=\"left-content\">\n                      <label class='reward-content-label'>REDEEM Code:<\/label>\n                      <span class=\"bonus-value\">promo555<\/span>\n                      <label class='reward-content-label'>Bonus:<\/label>\n                      <span class=\"bonus-description\">Erhalte +1% mehr beim Auszahlen<\/span>\n                                        <\/div>\n                  <div class=\"right-content\">\n                      <div class=\"review-section\">\n                          <div class=\"site-rating\"><span class=\"star filled\">&#9733;<\/span><span class=\"star filled\">&#9733;<\/span><span class=\"star filled\">&#9733;<\/span><span class=\"star\">&#9734;<\/span><span class=\"star\">&#9734;<\/span><\/div>\n                          <a class=\"site-review-link\" href=\"https:\/\/casinopathfinder.com\/de\/rapidskins-com-bewertung\/\" target=\"\">Bewertung lesen<\/a>\n                      <\/div>\n                      <a class=\"reward-button\" href=\"https:\/\/rapidskins.com\/a\/promo555\" target=\"_blank\" rel=\"noopener noreferrer\">Bonus einl\u00f6sen<\/a>\n                  <\/div>\n              <\/div>\n          <\/li>\n          <\/ul>\n      <script>\n          jQuery(document).ready(function() {\n              jQuery('.link-container').click(function() {\n                  console.log('clicked');\n                  const url = jQuery(this).data('url');\n                  console.log('url: ', url);\n                  if (url) {\n                      window.open(url, '_blank');\n                  }\n              });\n          });\n      <\/script>\n\n      <\/div>\n\t\t\t\t<\/div>\n\t\t\t\t<\/div>\n\t\t\t\t<div class=\"elementor-element elementor-element-16da9e3 elementor-widget elementor-widget-heading\" data-id=\"16da9e3\" data-element_type=\"widget\" data-widget_type=\"heading.default\">\n\t\t\t\t<div class=\"elementor-widget-container\">\n\t\t\t<h2 class=\"elementor-heading-title elementor-size-default\">Kriterien f\u00fcr vertrauensw\u00fcrdige CSGO Trading Sites\n<\/h2>\t\t<\/div>\n\t\t\t\t<\/div>\n\t\t\t\t<div class=\"elementor-element elementor-element-df58c84 elementor-widget elementor-widget-text-editor\" data-id=\"df58c84\" data-element_type=\"widget\" data-widget_type=\"text-editor.default\">\n\t\t\t\t<div class=\"elementor-widget-container\">\n\t\t\t<style>\/*! elementor - v3.23.0 - 05-08-2024 *\/\n.elementor-widget-text-editor.elementor-drop-cap-view-stacked .elementor-drop-cap{background-color:#69727d;color:#fff}.elementor-widget-text-editor.elementor-drop-cap-view-framed .elementor-drop-cap{color:#69727d;border:3px solid;background-color:transparent}.elementor-widget-text-editor:not(.elementor-drop-cap-view-default) .elementor-drop-cap{margin-top:8px}.elementor-widget-text-editor:not(.elementor-drop-cap-view-default) .elementor-drop-cap-letter{width:1em;height:1em}.elementor-widget-text-editor .elementor-drop-cap{float:left;text-align:center;line-height:1;font-size:50px}.elementor-widget-text-editor .elementor-drop-cap-letter{display:inline-block}<\/style>\t\t\t\t<p>Die Wahl zuverl\u00e4ssiger CS:GO Trading Sites ist entscheidend f\u00fcr sichere und erfolgreiche Transaktionen. Wichtige Faktoren, die zu ber\u00fccksichtigen sind, umfassen Sicherheitsmerkmale, Benutzererfahrung, Geb\u00fchrenstrukturen, Inventarauswahl und Kundensupport.<\/p>\t\t\t\t\t\t<\/div>\n\t\t\t\t<\/div>\n\t\t\t\t\t<\/div>\n\t\t\t\t<\/div>\n\t\t\t\t<\/div>","protected":false},"excerpt":{"rendered":"<p>The most trusted CSGO\/CS2 Trading sites in Criteria for Trustworthy CSGO Trading Sites Choosing reliable CS:GO trading sites is critical in ensuring safe and successful transactions. Key factors to consider include security features, user experience, fee structures, inventory selection, and customer support.<\/p>","protected":false},"author":1,"featured_media":3805,"parent":0,"menu_order":0,"comment_status":"closed","ping_status":"closed","template":"","meta":{"_acf_changed":false,"footnotes":""},"class_list":["post-1060","page","type-page","status-publish","has-post-thumbnail","hentry"],"acf":[],"_links":{"self":[{"href":"https:\/\/casinopathfinder.com\/de\/wp-json\/wp\/v2\/pages\/1060","targetHints":{"allow":["GET"]}}],"collection":[{"href":"https:\/\/casinopathfinder.com\/de\/wp-json\/wp\/v2\/pages"}],"about":[{"href":"https:\/\/casinopathfinder.com\/de\/wp-json\/wp\/v2\/types\/page"}],"author":[{"embeddable":true,"href":"https:\/\/casinopathfinder.com\/de\/wp-json\/wp\/v2\/users\/1"}],"replies":[{"embeddable":true,"href":"https:\/\/casinopathfinder.com\/de\/wp-json\/wp\/v2\/comments?post=1060"}],"version-history":[{"count":21,"href":"https:\/\/casinopathfinder.com\/de\/wp-json\/wp\/v2\/pages\/1060\/revisions"}],"predecessor-version":[{"id":4082,"href":"https:\/\/casinopathfinder.com\/de\/wp-json\/wp\/v2\/pages\/1060\/revisions\/4082"}],"wp:featuredmedia":[{"embeddable":true,"href":"https:\/\/casinopathfinder.com\/de\/wp-json\/wp\/v2\/media\/3805"}],"wp:attachment":[{"href":"https:\/\/casinopathfinder.com\/de\/wp-json\/wp\/v2\/media?parent=1060"}],"curies":[{"name":"wp","href":"https:\/\/api.w.org\/{rel}","templated":true}]}}