{"id":3330,"date":"2024-10-10T10:10:32","date_gmt":"2024-10-10T10:10:32","guid":{"rendered":"https:\/\/casinopathfinder.com\/?page_id=3330"},"modified":"2025-03-12T11:38:21","modified_gmt":"2025-03-12T11:38:21","slug":"rustreaper-com-review","status":"publish","type":"page","link":"https:\/\/casinopathfinder.com\/de\/rustreaper-com-bewertung\/","title":{"rendered":"RustReaper.com Bewertung"},"content":{"rendered":"<div data-elementor-type=\"wp-page\" data-elementor-id=\"3330\" class=\"elementor elementor-3330\">\n\t\t\t\t<div class=\"elementor-element elementor-element-3e730f7 e-flex e-con-boxed e-con e-parent\" data-id=\"3e730f7\" data-element_type=\"container\">\n\t\t\t\t\t<div class=\"e-con-inner\">\n\t\t\t\t<div class=\"elementor-element elementor-element-143e3bc elementor-widget elementor-widget-heading\" data-id=\"143e3bc\" data-element_type=\"widget\" data-widget_type=\"heading.default\">\n\t\t\t\t<div class=\"elementor-widget-container\">\n\t\t\t<style>\/*! elementor - v3.23.0 - 05-08-2024 *\/\n.elementor-heading-title{padding:0;margin:0;line-height:1}.elementor-widget-heading .elementor-heading-title[class*=elementor-size-]>a{color:inherit;font-size:inherit;line-height:inherit}.elementor-widget-heading .elementor-heading-title.elementor-size-small{font-size:15px}.elementor-widget-heading .elementor-heading-title.elementor-size-medium{font-size:19px}.elementor-widget-heading .elementor-heading-title.elementor-size-large{font-size:29px}.elementor-widget-heading .elementor-heading-title.elementor-size-xl{font-size:39px}.elementor-widget-heading .elementor-heading-title.elementor-size-xxl{font-size:59px}<\/style><h1 class=\"elementor-heading-title elementor-size-default\">RustReaper.com Bewertung <span>- April 2026<\/span><\/h1>\t\t<\/div>\n\t\t\t\t<\/div>\n\t\t\t\t<div class=\"elementor-element elementor-element-d782fbf elementor-widget elementor-widget-text-editor\" data-id=\"d782fbf\" data-element_type=\"widget\" data-widget_type=\"text-editor.default\">\n\t\t\t\t<div class=\"elementor-widget-container\">\n\t\t\t<style>\/*! elementor - v3.23.0 - 05-08-2024 *\/\n.elementor-widget-text-editor.elementor-drop-cap-view-stacked .elementor-drop-cap{background-color:#69727d;color:#fff}.elementor-widget-text-editor.elementor-drop-cap-view-framed .elementor-drop-cap{color:#69727d;border:3px solid;background-color:transparent}.elementor-widget-text-editor:not(.elementor-drop-cap-view-default) .elementor-drop-cap{margin-top:8px}.elementor-widget-text-editor:not(.elementor-drop-cap-view-default) .elementor-drop-cap-letter{width:1em;height:1em}.elementor-widget-text-editor .elementor-drop-cap{float:left;text-align:center;line-height:1;font-size:50px}.elementor-widget-text-editor .elementor-drop-cap-letter{display:inline-block}<\/style>\t\t\t\t<p>RustReaper ist ein Krypto-Casino- und Sportwetten-Seite, die aus dem Rust-Skin-Gambling-Bereich stammt. Heute sind nur noch der Name sowie die Ein- und Auszahlungsmethoden \u00fcber Rust-Skins \u00dcberbleibsel dieser \u00c4ra. Die Seite bietet Zugang zu sechzehn originellen Casino-Spielen, von Roulette und Dice bis hin zu Plinko und Crash. Zus\u00e4tzlich bietet die Seite eine Sportwetten-Plattform und Links zum Rust-Skin-Marktplatz RustSkins, der denselben Besitzern geh\u00f6rt. Die Spiele sind nahezu identisch mit den originalen Stake-Spielen in Design, Grafik, Farbe, Funktionalit\u00e4t und sogar Schriftart. Spieler k\u00f6nnen Einzahlungen \u00fcber Rust-Skins, Fiat-W\u00e4hrung und Kryptow\u00e4hrungen t\u00e4tigen und Rust-Skins oder Kryptow\u00e4hrungen auszahlen lassen.<\/p>\t\t\t\t\t\t<\/div>\n\t\t\t\t<\/div>\n\t\t\t\t<div class=\"elementor-element elementor-element-1c5b39b elementor-align-left elementor-widget elementor-widget-button\" data-id=\"1c5b39b\" data-element_type=\"widget\" data-widget_type=\"button.default\">\n\t\t\t\t<div class=\"elementor-widget-container\">\n\t\t\t\t\t<div class=\"elementor-button-wrapper\">\n\t\t\t<a class=\"elementor-button elementor-button-link elementor-size-sm\" href=\"https:\/\/rustreaper.com\/?ref=promo555\">\n\t\t\t\t\t\t<span class=\"elementor-button-content-wrapper\">\n\t\t\t\t\t\t\t\t\t<span class=\"elementor-button-text\">Bonus erhalten<\/span>\n\t\t\t\t\t<\/span>\n\t\t\t\t\t<\/a>\n\t\t<\/div>\n\t\t\t\t<\/div>\n\t\t\t\t<\/div>\n\t\t\t\t<div class=\"elementor-element elementor-element-713d297 elementor-widget elementor-widget-text-editor\" data-id=\"713d297\" data-element_type=\"widget\" data-widget_type=\"text-editor.default\">\n\t\t\t\t<div class=\"elementor-widget-container\">\n\t\t\t\t\t\t\t<p><span style=\"font-weight: 400;\">So beanspruchen Sie den kostenlosen Bonus:<\/span><\/p><ol><li><span style=\"font-weight: 400;\"> \u00a0 \u00a0 Besuchen Sie RustReaper.com \u00fcber unseren bereitgestellten Link<\/span><\/li><\/ol><p>\u00a0<\/p><ol start=\"2\"><li><span style=\"font-weight: 400;\"> \u00a0 \u00a0 Melden Sie sich mit Ihrem Steam-Konto bei RustReaper an<\/span><\/li><\/ol><p>\u00a0<\/p><ol start=\"3\"><li><span style=\"font-weight: 400;\"> \u00a0 \u00a0 Klicken Sie im rechten Men\u00fc auf Ihr Profil<\/span><\/li><\/ol><p>\u00a0<\/p><ol start=\"4\"><li><span style=\"font-weight: 400;\"> \u00a0 \u00a0 Finden Sie das Textfeld mit der Bezeichnung Bonus Code<\/span><\/li><\/ol><p>\u00a0<\/p><ol start=\"5\"><li class=\"translation-block\">\u00a0 \u00a0 Geben Sie den Code ein: <strong>promo555<\/strong><\/li><\/ol><p>\u00a0<\/p><ol start=\"6\"><li><span style=\"font-weight: 400;\"> \u00a0 \u00a0 Erhalten Sie $0.50 kostenloses Guthaben auf der Seite<\/span><\/li><\/ol>\t\t\t\t\t\t<\/div>\n\t\t\t\t<\/div>\n\t\t\t\t<div class=\"elementor-element elementor-element-3c73cca elementor-align-left elementor-widget elementor-widget-button\" data-id=\"3c73cca\" data-element_type=\"widget\" data-widget_type=\"button.default\">\n\t\t\t\t<div class=\"elementor-widget-container\">\n\t\t\t\t\t<div class=\"elementor-button-wrapper\">\n\t\t\t<a class=\"elementor-button elementor-button-link elementor-size-sm\" href=\"https:\/\/rustreaper.com\/?ref=promo555\">\n\t\t\t\t\t\t<span class=\"elementor-button-content-wrapper\">\n\t\t\t\t\t\t\t\t\t<span class=\"elementor-button-text\">Nutzen Sie jetzt unseren RustReaper Promo Code<\/span>\n\t\t\t\t\t<\/span>\n\t\t\t\t\t<\/a>\n\t\t<\/div>\n\t\t\t\t<\/div>\n\t\t\t\t<\/div>\n\t\t\t\t<div class=\"elementor-element elementor-element-c5c5811 elementor-widget elementor-widget-heading\" data-id=\"c5c5811\" data-element_type=\"widget\" data-widget_type=\"heading.default\">\n\t\t\t\t<div class=\"elementor-widget-container\">\n\t\t\t<h2 class=\"elementor-heading-title elementor-size-default\">Ein- und Auszahlungen<\/h2>\t\t<\/div>\n\t\t\t\t<\/div>\n\t\t\t\t<div class=\"elementor-element elementor-element-3a62ff8 elementor-widget elementor-widget-text-editor\" data-id=\"3a62ff8\" data-element_type=\"widget\" data-widget_type=\"text-editor.default\">\n\t\t\t\t<div class=\"elementor-widget-container\">\n\t\t\t\t\t\t\t<p>Wie Sie es von einer modernen Marke erwarten w\u00fcrden, bietet RustReaper sichere und gesch\u00fctzte Banking-Optionen. Bevor wir uns mit den Transaktionsm\u00f6glichkeiten des Unternehmens befassen, ist es wichtig, die Sicherheitsprotokolle zu untersuchen, die zum Schutz Ihrer Gelder eingerichtet wurden. RustReaper verwendet erstklassige SSL-Verschl\u00fcsselungssoftware, um die Sicherheit und Integrit\u00e4t der Benutzerdaten zu gew\u00e4hrleisten.<\/p><p>Betrachten wir die Zahlungsmethoden, k\u00f6nnen Sie aus folgenden Optionen w\u00e4hlen: Visa, MasterCard, PayPal, Paysafecard, Trustly und Google Pay. Zu den Kryptow\u00e4hrungs-Zahlungsoptionen geh\u00f6ren Bitcoin, Ethereum und Litecoin. Die Mindesteinzahlung betr\u00e4gt $5, w\u00e4hrend die maximale Einzahlung $500 betr\u00e4gt. Kryptow\u00e4hrungseinzahlungen beginnen bei $10, wobei der aktuelle Kurs auf der Website angezeigt wird. Um eine Auszahlung zu t\u00e4tigen, m\u00fcssen Coins in Skins umgewandelt werden, danach k\u00f6nnen Sie ein Handelsangebot erstellen.<\/p>\t\t\t\t\t\t<\/div>\n\t\t\t\t<\/div>\n\t\t\t\t<div class=\"elementor-element elementor-element-8ed440e elementor-widget elementor-widget-heading\" data-id=\"8ed440e\" data-element_type=\"widget\" data-widget_type=\"heading.default\">\n\t\t\t\t<div class=\"elementor-widget-container\">\n\t\t\t<h2 class=\"elementor-heading-title elementor-size-default\">RustReaper Casino-Spiele\n<\/h2>\t\t<\/div>\n\t\t\t\t<\/div>\n\t\t\t\t<div class=\"elementor-element elementor-element-3e92a51 elementor-widget elementor-widget-text-editor\" data-id=\"3e92a51\" data-element_type=\"widget\" data-widget_type=\"text-editor.default\">\n\t\t\t\t<div class=\"elementor-widget-container\">\n\t\t\t\t\t\t\t<p>Da RustReaper eine Rust-Gambling-Seite ist, sind wir nicht \u00fcberrascht, die gro\u00dfe Auswahl an Spielen auf der Plattform zu sehen. Unten haben wir eine Zusammenfassung der Spiele bereitgestellt, die Sie derzeit auf der Seite spielen k\u00f6nnen. Aufgrund des aktiven Entwicklungsplans von RustReaper k\u00f6nnte diese Liste jedoch einige neue Erg\u00e4nzungen verpassen. Unabh\u00e4ngig davon sind hier die Spiele, die RustReaper zum Zeitpunkt der Erstellung dieses Artikels angeboten hat.<\/p>\t\t\t\t\t\t<\/div>\n\t\t\t\t<\/div>\n\t\t\t\t<div class=\"elementor-element elementor-element-96e01e4 elementor-widget elementor-widget-heading\" data-id=\"96e01e4\" data-element_type=\"widget\" data-widget_type=\"heading.default\">\n\t\t\t\t<div class=\"elementor-widget-container\">\n\t\t\t<h2 class=\"elementor-heading-title elementor-size-default\">Rustreaper Coinflip\n<\/h2>\t\t<\/div>\n\t\t\t\t<\/div>\n\t\t\t\t<div class=\"elementor-element elementor-element-9863de6 elementor-widget elementor-widget-text-editor\" data-id=\"9863de6\" data-element_type=\"widget\" data-widget_type=\"text-editor.default\">\n\t\t\t\t<div class=\"elementor-widget-container\">\n\t\t\t\t\t\t\t<p><span style=\"font-weight: 400;\">Eines der bekanntesten Spiele auf der Seite, Coinflip, ist ein einzigartiges Gambling-Spiel. Es ist einfach zu spielen: Sie hinterlegen Ihre Skins, erstellen ein Spiel und w\u00e4hlen eine Seite der M\u00fcnze. Sobald ein Gegner mit einem \u00e4hnlichen Skin-Guthaben beitritt, wirft die Seite die M\u00fcnze, und die gewinnende Seite erh\u00e4lt alle Skins. So einfach ist das!<\/span><\/p>\t\t\t\t\t\t<\/div>\n\t\t\t\t<\/div>\n\t\t\t\t<div class=\"elementor-element elementor-element-463dbc9 elementor-widget elementor-widget-heading\" data-id=\"463dbc9\" data-element_type=\"widget\" data-widget_type=\"heading.default\">\n\t\t\t\t<div class=\"elementor-widget-container\">\n\t\t\t<h2 class=\"elementor-heading-title elementor-size-default\">Rustreaper Crash<\/h2>\t\t<\/div>\n\t\t\t\t<\/div>\n\t\t\t\t<div class=\"elementor-element elementor-element-7541835 elementor-widget elementor-widget-text-editor\" data-id=\"7541835\" data-element_type=\"widget\" data-widget_type=\"text-editor.default\">\n\t\t\t\t<div class=\"elementor-widget-container\">\n\t\t\t\t\t\t\t<p><span style=\"font-weight: 400;\">Die Pr\u00e4misse dieses Spiels ist sehr einfach: Sie setzen einen Betrag und beobachten, wie sich ein Multiplikator erh\u00f6ht. Zu jedem Zeitpunkt k\u00f6nnen Sie das Spiel verlassen, und dieser Multiplikator wird auf Ihren Einsatz angewendet. Wenn Sie also 100 Coins setzen und bei einem 1.80x-Multiplikator aussteigen, erhalten Sie 180 Coins. Allerdings kann der Multiplikator jederzeit \"crashen\" und auf 0 fallen! Sie k\u00f6nnen auch die eingebaute Auto-Cashout-Funktion nutzen, die automatisch auszahlt, sobald der Multiplikator einen von Ihnen festgelegten Wert erreicht. <\/span><b>auto-cashout<\/b><span style=\"font-weight: 400;\"> feature, which will automatically pull out once the multiplier hits a number you specify.<\/span><\/p>\t\t\t\t\t\t<\/div>\n\t\t\t\t<\/div>\n\t\t\t\t<div class=\"elementor-element elementor-element-1508fa4 elementor-widget elementor-widget-heading\" data-id=\"1508fa4\" data-element_type=\"widget\" data-widget_type=\"heading.default\">\n\t\t\t\t<div class=\"elementor-widget-container\">\n\t\t\t<h2 class=\"elementor-heading-title elementor-size-default\">Rustreaper Roulette\n<\/h2>\t\t<\/div>\n\t\t\t\t<\/div>\n\t\t\t\t<div class=\"elementor-element elementor-element-679f8a0 elementor-widget elementor-widget-text-editor\" data-id=\"679f8a0\" data-element_type=\"widget\" data-widget_type=\"text-editor.default\">\n\t\t\t\t<div class=\"elementor-widget-container\">\n\t\t\t\t\t\t\t<p><span style=\"font-weight: 400;\">RustReaper Roulette unterscheidet sich nicht von dem Roulette, das Ihnen vielleicht bereits bekannt ist. F\u00fcr Einsteiger: Roulette besteht aus drei farbigen Taschen - rot, gr\u00fcn und schwarz. Es gibt 15 Taschen von 0 bis 14, mit einer gr\u00fcnen, sieben roten und sieben schwarzen. Jeder Spieler setzt auf eine bestimmte Tasche, und wenn diese gezogen wird, gewinnt er. Rote und schwarze Taschen zahlen das Doppelte des Einsatzes aus, w\u00e4hrend die gr\u00fcne Tasche das 14-fache bringen kann!<\/span><\/p>\t\t\t\t\t\t<\/div>\n\t\t\t\t<\/div>\n\t\t\t\t<div class=\"elementor-element elementor-element-f43ee30 elementor-widget elementor-widget-heading\" data-id=\"f43ee30\" data-element_type=\"widget\" data-widget_type=\"heading.default\">\n\t\t\t\t<div class=\"elementor-widget-container\">\n\t\t\t<h2 class=\"elementor-heading-title elementor-size-default\">RustReaper Tradeup\n<\/h2>\t\t<\/div>\n\t\t\t\t<\/div>\n\t\t\t\t<div class=\"elementor-element elementor-element-72d822e elementor-widget elementor-widget-text-editor\" data-id=\"72d822e\" data-element_type=\"widget\" data-widget_type=\"text-editor.default\">\n\t\t\t\t<div class=\"elementor-widget-container\">\n\t\t\t\t\t\t\t<p><span style=\"font-weight: 400;\">In diesem Spiel k\u00f6nnen Sie einen bestimmten Betrag an Coins f\u00fcr einen bestimmten Skin setzen. Je gr\u00f6\u00dfer der Unterschied zwischen Ihrem Ziel-Skin und Ihrem Einsatz, desto geringer die Gewinnchance. Falls Sie gewinnen, k\u00f6nnen Sie den gewonnenen Skin erneut setzen, um einen noch besseren zu erhalten, mit einer 5%igen Bonuschance auf das n\u00e4chste Trade-up.<\/span><\/p>\t\t\t\t\t\t<\/div>\n\t\t\t\t<\/div>\n\t\t\t\t<div class=\"elementor-element elementor-element-c3ffce4 elementor-widget elementor-widget-heading\" data-id=\"c3ffce4\" data-element_type=\"widget\" data-widget_type=\"heading.default\">\n\t\t\t\t<div class=\"elementor-widget-container\">\n\t\t\t<h2 class=\"elementor-heading-title elementor-size-default\">RustReaper Hilo<\/h2>\t\t<\/div>\n\t\t\t\t<\/div>\n\t\t\t\t<div class=\"elementor-element elementor-element-ac8ff03 elementor-widget elementor-widget-text-editor\" data-id=\"ac8ff03\" data-element_type=\"widget\" data-widget_type=\"text-editor.default\">\n\t\t\t\t<div class=\"elementor-widget-container\">\n\t\t\t\t\t\t\t<p><span style=\"font-weight: 400;\">HiLo ist ein \u00e4u\u00dferst beliebtes Gambling-Spiel, das oft in Online-Casinos zu finden ist. Konkret geht es darum, auf die n\u00e4chste gezogene Karte zu setzen und ob diese h\u00f6her oder niedriger als die aktuelle Karte sein wird. Ein Ass hat den h\u00f6chsten Wert, w\u00e4hrend eine 2 den niedrigsten hat. Zudem wird w\u00e4hrend dieses Spiels ein Wett-Multiplikator angezeigt, der das Ganze noch spannender macht.<\/span><\/p>\t\t\t\t\t\t<\/div>\n\t\t\t\t<\/div>\n\t\t\t\t<div class=\"elementor-element elementor-element-8c486bc elementor-widget elementor-widget-heading\" data-id=\"8c486bc\" data-element_type=\"widget\" data-widget_type=\"heading.default\">\n\t\t\t\t<div class=\"elementor-widget-container\">\n\t\t\t<h2 class=\"elementor-heading-title elementor-size-default\">Kundensupport\n<\/h2>\t\t<\/div>\n\t\t\t\t<\/div>\n\t\t\t\t<div class=\"elementor-element elementor-element-f0c2cfa elementor-widget elementor-widget-text-editor\" data-id=\"f0c2cfa\" data-element_type=\"widget\" data-widget_type=\"text-editor.default\">\n\t\t\t\t<div class=\"elementor-widget-container\">\n\t\t\t\t\t\t\t<p><span style=\"font-weight: 400;\">Egal, welche Anfrage oder Frage Sie haben, RustReaper legt gro\u00dfen Wert auf ein hochqualifiziertes Support-System. Dadurch bleiben Sie nicht an nervigen Problemen h\u00e4ngen. Die Seite verf\u00fcgt \u00fcber eine ausf\u00fchrliche FAQ-Sektion, die in verschiedene Kategorien unterteilt ist. Das erleichtert die Suche nach der richtigen Antwort.<\/span><\/p><p><span style=\"font-weight: 400;\">RustReaper nutzt zudem ein Ticketsystem. F\u00fcr diejenigen, die schnelle Antworten bevorzugen, aber nicht durch zahlreiche FAQ-Beitr\u00e4ge scrollen wollen, gibt es eine Live-Chat-Option am unteren Ende der Seite. Das Kundensupport-System ist gut strukturiert und zeigt RustReapers Engagement f\u00fcr Kundenzufriedenheit.<\/span><\/p>\t\t\t\t\t\t<\/div>\n\t\t\t\t<\/div>\n\t\t\t\t\t<\/div>\n\t\t\t\t<\/div>\n\t\t<div class=\"elementor-element elementor-element-8ef37e1 e-flex e-con-boxed e-con e-parent\" data-id=\"8ef37e1\" data-element_type=\"container\">\n\t\t\t\t\t<div class=\"e-con-inner\">\n\t\t\t\t<div class=\"elementor-element elementor-element-c4ce4a7 elementor-widget elementor-widget-shortcode\" data-id=\"c4ce4a7\" data-element_type=\"widget\" data-widget_type=\"shortcode.default\">\n\t\t\t\t<div class=\"elementor-widget-container\">\n\t\t\t\t\t<div class=\"elementor-shortcode\"><div class=\"alternative-sites\"><h2>Beste Alternativen zu casinopathfinder.com<\/h2><div class=\"sites-cards-container\">                <div class=\"site-card\">\n                    <div class='site-card-header-wrapper'>\n                                                <div class='site-logo-wrapper'>\n                                <img decoding=\"async\" class=\"site-logo\" src=\"https:\/\/casinopathfinder.com\/wp-content\/uploads\/2024\/09\/bandit-camp-logo.png\" alt=\"bandit.camp\">\n                        <\/div>\n                                                <div class=\"site-card-header-right-wrapper\">\n                            <h3 class=\"site-name\">bandit.camp<\/h3>\n                            <div class=\"site-rating\"><span class=\"star filled\">&#9733;<\/span><span class=\"star filled\">&#9733;<\/span><span class=\"star filled\">&#9733;<\/span><span class=\"star filled\">&#9733;<\/span><span class=\"star filled\">&#9733;<\/span><\/div>\n                        <\/div>\n                    <\/div>\n                    <p class=\"site-description\">Aktiviere Promo-Code und erhalte $0.15 kostenlos f\u00fcr die Anmeldung +5% BONUS auf Einzahlung<\/p>\n                    <div class=\"buttons-container\">\n                        <a class=\"site-card-button\" href=\"https:\/\/casinopathfinder.com\/de\/bandit-camp-bewertung\/\" target=\"\">Bewertung lesen<\/a>\n                        <a class=\"site-card-button reward\" href=\"https:\/\/bandit.camp\/r\/promo555\" target=\"_blank\" rel=\"noopener noreferrer\">Bonus einl\u00f6sen<\/a>\n                    <\/div>\n                <\/div>\n                            <div class=\"site-card\">\n                    <div class='site-card-header-wrapper'>\n                                                <div class='site-logo-wrapper'>\n                                <img decoding=\"async\" class=\"site-logo\" src=\"https:\/\/casinopathfinder.com\/wp-content\/uploads\/2024\/09\/rustclash.png\" alt=\"rustclash.com\">\n                        <\/div>\n                                                <div class=\"site-card-header-right-wrapper\">\n                            <h3 class=\"site-name\">rustclash.com<\/h3>\n                            <div class=\"site-rating\"><span class=\"star filled\">&#9733;<\/span><span class=\"star filled\">&#9733;<\/span><span class=\"star filled\">&#9733;<\/span><span class=\"star filled\">&#9733;<\/span><span class=\"star filled\">&#9733;<\/span><\/div>\n                        <\/div>\n                    <\/div>\n                    <p class=\"site-description\">Schalte eine 24-Stunden-t\u00e4gliche Free Case + Rakeback frei<\/p>\n                    <div class=\"buttons-container\">\n                        <a class=\"site-card-button\" href=\"https:\/\/casinopathfinder.com\/de\/rustclash-com-bewertung\/\" target=\"\">Bewertung lesen<\/a>\n                        <a class=\"site-card-button reward\" href=\"https:\/\/rustclash.com\/r\/PROMO555\" target=\"_blank\" rel=\"noopener noreferrer\">Bonus einl\u00f6sen<\/a>\n                    <\/div>\n                <\/div>\n                            <div class=\"site-card\">\n                    <div class='site-card-header-wrapper'>\n                                                <div class='site-logo-wrapper'>\n                                <img decoding=\"async\" class=\"site-logo\" src=\"https:\/\/casinopathfinder.com\/wp-content\/uploads\/2024\/09\/rustmagic-logo.png\" alt=\"rustmagic.com\">\n                        <\/div>\n                                                <div class=\"site-card-header-right-wrapper\">\n                            <h3 class=\"site-name\">rustmagic.com<\/h3>\n                            <div class=\"site-rating\"><span class=\"star filled\">&#9733;<\/span><span class=\"star filled\">&#9733;<\/span><span class=\"star filled\">&#9733;<\/span><span class=\"star filled\">&#9733;<\/span><span class=\"star\">&#9734;<\/span><\/div>\n                        <\/div>\n                    <\/div>\n                    <p class=\"site-description\">Erhalte 0.5 kostenlose Coins als Belohnung<\/p>\n                    <div class=\"buttons-container\">\n                        <a class=\"site-card-button\" href=\"https:\/\/casinopathfinder.com\/de\/rustmagic-com-bewertung\/\" target=\"\">Bewertung lesen<\/a>\n                        <a class=\"site-card-button reward\" href=\"https:\/\/rustmagic.com\/r\/promo555\" target=\"_blank\" rel=\"noopener noreferrer\">Bonus einl\u00f6sen<\/a>\n                    <\/div>\n                <\/div>\n                            <div class=\"site-card\">\n                    <div class='site-card-header-wrapper'>\n                                                <div class='site-logo-wrapper'>\n                                <img decoding=\"async\" class=\"site-logo\" src=\"https:\/\/casinopathfinder.com\/wp-content\/uploads\/2024\/09\/skinbet-logo4.png\" alt=\"skinbet.gg\">\n                        <\/div>\n                                                <div class=\"site-card-header-right-wrapper\">\n                            <h3 class=\"site-name\">skinbet.gg<\/h3>\n                            <div class=\"site-rating\"><span class=\"star filled\">&#9733;<\/span><span class=\"star filled\">&#9733;<\/span><span class=\"star filled\">&#9733;<\/span><span class=\"star filled\">&#9733;<\/span><span class=\"star\">&#9734;<\/span><\/div>\n                        <\/div>\n                    <\/div>\n                    <p class=\"site-description\">Erhalte +5 % mehr auf alle Einzahlungen<\/p>\n                    <div class=\"buttons-container\">\n                        <a class=\"site-card-button\" href=\"https:\/\/casinopathfinder.com\/de\/skinbet-com-bewertung\/\" target=\"\">Bewertung lesen<\/a>\n                        <a class=\"site-card-button reward\" href=\"https:\/\/skinbet.gg\/r\/promo555\" target=\"_blank\" rel=\"noopener noreferrer\">Bonus einl\u00f6sen<\/a>\n                    <\/div>\n                <\/div>\n                            <div class=\"site-card\">\n                    <div class='site-card-header-wrapper'>\n                                                <div class='site-logo-wrapper'>\n                                <img decoding=\"async\" class=\"site-logo\" src=\"https:\/\/casinopathfinder.com\/wp-content\/uploads\/2024\/09\/rustly-logo-svg.webp\" alt=\"Rustly.com\">\n                        <\/div>\n                                                <div class=\"site-card-header-right-wrapper\">\n                            <h3 class=\"site-name\">Rustly.com<\/h3>\n                            <div class=\"site-rating\"><span class=\"star filled\">&#9733;<\/span><span class=\"star filled\">&#9733;<\/span><span class=\"star filled\">&#9733;<\/span><span class=\"star half\">&#9734;<\/span><span class=\"star\">&#9734;<\/span><\/div>\n                        <\/div>\n                    <\/div>\n                    <p class=\"site-description\">5 kostenlose Willkommens-Cases-\u00d6ffnungen<\/p>\n                    <div class=\"buttons-container\">\n                        <a class=\"site-card-button\" href=\"https:\/\/casinopathfinder.com\/de\/rustly-com-bewertung\/\" target=\"\">Bewertung lesen<\/a>\n                        <a class=\"site-card-button reward\" href=\"https:\/\/rustly.com\/r\/PROMO555\" target=\"_blank\" rel=\"noopener noreferrer\">Bonus einl\u00f6sen<\/a>\n                    <\/div>\n                <\/div>\n            <\/div><\/div><\/div>\n\t\t\t\t<\/div>\n\t\t\t\t<\/div>\n\t\t\t\t\t<\/div>\n\t\t\t\t<\/div>\n\t\t\t\t<\/div>","protected":false},"excerpt":{"rendered":"<p>RustReaper.com review &#8211; RustReaper is a crypto casino and sports betting site rooted in the Rust skin gambling space. Today, only its name and the deposit and withdrawal methods via Rust skins are remnants of this era. The site offers access to sixteen original casino games, from Roulette and Dice to Plinko and Crash. Additionally, [&hellip;]<\/p>","protected":false},"author":1,"featured_media":3805,"parent":0,"menu_order":0,"comment_status":"closed","ping_status":"closed","template":"","meta":{"_acf_changed":false,"footnotes":""},"class_list":["post-3330","page","type-page","status-publish","has-post-thumbnail","hentry"],"acf":[],"_links":{"self":[{"href":"https:\/\/casinopathfinder.com\/de\/wp-json\/wp\/v2\/pages\/3330","targetHints":{"allow":["GET"]}}],"collection":[{"href":"https:\/\/casinopathfinder.com\/de\/wp-json\/wp\/v2\/pages"}],"about":[{"href":"https:\/\/casinopathfinder.com\/de\/wp-json\/wp\/v2\/types\/page"}],"author":[{"embeddable":true,"href":"https:\/\/casinopathfinder.com\/de\/wp-json\/wp\/v2\/users\/1"}],"replies":[{"embeddable":true,"href":"https:\/\/casinopathfinder.com\/de\/wp-json\/wp\/v2\/comments?post=3330"}],"version-history":[{"count":11,"href":"https:\/\/casinopathfinder.com\/de\/wp-json\/wp\/v2\/pages\/3330\/revisions"}],"predecessor-version":[{"id":4384,"href":"https:\/\/casinopathfinder.com\/de\/wp-json\/wp\/v2\/pages\/3330\/revisions\/4384"}],"wp:featuredmedia":[{"embeddable":true,"href":"https:\/\/casinopathfinder.com\/de\/wp-json\/wp\/v2\/media\/3805"}],"wp:attachment":[{"href":"https:\/\/casinopathfinder.com\/de\/wp-json\/wp\/v2\/media?parent=3330"}],"curies":[{"name":"wp","href":"https:\/\/api.w.org\/{rel}","templated":true}]}}