{"id":3337,"date":"2024-10-10T10:13:54","date_gmt":"2024-10-10T10:13:54","guid":{"rendered":"https:\/\/casinopathfinder.com\/?page_id=3337"},"modified":"2025-03-12T11:38:12","modified_gmt":"2025-03-12T11:38:12","slug":"rustmagic-com-review","status":"publish","type":"page","link":"https:\/\/casinopathfinder.com\/de\/rustmagic-com-bewertung\/","title":{"rendered":"RustMagic.com Bewertung"},"content":{"rendered":"<div data-elementor-type=\"wp-page\" data-elementor-id=\"3337\" class=\"elementor elementor-3337\">\n\t\t\t\t<div class=\"elementor-element elementor-element-e7cc0ac e-flex e-con-boxed e-con e-parent\" data-id=\"e7cc0ac\" data-element_type=\"container\">\n\t\t\t\t\t<div class=\"e-con-inner\">\n\t\t\t\t<div class=\"elementor-element elementor-element-7e926ad elementor-widget elementor-widget-heading\" data-id=\"7e926ad\" data-element_type=\"widget\" data-widget_type=\"heading.default\">\n\t\t\t\t<div class=\"elementor-widget-container\">\n\t\t\t<style>\/*! elementor - v3.23.0 - 05-08-2024 *\/\n.elementor-heading-title{padding:0;margin:0;line-height:1}.elementor-widget-heading .elementor-heading-title[class*=elementor-size-]>a{color:inherit;font-size:inherit;line-height:inherit}.elementor-widget-heading .elementor-heading-title.elementor-size-small{font-size:15px}.elementor-widget-heading .elementor-heading-title.elementor-size-medium{font-size:19px}.elementor-widget-heading .elementor-heading-title.elementor-size-large{font-size:29px}.elementor-widget-heading .elementor-heading-title.elementor-size-xl{font-size:39px}.elementor-widget-heading .elementor-heading-title.elementor-size-xxl{font-size:59px}<\/style><h1 class=\"elementor-heading-title elementor-size-default\">RustMagic.com Bewertung <span>- April 2026<\/span><\/h1>\t\t<\/div>\n\t\t\t\t<\/div>\n\t\t\t\t<div class=\"elementor-element elementor-element-c07888b elementor-widget elementor-widget-text-editor\" data-id=\"c07888b\" data-element_type=\"widget\" data-widget_type=\"text-editor.default\">\n\t\t\t\t<div class=\"elementor-widget-container\">\n\t\t\t<style>\/*! elementor - v3.23.0 - 05-08-2024 *\/\n.elementor-widget-text-editor.elementor-drop-cap-view-stacked .elementor-drop-cap{background-color:#69727d;color:#fff}.elementor-widget-text-editor.elementor-drop-cap-view-framed .elementor-drop-cap{color:#69727d;border:3px solid;background-color:transparent}.elementor-widget-text-editor:not(.elementor-drop-cap-view-default) .elementor-drop-cap{margin-top:8px}.elementor-widget-text-editor:not(.elementor-drop-cap-view-default) .elementor-drop-cap-letter{width:1em;height:1em}.elementor-widget-text-editor .elementor-drop-cap{float:left;text-align:center;line-height:1;font-size:50px}.elementor-widget-text-editor .elementor-drop-cap-letter{display:inline-block}<\/style>\t\t\t\t<p>RustMagic ist eine neue Plattform f\u00fcr Wetten mit Rust-Skins, betrieben von EinHaDe, der in der Counter-Strike-Skin-Community f\u00fcr den Betrieb einer Seite namens vLoot bekannt ist, die Giveaways und Verdienstm\u00f6glichkeiten bietet. RustMagic bietet Spielern sechs einzigartige Rust-Skin-Spiele, darunter Case Battles und Upgrader. K\u00fcrzlich hat RustMagic sein Angebot um eine gro\u00dfe Auswahl an Slots und Live-Casino-Spielen von 24 f\u00fchrenden Casino-Spielanbietern erweitert.<\/p>\t\t\t\t\t\t<\/div>\n\t\t\t\t<\/div>\n\t\t\t\t<div class=\"elementor-element elementor-element-d4cb92d elementor-align-left elementor-widget elementor-widget-button\" data-id=\"d4cb92d\" data-element_type=\"widget\" data-widget_type=\"button.default\">\n\t\t\t\t<div class=\"elementor-widget-container\">\n\t\t\t\t\t<div class=\"elementor-button-wrapper\">\n\t\t\t<a class=\"elementor-button elementor-button-link elementor-size-sm\" href=\"https:\/\/rustmagic.com\/r\/promo555\">\n\t\t\t\t\t\t<span class=\"elementor-button-content-wrapper\">\n\t\t\t\t\t\t\t\t\t<span class=\"elementor-button-text\">Bonus erhalten<\/span>\n\t\t\t\t\t<\/span>\n\t\t\t\t\t<\/a>\n\t\t<\/div>\n\t\t\t\t<\/div>\n\t\t\t\t<\/div>\n\t\t\t\t<div class=\"elementor-element elementor-element-9b04eb1 elementor-widget elementor-widget-heading\" data-id=\"9b04eb1\" data-element_type=\"widget\" data-widget_type=\"heading.default\">\n\t\t\t\t<div class=\"elementor-widget-container\">\n\t\t\t<h2 class=\"elementor-heading-title elementor-size-default\">RustMagic Promo-Code: So beanspruchen Sie unseren Free Balance Bonus<\/h2>\t\t<\/div>\n\t\t\t\t<\/div>\n\t\t\t\t<div class=\"elementor-element elementor-element-c11f951 elementor-widget elementor-widget-text-editor\" data-id=\"c11f951\" data-element_type=\"widget\" data-widget_type=\"text-editor.default\">\n\t\t\t\t<div class=\"elementor-widget-container\">\n\t\t\t\t\t\t\t<p class=\"translation-block\">1. Besuchen Sie RustMagic.com \u00fcber unseren bereitgestellten <a style=\"color: #6ec1e4\" href=\"https:\/\/rustmagic.com\/r\/promo555\" target=\"_self\">Link<\/a>.<\/p><p>2. Melden Sie sich bei RustMagic an.<\/p><p>3. Klicken Sie oben rechts auf den blauen \u201eFree Coins\u201c-Button.<\/p><p class=\"translation-block\">4. Geben Sie den Promo-Code ein: <strong>promo555<\/strong><\/p><p>5. Erhalten Sie $0,50 kostenloses Guthaben auf der Plattform.<\/p>\t\t\t\t\t\t<\/div>\n\t\t\t\t<\/div>\n\t\t\t\t<div class=\"elementor-element elementor-element-714e1e5 elementor-align-left elementor-widget elementor-widget-button\" data-id=\"714e1e5\" data-element_type=\"widget\" data-widget_type=\"button.default\">\n\t\t\t\t<div class=\"elementor-widget-container\">\n\t\t\t\t\t<div class=\"elementor-button-wrapper\">\n\t\t\t<a class=\"elementor-button elementor-button-link elementor-size-sm\" href=\"https:\/\/rustmagic.com\/r\/promo555\">\n\t\t\t\t\t\t<span class=\"elementor-button-content-wrapper\">\n\t\t\t\t\t\t\t\t\t<span class=\"elementor-button-text\">Nutzen Sie jetzt unseren RustMagic Promo-Code!<\/span>\n\t\t\t\t\t<\/span>\n\t\t\t\t\t<\/a>\n\t\t<\/div>\n\t\t\t\t<\/div>\n\t\t\t\t<\/div>\n\t\t\t\t<div class=\"elementor-element elementor-element-23f1092 elementor-widget elementor-widget-heading\" data-id=\"23f1092\" data-element_type=\"widget\" data-widget_type=\"heading.default\">\n\t\t\t\t<div class=\"elementor-widget-container\">\n\t\t\t<h2 class=\"elementor-heading-title elementor-size-default\">So erhalten Sie einen RustMagic Bonus-Code<\/h2>\t\t<\/div>\n\t\t\t\t<\/div>\n\t\t\t\t<div class=\"elementor-element elementor-element-9a3dc19 elementor-widget elementor-widget-text-editor\" data-id=\"9a3dc19\" data-element_type=\"widget\" data-widget_type=\"text-editor.default\">\n\t\t\t\t<div class=\"elementor-widget-container\">\n\t\t\t\t\t\t\t<p>Um die besten RustMagic-Codes zu finden, sollten Sie verschiedene Kan\u00e4le durchsuchen, von denen viele Promo-Codes anbieten:<\/p>\t\t\t\t\t\t<\/div>\n\t\t\t\t<\/div>\n\t\t\t\t<div class=\"elementor-element elementor-element-bc02d40 elementor-widget elementor-widget-text-editor\" data-id=\"bc02d40\" data-element_type=\"widget\" data-widget_type=\"text-editor.default\">\n\t\t\t\t<div class=\"elementor-widget-container\">\n\t\t\t\t\t\t\t<p>\u00dcberpr\u00fcfen Sie RustMagic.com auf aktuelle Aktionen.<br \/>Abonnieren Sie ihren Newsletter f\u00fcr exklusive Codes.<br \/>Folgen Sie RustMagic auf sozialen Medien.<br \/>Nehmen Sie an RustMagic-Community-Events oder Gewinnspielen teil.<br \/>Suchen Sie nach Affiliate- oder Partneraktionen.<br \/>Treten Sie RustMagic Discord-Foren oder Nutzergruppen bei.<\/p>\t\t\t\t\t\t<\/div>\n\t\t\t\t<\/div>\n\t\t\t\t<div class=\"elementor-element elementor-element-9590496 elementor-widget elementor-widget-heading\" data-id=\"9590496\" data-element_type=\"widget\" data-widget_type=\"heading.default\">\n\t\t\t\t<div class=\"elementor-widget-container\">\n\t\t\t<h2 class=\"elementor-heading-title elementor-size-default\">Rust Skin Gambling auf RustMagic\n<\/h2>\t\t<\/div>\n\t\t\t\t<\/div>\n\t\t\t\t<div class=\"elementor-element elementor-element-bbe36f2 elementor-widget elementor-widget-text-editor\" data-id=\"bbe36f2\" data-element_type=\"widget\" data-widget_type=\"text-editor.default\">\n\t\t\t\t<div class=\"elementor-widget-container\">\n\t\t\t\t\t\t\t<p>Die Plattform von RustMagic bietet sechs originelle Rust-Spielmodi mit einer benutzerfreundlichen Oberfl\u00e4che. Wir best\u00e4tigen eine sichere und unterhaltsame Spielerfahrung.<\/p><p>RustMagic Case Battles<br \/>Case Battles sind ein Standard-Spielmodus auf jeder Skin-Gambling-Seite. W\u00e4hlen Sie zun\u00e4chst aus, welche Cases Sie \u00f6ffnen m\u00f6chten und wie viele Spieler an der Schlacht teilnehmen k\u00f6nnen. Nachdem Sie einige grundlegende Parameter festgelegt haben, die bestimmen, wie die Schlacht abl\u00e4uft, k\u00f6nnen Sie auf einen Mitspieler warten oder Bots herausfordern.<\/p><p>RustMagic Case Opening<br \/>Case Opening ist ein schnelles und einfaches Case-Opening-Spiel. Jede Case enth\u00e4lt unterschiedliche Items mit verschiedenen Gewinnchancen, zwei Faktoren, die den Preis einer Case bestimmen. Sie k\u00f6nnen Cases nach Risiko-\/Ertragsprofil, Kosten oder Beliebtheit sortieren und ausw\u00e4hlen. Um zu spielen, w\u00e4hlen Sie Ihre gew\u00fcnschte Case aus und klicken Sie auf \u201eOpen\u201c.<\/p><p>RustMagic Flipper<br \/>Flipper ist RustMagics Interpretation von Coinflip, einem klassischen High-Stakes-Skin-Gambling-Modus. Durch das Werfen einer virtuellen M\u00fcnze treten Sie gegen einen anderen Spieler um dessen Skins an. Falls kein Mitspieler gefunden wird \u2013 was auf dieser Seite eher die Regel als die Ausnahme ist \u2013, k\u00f6nnen Sie RustMagics Spielbot herausfordern.<\/p><p>RustMagic Upgrader<br \/>Beim Upgrader spielen Sie gegen das Haus. W\u00e4hlen Sie Ihren gew\u00fcnschten Einsatzbetrag und einen Multiplikator, um das entsprechende upgradef\u00e4hige Item automatisch festzulegen. Alternativ k\u00f6nnen Sie im RustMagic-Shop st\u00f6bern und ein Item manuell ausw\u00e4hlen.<\/p><p>RustMagic Mines<br \/>RustMagic Mines ist ein spannendes Spiel, bei dem hohes Risiko hohe Belohnungen bringt. Sie w\u00e4hlen die Anzahl der Minen in einem Minenfeld mit 25 Feldern und starten das Spiel. Je mehr sichere Felder Sie treffen, desto h\u00f6her steigt Ihr Multiplikator \u2013 mit entsprechend steigender Spannung und Belohnung.<\/p><p>RustMagic Magic Wheel<br \/>Das Magic Wheel von RustMagic ist ein roulette\u00e4hnliches Spiel, das etwa alle zwei Minuten rollt. Sie haben etwa 15 Sekunden Zeit, um Ihre Wetten zu platzieren. Stoppt das Rad auf Rot oder Schwarz, betr\u00e4gt Ihr Multiplikator 2. Stoppt es auf Gr\u00fcn, betr\u00e4gt er 14.<\/p>\t\t\t\t\t\t<\/div>\n\t\t\t\t<\/div>\n\t\t\t\t<div class=\"elementor-element elementor-element-595560e elementor-widget elementor-widget-heading\" data-id=\"595560e\" data-element_type=\"widget\" data-widget_type=\"heading.default\">\n\t\t\t\t<div class=\"elementor-widget-container\">\n\t\t\t<h2 class=\"elementor-heading-title elementor-size-default\">Slots und Live-Casino-Spiele<\/h2>\t\t<\/div>\n\t\t\t\t<\/div>\n\t\t\t\t<div class=\"elementor-element elementor-element-d856c47 elementor-widget elementor-widget-text-editor\" data-id=\"d856c47\" data-element_type=\"widget\" data-widget_type=\"text-editor.default\">\n\t\t\t\t<div class=\"elementor-widget-container\">\n\t\t\t\t\t\t\t<p>Die Online-Casinospiele auf RustMagic decken das gesamte Spektrum ab, einschlie\u00dflich Klassiker wie Slots, Blackjack, Roulette, Baccarat, Game Shows und Live-Spiele. Die Spielebibliothek von RustMagic umfasst gro\u00dfe Hits wie Sweet Bonanza, Gates of Olympus, Sugar Rush, Wanted Dead or a Wild, Dork Unit, Ankh of Anubis, Honey Rush, Book of Shadows und viele mehr.<\/p><p>RustMagic bietet mehr als 2.000 Casino-Spiele von den besten Anbietern der Branche, darunter: 3 Oaks Gaming (83 Titel), Avatar UX (22), Backseta Gaming (7), BGaming (128), Blueprint Gaming (145), Booongo (55), Endorphina (149), Fantasma Games (12), Fugaso (45), Habanero (100), Hacksaw Gaming (127), Jade Rabbit Studio (4), Mancala Gaming (53), Nolimit City (90), PGSoft (117), Playson (40), Pragmatic Play (365), Pragmatic Play Live (206), RubyPlay (97), Slotmill (29), Smartsoft Gaming (38), Spinomenal (290), Thunderkick (70), Wazdan (235).<\/p><p>Die Beliebtheit von Slots basiert allgemein auf einfachen Regeln und Spielmechaniken, die den Einstieg erleichtern. Um das Gameplay spannend zu halten, verf\u00fcgen sie \u00fcber verschiedene Features, die f\u00fcr Abwechslung sorgen, z. B. Anzahl der Walzen, mehrere Gewinnlinien, Pay Anywhere, Wilds, Scatters, Bonusk\u00e4ufe, kaskadierende Walzen, Multiplikatoren, Freispiele, Megaways und mehr.<\/p>\t\t\t\t\t\t<\/div>\n\t\t\t\t<\/div>\n\t\t\t\t<div class=\"elementor-element elementor-element-f96e1cf elementor-widget elementor-widget-heading\" data-id=\"f96e1cf\" data-element_type=\"widget\" data-widget_type=\"heading.default\">\n\t\t\t\t<div class=\"elementor-widget-container\">\n\t\t\t<h2 class=\"elementor-heading-title elementor-size-default\">Welche Bedingungen gelten f\u00fcr RustMagic Codes?<\/h2>\t\t<\/div>\n\t\t\t\t<\/div>\n\t\t\t\t<div class=\"elementor-element elementor-element-0e5f005 elementor-widget elementor-widget-text-editor\" data-id=\"0e5f005\" data-element_type=\"widget\" data-widget_type=\"text-editor.default\">\n\t\t\t\t<div class=\"elementor-widget-container\">\n\t\t\t\t\t\t\t<p>Die Nutzung von RustMagic Promo-Codes unterliegt bestimmten Anforderungen. Beachten Sie Folgendes, wenn Sie sie einl\u00f6sen:<\/p>\t\t\t\t\t\t<\/div>\n\t\t\t\t<\/div>\n\t\t\t\t<div class=\"elementor-element elementor-element-9cef7ad elementor-widget elementor-widget-text-editor\" data-id=\"9cef7ad\" data-element_type=\"widget\" data-widget_type=\"text-editor.default\">\n\t\t\t\t<div class=\"elementor-widget-container\">\n\t\t\t\t\t\t\t<p>Nutzer m\u00fcssen mindestens 18 Jahre alt sein.<br \/>Ein g\u00fcltiges und verifiziertes RustMagic-Konto ist erforderlich.<br \/>Promo-Codes k\u00f6nnen nur einmal pro Konto verwendet werden.<br \/>Codes haben m\u00f6glicherweise ein Ablaufdatum und m\u00fcssen vor Ablauf eingel\u00f6st werden.<br \/>Einige Codes sind nur f\u00fcr bestimmte Spiele oder Dienste auf der Plattform g\u00fcltig.<br \/>Der Code muss beim Checkout korrekt eingegeben werden.<br \/>Zus\u00e4tzliche Bedingungen k\u00f6nnen gelten, die in den Details zum Promo-Code angegeben sind.<\/p>\t\t\t\t\t\t<\/div>\n\t\t\t\t<\/div>\n\t\t\t\t\t<\/div>\n\t\t\t\t<\/div>\n\t\t<div class=\"elementor-element elementor-element-997cf5c e-flex e-con-boxed e-con e-parent\" data-id=\"997cf5c\" data-element_type=\"container\">\n\t\t\t\t\t<div class=\"e-con-inner\">\n\t\t\t\t<div class=\"elementor-element elementor-element-d16c983 elementor-widget elementor-widget-shortcode\" data-id=\"d16c983\" data-element_type=\"widget\" data-widget_type=\"shortcode.default\">\n\t\t\t\t<div class=\"elementor-widget-container\">\n\t\t\t\t\t<div class=\"elementor-shortcode\"><div class=\"alternative-sites\"><h2>Beste Alternativen zu casinopathfinder.com<\/h2><div class=\"sites-cards-container\">                <div class=\"site-card\">\n                    <div class='site-card-header-wrapper'>\n                                                <div class='site-logo-wrapper'>\n                                <img decoding=\"async\" class=\"site-logo\" src=\"https:\/\/casinopathfinder.com\/wp-content\/uploads\/2024\/09\/bandit-camp-logo.png\" alt=\"bandit.camp\">\n                        <\/div>\n                                                <div class=\"site-card-header-right-wrapper\">\n                            <h3 class=\"site-name\">bandit.camp<\/h3>\n                            <div class=\"site-rating\"><span class=\"star filled\">&#9733;<\/span><span class=\"star filled\">&#9733;<\/span><span class=\"star filled\">&#9733;<\/span><span class=\"star filled\">&#9733;<\/span><span class=\"star filled\">&#9733;<\/span><\/div>\n                        <\/div>\n                    <\/div>\n                    <p class=\"site-description\">Aktiviere Promo-Code und erhalte $0.15 kostenlos f\u00fcr die Anmeldung +5% BONUS auf Einzahlung<\/p>\n                    <div class=\"buttons-container\">\n                        <a class=\"site-card-button\" href=\"https:\/\/casinopathfinder.com\/de\/bandit-camp-bewertung\/\" target=\"\">Bewertung lesen<\/a>\n                        <a class=\"site-card-button reward\" href=\"https:\/\/bandit.camp\/r\/promo555\" target=\"_blank\" rel=\"noopener noreferrer\">Bonus einl\u00f6sen<\/a>\n                    <\/div>\n                <\/div>\n                            <div class=\"site-card\">\n                    <div class='site-card-header-wrapper'>\n                                                <div class='site-logo-wrapper'>\n                                <img decoding=\"async\" class=\"site-logo\" src=\"https:\/\/casinopathfinder.com\/wp-content\/uploads\/2024\/09\/rustclash.png\" alt=\"rustclash.com\">\n                        <\/div>\n                                                <div class=\"site-card-header-right-wrapper\">\n                            <h3 class=\"site-name\">rustclash.com<\/h3>\n                            <div class=\"site-rating\"><span class=\"star filled\">&#9733;<\/span><span class=\"star filled\">&#9733;<\/span><span class=\"star filled\">&#9733;<\/span><span class=\"star filled\">&#9733;<\/span><span class=\"star filled\">&#9733;<\/span><\/div>\n                        <\/div>\n                    <\/div>\n                    <p class=\"site-description\">Schalte eine 24-Stunden-t\u00e4gliche Free Case + Rakeback frei<\/p>\n                    <div class=\"buttons-container\">\n                        <a class=\"site-card-button\" href=\"https:\/\/casinopathfinder.com\/de\/rustclash-com-bewertung\/\" target=\"\">Bewertung lesen<\/a>\n                        <a class=\"site-card-button reward\" href=\"https:\/\/rustclash.com\/r\/PROMO555\" target=\"_blank\" rel=\"noopener noreferrer\">Bonus einl\u00f6sen<\/a>\n                    <\/div>\n                <\/div>\n                            <div class=\"site-card\">\n                    <div class='site-card-header-wrapper'>\n                                                <div class='site-logo-wrapper'>\n                                <img decoding=\"async\" class=\"site-logo\" src=\"https:\/\/casinopathfinder.com\/wp-content\/uploads\/2024\/09\/skinbet-logo4.png\" alt=\"skinbet.gg\">\n                        <\/div>\n                                                <div class=\"site-card-header-right-wrapper\">\n                            <h3 class=\"site-name\">skinbet.gg<\/h3>\n                            <div class=\"site-rating\"><span class=\"star filled\">&#9733;<\/span><span class=\"star filled\">&#9733;<\/span><span class=\"star filled\">&#9733;<\/span><span class=\"star filled\">&#9733;<\/span><span class=\"star\">&#9734;<\/span><\/div>\n                        <\/div>\n                    <\/div>\n                    <p class=\"site-description\">Erhalte +5 % mehr auf alle Einzahlungen<\/p>\n                    <div class=\"buttons-container\">\n                        <a class=\"site-card-button\" href=\"https:\/\/casinopathfinder.com\/de\/skinbet-com-bewertung\/\" target=\"\">Bewertung lesen<\/a>\n                        <a class=\"site-card-button reward\" href=\"https:\/\/skinbet.gg\/r\/promo555\" target=\"_blank\" rel=\"noopener noreferrer\">Bonus einl\u00f6sen<\/a>\n                    <\/div>\n                <\/div>\n                            <div class=\"site-card\">\n                    <div class='site-card-header-wrapper'>\n                                                <div class='site-logo-wrapper'>\n                                <img decoding=\"async\" class=\"site-logo\" src=\"https:\/\/casinopathfinder.com\/wp-content\/uploads\/2024\/09\/rustly-logo-svg.webp\" alt=\"Rustly.com\">\n                        <\/div>\n                                                <div class=\"site-card-header-right-wrapper\">\n                            <h3 class=\"site-name\">Rustly.com<\/h3>\n                            <div class=\"site-rating\"><span class=\"star filled\">&#9733;<\/span><span class=\"star filled\">&#9733;<\/span><span class=\"star filled\">&#9733;<\/span><span class=\"star half\">&#9734;<\/span><span class=\"star\">&#9734;<\/span><\/div>\n                        <\/div>\n                    <\/div>\n                    <p class=\"site-description\">5 kostenlose Willkommens-Cases-\u00d6ffnungen<\/p>\n                    <div class=\"buttons-container\">\n                        <a class=\"site-card-button\" href=\"https:\/\/casinopathfinder.com\/de\/rustly-com-bewertung\/\" target=\"\">Bewertung lesen<\/a>\n                        <a class=\"site-card-button reward\" href=\"https:\/\/rustly.com\/r\/PROMO555\" target=\"_blank\" rel=\"noopener noreferrer\">Bonus einl\u00f6sen<\/a>\n                    <\/div>\n                <\/div>\n                            <div class=\"site-card\">\n                    <div class='site-card-header-wrapper'>\n                                                <div class='site-logo-wrapper'>\n                                <img decoding=\"async\" class=\"site-logo\" src=\"https:\/\/casinopathfinder.com\/wp-content\/uploads\/2024\/09\/ruststake-logo.png\" alt=\"ruststake.com\">\n                        <\/div>\n                                                <div class=\"site-card-header-right-wrapper\">\n                            <h3 class=\"site-name\">ruststake.com<\/h3>\n                            <div class=\"site-rating\"><span class=\"star filled\">&#9733;<\/span><span class=\"star filled\">&#9733;<\/span><span class=\"star filled\">&#9733;<\/span><span class=\"star half\">&#9734;<\/span><span class=\"star\">&#9734;<\/span><\/div>\n                        <\/div>\n                    <\/div>\n                    <p class=\"site-description\">Erhalte ein kostenloses Rust Skin<\/p>\n                    <div class=\"buttons-container\">\n                        <a class=\"site-card-button\" href=\"https:\/\/casinopathfinder.com\/de\/ruststake-com-bewertung\/\" target=\"\">Bewertung lesen<\/a>\n                        <a class=\"site-card-button reward\" href=\"https:\/\/ruststake.com\/r\/promo555\" target=\"_blank\" rel=\"noopener noreferrer\">Bonus einl\u00f6sen<\/a>\n                    <\/div>\n                <\/div>\n            <\/div><\/div><\/div>\n\t\t\t\t<\/div>\n\t\t\t\t<\/div>\n\t\t\t\t\t<\/div>\n\t\t\t\t<\/div>\n\t\t\t\t<\/div>","protected":false},"excerpt":{"rendered":"<p>RustMagic.com review &#8211; RustMagic is a new platform for betting with Rust skins, operated by EinHaDe, who\u2019s known in the Counter-Strike skin community for running a site called vLoot that offers giveaways and earnings. RustMagic brings players six unique Rust skin games, including Case Battles and Upgrader. Recently, RustMagic expanded its offerings with a broad [&hellip;]<\/p>","protected":false},"author":1,"featured_media":3805,"parent":0,"menu_order":0,"comment_status":"closed","ping_status":"closed","template":"","meta":{"_acf_changed":false,"footnotes":""},"class_list":["post-3337","page","type-page","status-publish","has-post-thumbnail","hentry"],"acf":[],"_links":{"self":[{"href":"https:\/\/casinopathfinder.com\/de\/wp-json\/wp\/v2\/pages\/3337","targetHints":{"allow":["GET"]}}],"collection":[{"href":"https:\/\/casinopathfinder.com\/de\/wp-json\/wp\/v2\/pages"}],"about":[{"href":"https:\/\/casinopathfinder.com\/de\/wp-json\/wp\/v2\/types\/page"}],"author":[{"embeddable":true,"href":"https:\/\/casinopathfinder.com\/de\/wp-json\/wp\/v2\/users\/1"}],"replies":[{"embeddable":true,"href":"https:\/\/casinopathfinder.com\/de\/wp-json\/wp\/v2\/comments?post=3337"}],"version-history":[{"count":11,"href":"https:\/\/casinopathfinder.com\/de\/wp-json\/wp\/v2\/pages\/3337\/revisions"}],"predecessor-version":[{"id":4375,"href":"https:\/\/casinopathfinder.com\/de\/wp-json\/wp\/v2\/pages\/3337\/revisions\/4375"}],"wp:featuredmedia":[{"embeddable":true,"href":"https:\/\/casinopathfinder.com\/de\/wp-json\/wp\/v2\/media\/3805"}],"wp:attachment":[{"href":"https:\/\/casinopathfinder.com\/de\/wp-json\/wp\/v2\/media?parent=3337"}],"curies":[{"name":"wp","href":"https:\/\/api.w.org\/{rel}","templated":true}]}}