{"id":3345,"date":"2024-10-10T10:16:30","date_gmt":"2024-10-10T10:16:30","guid":{"rendered":"https:\/\/casinopathfinder.com\/?page_id=3345"},"modified":"2025-03-12T11:37:56","modified_gmt":"2025-03-12T11:37:56","slug":"rustclash-com-review","status":"publish","type":"page","link":"https:\/\/casinopathfinder.com\/de\/rustclash-com-bewertung\/","title":{"rendered":"Rustclash.com Bewertung"},"content":{"rendered":"<div data-elementor-type=\"wp-page\" data-elementor-id=\"3345\" class=\"elementor elementor-3345\">\n\t\t\t\t<div class=\"elementor-element elementor-element-855e785 e-flex e-con-boxed e-con e-parent\" data-id=\"855e785\" data-element_type=\"container\">\n\t\t\t\t\t<div class=\"e-con-inner\">\n\t\t\t\t<div class=\"elementor-element elementor-element-626c933 elementor-widget elementor-widget-heading\" data-id=\"626c933\" data-element_type=\"widget\" data-widget_type=\"heading.default\">\n\t\t\t\t<div class=\"elementor-widget-container\">\n\t\t\t<style>\/*! elementor - v3.23.0 - 05-08-2024 *\/\n.elementor-heading-title{padding:0;margin:0;line-height:1}.elementor-widget-heading .elementor-heading-title[class*=elementor-size-]>a{color:inherit;font-size:inherit;line-height:inherit}.elementor-widget-heading .elementor-heading-title.elementor-size-small{font-size:15px}.elementor-widget-heading .elementor-heading-title.elementor-size-medium{font-size:19px}.elementor-widget-heading .elementor-heading-title.elementor-size-large{font-size:29px}.elementor-widget-heading .elementor-heading-title.elementor-size-xl{font-size:39px}.elementor-widget-heading .elementor-heading-title.elementor-size-xxl{font-size:59px}<\/style><h1 class=\"elementor-heading-title elementor-size-default\">Rustclash.com Bewertung <span>- Mai 2026<\/span>\n<\/h1>\t\t<\/div>\n\t\t\t\t<\/div>\n\t\t\t\t<div class=\"elementor-element elementor-element-10fd77e elementor-widget elementor-widget-text-editor\" data-id=\"10fd77e\" data-element_type=\"widget\" data-widget_type=\"text-editor.default\">\n\t\t\t\t<div class=\"elementor-widget-container\">\n\t\t\t<style>\/*! elementor - v3.23.0 - 05-08-2024 *\/\n.elementor-widget-text-editor.elementor-drop-cap-view-stacked .elementor-drop-cap{background-color:#69727d;color:#fff}.elementor-widget-text-editor.elementor-drop-cap-view-framed .elementor-drop-cap{color:#69727d;border:3px solid;background-color:transparent}.elementor-widget-text-editor:not(.elementor-drop-cap-view-default) .elementor-drop-cap{margin-top:8px}.elementor-widget-text-editor:not(.elementor-drop-cap-view-default) .elementor-drop-cap-letter{width:1em;height:1em}.elementor-widget-text-editor .elementor-drop-cap{float:left;text-align:center;line-height:1;font-size:50px}.elementor-widget-text-editor .elementor-drop-cap-letter{display:inline-block}<\/style>\t\t\t\t<p>Rustclash ist eine Skin- und Krypto-Gambling-Plattform, die speziell f\u00fcr die Rust-Gamer-Community entwickelt wurde. Sie ist f\u00fchrend im Bereich Rust-Skin-Gambling und konzentriert sich daher auf eine ausgew\u00e4hlte Anzahl origineller Spiele, die auf Rust-Skins basieren \u2013 virtuellen In-Game-Gegenst\u00e4nden aus dem Videospiel Rust.<\/p>\t\t\t\t\t\t<\/div>\n\t\t\t\t<\/div>\n\t\t\t\t<div class=\"elementor-element elementor-element-c0ebad6 elementor-align-left elementor-widget elementor-widget-button\" data-id=\"c0ebad6\" data-element_type=\"widget\" data-widget_type=\"button.default\">\n\t\t\t\t<div class=\"elementor-widget-container\">\n\t\t\t\t\t<div class=\"elementor-button-wrapper\">\n\t\t\t<a class=\"elementor-button elementor-button-link elementor-size-sm\" href=\"https:\/\/rustclash.com\/r\/PROMO555\">\n\t\t\t\t\t\t<span class=\"elementor-button-content-wrapper\">\n\t\t\t\t\t\t\t\t\t<span class=\"elementor-button-text\">Bonus erhalten<\/span>\n\t\t\t\t\t<\/span>\n\t\t\t\t\t<\/a>\n\t\t<\/div>\n\t\t\t\t<\/div>\n\t\t\t\t<\/div>\n\t\t\t\t<div class=\"elementor-element elementor-element-a762b4e elementor-widget elementor-widget-heading\" data-id=\"a762b4e\" data-element_type=\"widget\" data-widget_type=\"heading.default\">\n\t\t\t\t<div class=\"elementor-widget-container\">\n\t\t\t<h2 class=\"elementor-heading-title elementor-size-default\">Wie beansprucht man den RustClash-Affiliate-Code?<\/h2>\t\t<\/div>\n\t\t\t\t<\/div>\n\t\t\t\t<div class=\"elementor-element elementor-element-a462938 elementor-widget elementor-widget-text-editor\" data-id=\"a462938\" data-element_type=\"widget\" data-widget_type=\"text-editor.default\">\n\t\t\t\t<div class=\"elementor-widget-container\">\n\t\t\t\t\t\t\t<p>1. Melde dich mit deinem Steam-Konto auf RustClash.com an<\/p>\t\t\t\t\t\t<\/div>\n\t\t\t\t<\/div>\n\t\t\t\t<div class=\"elementor-element elementor-element-82c33b0 elementor-widget elementor-widget-image\" data-id=\"82c33b0\" data-element_type=\"widget\" data-widget_type=\"image.default\">\n\t\t\t\t<div class=\"elementor-widget-container\">\n\t\t\t<style>\/*! elementor - v3.23.0 - 05-08-2024 *\/\n.elementor-widget-image{text-align:center}.elementor-widget-image a{display:inline-block}.elementor-widget-image a img[src$=\".svg\"]{width:48px}.elementor-widget-image img{vertical-align:middle;display:inline-block}<\/style>\t\t\t\t\t\t\t\t\t\t<img fetchpriority=\"high\" decoding=\"async\" width=\"800\" height=\"388\" src=\"https:\/\/casinopathfinder.com\/wp-content\/uploads\/2024\/09\/rustclash-review-bg1-1024x497.webp\" class=\"attachment-large size-large wp-image-1135\" alt=\"RustClash Review\" srcset=\"https:\/\/casinopathfinder.com\/wp-content\/uploads\/2024\/09\/rustclash-review-bg1-1024x497.webp 1024w, https:\/\/casinopathfinder.com\/wp-content\/uploads\/2024\/09\/rustclash-review-bg1-300x146.webp 300w, https:\/\/casinopathfinder.com\/wp-content\/uploads\/2024\/09\/rustclash-review-bg1-768x373.webp 768w, https:\/\/casinopathfinder.com\/wp-content\/uploads\/2024\/09\/rustclash-review-bg1-1536x746.webp 1536w, https:\/\/casinopathfinder.com\/wp-content\/uploads\/2024\/09\/rustclash-review-bg1.webp 1600w\" sizes=\"(max-width: 800px) 100vw, 800px\" \/>\t\t\t\t\t\t\t\t\t\t\t\t\t<\/div>\n\t\t\t\t<\/div>\n\t\t\t\t<div class=\"elementor-element elementor-element-fa9205b elementor-widget elementor-widget-text-editor\" data-id=\"fa9205b\" data-element_type=\"widget\" data-widget_type=\"text-editor.default\">\n\t\t\t\t<div class=\"elementor-widget-container\">\n\t\t\t\t\t\t\t<p class=\"translation-block\">2. Klicke auf \"<strong>Rewards<\/strong>\" und finde \"<strong>Redeem a Code<\/strong>\"<\/p>\t\t\t\t\t\t<\/div>\n\t\t\t\t<\/div>\n\t\t\t\t<div class=\"elementor-element elementor-element-0a53cae elementor-widget elementor-widget-image\" data-id=\"0a53cae\" data-element_type=\"widget\" data-widget_type=\"image.default\">\n\t\t\t\t<div class=\"elementor-widget-container\">\n\t\t\t\t\t\t\t\t\t\t\t\t\t<img decoding=\"async\" width=\"800\" height=\"185\" src=\"https:\/\/casinopathfinder.com\/wp-content\/uploads\/2024\/09\/rustclash-review-bg2-1024x237.webp\" class=\"attachment-large size-large wp-image-1137\" alt=\"RustClash Review\" srcset=\"https:\/\/casinopathfinder.com\/wp-content\/uploads\/2024\/09\/rustclash-review-bg2-1024x237.webp 1024w, https:\/\/casinopathfinder.com\/wp-content\/uploads\/2024\/09\/rustclash-review-bg2-300x70.webp 300w, https:\/\/casinopathfinder.com\/wp-content\/uploads\/2024\/09\/rustclash-review-bg2-768x178.webp 768w, https:\/\/casinopathfinder.com\/wp-content\/uploads\/2024\/09\/rustclash-review-bg2-1536x356.webp 1536w, https:\/\/casinopathfinder.com\/wp-content\/uploads\/2024\/09\/rustclash-review-bg2.webp 1600w\" sizes=\"(max-width: 800px) 100vw, 800px\" \/>\t\t\t\t\t\t\t\t\t\t\t\t\t<\/div>\n\t\t\t\t<\/div>\n\t\t\t\t<div class=\"elementor-element elementor-element-06ea37e elementor-widget elementor-widget-text-editor\" data-id=\"06ea37e\" data-element_type=\"widget\" data-widget_type=\"text-editor.default\">\n\t\t\t\t<div class=\"elementor-widget-container\">\n\t\t\t\t\t\t\t<p class=\"translation-block\">3. Gib den Code \u2013 \u201e<strong>PROMO555<\/strong>\u201c in das Feld \"<strong>Redeem a Code<\/strong>\" ein<\/p>\t\t\t\t\t\t<\/div>\n\t\t\t\t<\/div>\n\t\t\t\t<div class=\"elementor-element elementor-element-379d607 elementor-widget elementor-widget-image\" data-id=\"379d607\" data-element_type=\"widget\" data-widget_type=\"image.default\">\n\t\t\t\t<div class=\"elementor-widget-container\">\n\t\t\t\t\t\t\t\t\t\t\t\t\t<img decoding=\"async\" width=\"800\" height=\"544\" src=\"https:\/\/casinopathfinder.com\/wp-content\/uploads\/2024\/09\/rustclash-review-bg3-1024x696.webp\" class=\"attachment-large size-large wp-image-1138\" alt=\"RustClash Review\" srcset=\"https:\/\/casinopathfinder.com\/wp-content\/uploads\/2024\/09\/rustclash-review-bg3-1024x696.webp 1024w, https:\/\/casinopathfinder.com\/wp-content\/uploads\/2024\/09\/rustclash-review-bg3-300x204.webp 300w, https:\/\/casinopathfinder.com\/wp-content\/uploads\/2024\/09\/rustclash-review-bg3-768x522.webp 768w, https:\/\/casinopathfinder.com\/wp-content\/uploads\/2024\/09\/rustclash-review-bg3.webp 1366w\" sizes=\"(max-width: 800px) 100vw, 800px\" \/>\t\t\t\t\t\t\t\t\t\t\t\t\t<\/div>\n\t\t\t\t<\/div>\n\t\t\t\t<div class=\"elementor-element elementor-element-d370b3c elementor-widget elementor-widget-text-editor\" data-id=\"d370b3c\" data-element_type=\"widget\" data-widget_type=\"text-editor.default\">\n\t\t\t\t<div class=\"elementor-widget-container\">\n\t\t\t\t\t\t\t<p class=\"translation-block\">4. Klicke auf \"<strong>Redeem<\/strong>\" und schalte 24 Stunden lang eine t\u00e4gliche kostenlose Case + Rakeback frei<\/p>\t\t\t\t\t\t<\/div>\n\t\t\t\t<\/div>\n\t\t\t\t<div class=\"elementor-element elementor-element-cc4dec5 elementor-widget elementor-widget-image\" data-id=\"cc4dec5\" data-element_type=\"widget\" data-widget_type=\"image.default\">\n\t\t\t\t<div class=\"elementor-widget-container\">\n\t\t\t\t\t\t\t\t\t\t\t\t\t<img loading=\"lazy\" decoding=\"async\" width=\"800\" height=\"409\" src=\"https:\/\/casinopathfinder.com\/wp-content\/uploads\/2024\/09\/rustclash-review-bg4-1024x523.webp\" class=\"attachment-large size-large wp-image-1139\" alt=\"RustClash Review\" srcset=\"https:\/\/casinopathfinder.com\/wp-content\/uploads\/2024\/09\/rustclash-review-bg4-1024x523.webp 1024w, https:\/\/casinopathfinder.com\/wp-content\/uploads\/2024\/09\/rustclash-review-bg4-300x153.webp 300w, https:\/\/casinopathfinder.com\/wp-content\/uploads\/2024\/09\/rustclash-review-bg4-768x392.webp 768w, https:\/\/casinopathfinder.com\/wp-content\/uploads\/2024\/09\/rustclash-review-bg4.webp 1091w\" sizes=\"(max-width: 800px) 100vw, 800px\" \/>\t\t\t\t\t\t\t\t\t\t\t\t\t<\/div>\n\t\t\t\t<\/div>\n\t\t\t\t<div class=\"elementor-element elementor-element-7c7e12c elementor-align-left elementor-widget elementor-widget-button\" data-id=\"7c7e12c\" data-element_type=\"widget\" data-widget_type=\"button.default\">\n\t\t\t\t<div class=\"elementor-widget-container\">\n\t\t\t\t\t<div class=\"elementor-button-wrapper\">\n\t\t\t<a class=\"elementor-button elementor-button-link elementor-size-sm\" href=\"https:\/\/rustclash.com\/r\/PROMO555\">\n\t\t\t\t\t\t<span class=\"elementor-button-content-wrapper\">\n\t\t\t\t\t\t\t\t\t<span class=\"elementor-button-text\">Nutze jetzt unseren Rustclash Promo Code<\/span>\n\t\t\t\t\t<\/span>\n\t\t\t\t\t<\/a>\n\t\t<\/div>\n\t\t\t\t<\/div>\n\t\t\t\t<\/div>\n\t\t\t\t<div class=\"elementor-element elementor-element-5a38cfd elementor-widget elementor-widget-heading\" data-id=\"5a38cfd\" data-element_type=\"widget\" data-widget_type=\"heading.default\">\n\t\t\t\t<div class=\"elementor-widget-container\">\n\t\t\t<h2 class=\"elementor-heading-title elementor-size-default\">Rewards, Rakeback und VIPs auf Rustclash\n<\/h2>\t\t<\/div>\n\t\t\t\t<\/div>\n\t\t\t\t<div class=\"elementor-element elementor-element-fa22b5b elementor-widget elementor-widget-text-editor\" data-id=\"fa22b5b\" data-element_type=\"widget\" data-widget_type=\"text-editor.default\">\n\t\t\t\t<div class=\"elementor-widget-container\">\n\t\t\t\t\t\t\t<p>Alle Spiele auf der RustClash-Seite sind Originale mit einem einzigartigen Look und Gef\u00fchl, was diese Seite zu einem klassischen Rust-Skin-Gambling-Erlebnis macht. Mit Blick auf die Zukunft ist RustClash bestrebt, sein Spieleangebot kontinuierlich zu innovieren und zu erweitern, um das Benutzererlebnis zu verbessern.<\/p><p><strong>Battles<\/strong><br \/>\u201eBattles\u201c ist Rustclashs PvP-Case-Opening-Spiel, das mittlerweile ein Standard-Spielmodus f\u00fcr alle Skin-Gambling-Seiten ist. Spieler haben die M\u00f6glichkeit, gegen einen oder mehrere andere Spieler anzutreten oder den Bot \"Clashy\" herauszufordern.<\/p><p>RustClash bietet verschiedene M\u00f6glichkeiten zur Konfiguration von Battles, darunter regul\u00e4re, Team- und Gruppenmodi. Spieler k\u00f6nnen au\u00dferdem den Crazy Mode, Terminal oder private Matches w\u00e4hlen. \"Clash Spin\" sorgt f\u00fcr zus\u00e4tzlichen Nervenkitzel, da er besonders seltene Skins in einem zus\u00e4tzlichen Spin enth\u00fcllt. Auf RustClash kannst du auch mit einem Klick dein Battle erneut erstellen \u2013 eine Funktion, die erstmals von Bandit.camp in die Rust-Szene eingef\u00fchrt wurde \u2013 oder Battles finanzieren.<\/p><p>Es ist offensichtlich, dass dieser fr\u00fche Vorreiter Battles im Laufe der Zeit weiterentwickelt hat, indem er neue Features hinzuf\u00fcgte, um seine Spielerbasis zu binden.<\/p><p><strong>Cases<\/strong><br \/>Der \u201eCases\u201c-Spielmodus erm\u00f6glicht es Spielern, Cases mit Rust-Skins zu \u00f6ffnen (\u201eunboxen\u201c). Die Kosten einer Case h\u00e4ngen von den enthaltenen Skins ab, insbesondere von deren Wert und den Gewinnchancen f\u00fcr bestimmte Skins. Die Preisspanne reicht von wenigen Cent bis zu Tausenden von Dollar.<\/p><p>Auf RustClash k\u00f6nnen Spieler Cases aus der Auswahl offizieller Cases (\u201eOfficial\u201c) oder aus einer Sammlung nutzergenerierter Cases (\u201eCommunity\u201c) w\u00e4hlen. Mit dem Case Creator-Tool k\u00f6nnen Spieler ihre eigenen individuellen Cases erstellen \u2013 es gibt bereits Zehntausende davon. Um sie besser zu organisieren, k\u00f6nnen Spieler sie nach verschiedenen Kriterien sortieren und ihre Favoriten markieren. Als besonderes Extra k\u00f6nnen Case-Ersteller bis zu 3 % des Case-Preises verdienen, wenn andere Spieler ihre Cases \u00f6ffnen.<\/p><p><strong>Upgrader<\/strong><br \/>Upgrader ist ein weiteres klassisches Feature in der Welt des Skin-Gamblings. Spieler w\u00e4hlen den Skin aus dem RustClash-Shop, auf den sie upgraden m\u00f6chten. Anschlie\u00dfend entscheiden sie, ob sie eine bestimmte Anzahl von Gems aus ihrem verf\u00fcgbaren Guthaben setzen oder stattdessen die gew\u00fcnschten Erfolgschancen f\u00fcr das Upgrade einstellen m\u00f6chten. Schlie\u00dflich m\u00fcssen sie noch w\u00e4hlen, ob sie \u201eroll over\u201c oder \u201eroll under\u201c spielen, bevor sie ihr Upgrade versuchen.<\/p><p><strong>Roulette<\/strong><br \/>RustClashs Version von Roulette ist recht simpel. Spieler k\u00f6nnen etwa alle zwei Minuten an einem Roulette-Spiel teilnehmen. Sie haben 20 Sekunden Zeit, um zu entscheiden, wo sie ihre Gems setzen \u2013 m\u00f6gliche Gewinnmultiplikatoren sind 2, 7 und 14. Eine \u201eTriple Bonus\u201c-Funktion sorgt f\u00fcr zus\u00e4tzliche Spannung. Ein kleiner Prozentsatz der Eins\u00e4tze jeder Runde flie\u00dft in diesen Bonus-Pot und wird an die Spieler ausgesch\u00fcttet, falls dreimal hintereinander eine 14x-Zahl f\u00e4llt. Spieler k\u00f6nnen die Bonus-Historie \u00fcberpr\u00fcfen, sehen, wie das Pot-Geld verteilt wurde und an welche Spieler es ging.<\/p><p><strong>Other Games<\/strong><br \/>Neben den Skin-Spielen bietet RustClash klassische Casino-\u00e4hnliche Spiele wie Dice, Mines und Plinko. Obwohl diese Spiele keinen direkten Bezug zu Rust-Skin-Gambling haben, \u00fcberzeugen sie durch ihre universelle Anziehungskraft und saubere Umsetzung auf dieser Plattform.<\/p><p>Bemerkenswert ist, dass Plinko auf RustClash einen extrem hohen Gewinnmultiplikator von 10.000x bietet! Du musst nur B\u00e4lle von der Spitze des Plinko-Pyramidenbretts fallen lassen und hoffen, dass sie in den 10.000x-Preisf\u00e4chern landen. Einfacher gesagt als getan \u2013 viel Gl\u00fcck!<\/p>\t\t\t\t\t\t<\/div>\n\t\t\t\t<\/div>\n\t\t\t\t<div class=\"elementor-element elementor-element-6dd517e elementor-widget elementor-widget-heading\" data-id=\"6dd517e\" data-element_type=\"widget\" data-widget_type=\"heading.default\">\n\t\t\t\t<div class=\"elementor-widget-container\">\n\t\t\t<h2 class=\"elementor-heading-title elementor-size-default\">Ist RustClash seri\u00f6s?<\/h2>\t\t<\/div>\n\t\t\t\t<\/div>\n\t\t\t\t<div class=\"elementor-element elementor-element-91613a1 elementor-widget elementor-widget-text-editor\" data-id=\"91613a1\" data-element_type=\"widget\" data-widget_type=\"text-editor.default\">\n\t\t\t\t<div class=\"elementor-widget-container\">\n\t\t\t\t\t\t\t<p>RustClash ist eine seri\u00f6se Website. Hier sind die Gr\u00fcnde daf\u00fcr. Erstens existiert RustClash seit 2021, was bedeutet, dass die Plattform gut etabliert ist. Zudem zieht diese Website zu jeder Zeit rund 500 gleichzeitige Nutzer an.<br \/>Zweitens bietet RustClash erstklassigen Kontoschutz und Sicherheitsfunktionen. Zur Veranschaulichung: Die Website nutzt sowohl das HTTPS-Protokoll als auch SSL-Verschl\u00fcsselung. Schlie\u00dflich wird Fairness durch ein provably fair System sichergestellt. Das bedeutet, dass das Ergebnis jeder Runde \u00fcberpr\u00fcft werden kann, sobald das Spiel beendet ist.<\/p>\t\t\t\t\t\t<\/div>\n\t\t\t\t<\/div>\n\t\t\t\t\t<\/div>\n\t\t\t\t<\/div>\n\t\t<div class=\"elementor-element elementor-element-c75b8eb e-flex e-con-boxed e-con e-parent\" data-id=\"c75b8eb\" data-element_type=\"container\">\n\t\t\t\t\t<div class=\"e-con-inner\">\n\t\t\t\t<div class=\"elementor-element elementor-element-52cbe13 elementor-widget elementor-widget-shortcode\" data-id=\"52cbe13\" data-element_type=\"widget\" data-widget_type=\"shortcode.default\">\n\t\t\t\t<div class=\"elementor-widget-container\">\n\t\t\t\t\t<div class=\"elementor-shortcode\"><div class=\"alternative-sites\"><h2>Beste Alternativen zu casinopathfinder.com<\/h2><div class=\"sites-cards-container\">                <div class=\"site-card\">\n                    <div class='site-card-header-wrapper'>\n                                                <div class='site-logo-wrapper'>\n                                <img decoding=\"async\" class=\"site-logo\" src=\"https:\/\/casinopathfinder.com\/wp-content\/uploads\/2024\/09\/bandit-camp-logo.png\" alt=\"bandit.camp\">\n                        <\/div>\n                                                <div class=\"site-card-header-right-wrapper\">\n                            <h3 class=\"site-name\">bandit.camp<\/h3>\n                            <div class=\"site-rating\"><span class=\"star filled\">&#9733;<\/span><span class=\"star filled\">&#9733;<\/span><span class=\"star filled\">&#9733;<\/span><span class=\"star filled\">&#9733;<\/span><span class=\"star filled\">&#9733;<\/span><\/div>\n                        <\/div>\n                    <\/div>\n                    <p class=\"site-description\">Aktiviere Promo-Code und erhalte $0.15 kostenlos f\u00fcr die Anmeldung +5% BONUS auf Einzahlung<\/p>\n                    <div class=\"buttons-container\">\n                        <a class=\"site-card-button\" href=\"https:\/\/casinopathfinder.com\/de\/bandit-camp-bewertung\/\" target=\"\">Bewertung lesen<\/a>\n                        <a class=\"site-card-button reward\" href=\"https:\/\/bandit.camp\/r\/promo555\" target=\"_blank\" rel=\"noopener noreferrer\">Bonus einl\u00f6sen<\/a>\n                    <\/div>\n                <\/div>\n                            <div class=\"site-card\">\n                    <div class='site-card-header-wrapper'>\n                                                <div class='site-logo-wrapper'>\n                                <img decoding=\"async\" class=\"site-logo\" src=\"https:\/\/casinopathfinder.com\/wp-content\/uploads\/2024\/09\/rustmagic-logo.png\" alt=\"rustmagic.com\">\n                        <\/div>\n                                                <div class=\"site-card-header-right-wrapper\">\n                            <h3 class=\"site-name\">rustmagic.com<\/h3>\n                            <div class=\"site-rating\"><span class=\"star filled\">&#9733;<\/span><span class=\"star filled\">&#9733;<\/span><span class=\"star filled\">&#9733;<\/span><span class=\"star filled\">&#9733;<\/span><span class=\"star\">&#9734;<\/span><\/div>\n                        <\/div>\n                    <\/div>\n                    <p class=\"site-description\">Erhalte 0.5 kostenlose Coins als Belohnung<\/p>\n                    <div class=\"buttons-container\">\n                        <a class=\"site-card-button\" href=\"https:\/\/casinopathfinder.com\/de\/rustmagic-com-bewertung\/\" target=\"\">Bewertung lesen<\/a>\n                        <a class=\"site-card-button reward\" href=\"https:\/\/rustmagic.com\/r\/promo555\" target=\"_blank\" rel=\"noopener noreferrer\">Bonus einl\u00f6sen<\/a>\n                    <\/div>\n                <\/div>\n                            <div class=\"site-card\">\n                    <div class='site-card-header-wrapper'>\n                                                <div class='site-logo-wrapper'>\n                                <img decoding=\"async\" class=\"site-logo\" src=\"https:\/\/casinopathfinder.com\/wp-content\/uploads\/2024\/09\/skinbet-logo4.png\" alt=\"skinbet.gg\">\n                        <\/div>\n                                                <div class=\"site-card-header-right-wrapper\">\n                            <h3 class=\"site-name\">skinbet.gg<\/h3>\n                            <div class=\"site-rating\"><span class=\"star filled\">&#9733;<\/span><span class=\"star filled\">&#9733;<\/span><span class=\"star filled\">&#9733;<\/span><span class=\"star filled\">&#9733;<\/span><span class=\"star\">&#9734;<\/span><\/div>\n                        <\/div>\n                    <\/div>\n                    <p class=\"site-description\">Erhalte +5 % mehr auf alle Einzahlungen<\/p>\n                    <div class=\"buttons-container\">\n                        <a class=\"site-card-button\" href=\"https:\/\/casinopathfinder.com\/de\/skinbet-com-bewertung\/\" target=\"\">Bewertung lesen<\/a>\n                        <a class=\"site-card-button reward\" href=\"https:\/\/skinbet.gg\/r\/promo555\" target=\"_blank\" rel=\"noopener noreferrer\">Bonus einl\u00f6sen<\/a>\n                    <\/div>\n                <\/div>\n                            <div class=\"site-card\">\n                    <div class='site-card-header-wrapper'>\n                                                <div class='site-logo-wrapper'>\n                                <img decoding=\"async\" class=\"site-logo\" src=\"https:\/\/casinopathfinder.com\/wp-content\/uploads\/2024\/09\/rustly-logo-svg.webp\" alt=\"Rustly.com\">\n                        <\/div>\n                                                <div class=\"site-card-header-right-wrapper\">\n                            <h3 class=\"site-name\">Rustly.com<\/h3>\n                            <div class=\"site-rating\"><span class=\"star filled\">&#9733;<\/span><span class=\"star filled\">&#9733;<\/span><span class=\"star filled\">&#9733;<\/span><span class=\"star half\">&#9734;<\/span><span class=\"star\">&#9734;<\/span><\/div>\n                        <\/div>\n                    <\/div>\n                    <p class=\"site-description\">5 kostenlose Willkommens-Cases-\u00d6ffnungen<\/p>\n                    <div class=\"buttons-container\">\n                        <a class=\"site-card-button\" href=\"https:\/\/casinopathfinder.com\/de\/rustly-com-bewertung\/\" target=\"\">Bewertung lesen<\/a>\n                        <a class=\"site-card-button reward\" href=\"https:\/\/rustly.com\/r\/PROMO555\" target=\"_blank\" rel=\"noopener noreferrer\">Bonus einl\u00f6sen<\/a>\n                    <\/div>\n                <\/div>\n                            <div class=\"site-card\">\n                    <div class='site-card-header-wrapper'>\n                                                <div class='site-logo-wrapper'>\n                                <img decoding=\"async\" class=\"site-logo\" src=\"https:\/\/casinopathfinder.com\/wp-content\/uploads\/2024\/09\/ruststake-logo.png\" alt=\"ruststake.com\">\n                        <\/div>\n                                                <div class=\"site-card-header-right-wrapper\">\n                            <h3 class=\"site-name\">ruststake.com<\/h3>\n                            <div class=\"site-rating\"><span class=\"star filled\">&#9733;<\/span><span class=\"star filled\">&#9733;<\/span><span class=\"star filled\">&#9733;<\/span><span class=\"star half\">&#9734;<\/span><span class=\"star\">&#9734;<\/span><\/div>\n                        <\/div>\n                    <\/div>\n                    <p class=\"site-description\">Erhalte ein kostenloses Rust Skin<\/p>\n                    <div class=\"buttons-container\">\n                        <a class=\"site-card-button\" href=\"https:\/\/casinopathfinder.com\/de\/ruststake-com-bewertung\/\" target=\"\">Bewertung lesen<\/a>\n                        <a class=\"site-card-button reward\" href=\"https:\/\/ruststake.com\/r\/promo555\" target=\"_blank\" rel=\"noopener noreferrer\">Bonus einl\u00f6sen<\/a>\n                    <\/div>\n                <\/div>\n            <\/div><\/div><\/div>\n\t\t\t\t<\/div>\n\t\t\t\t<\/div>\n\t\t\t\t\t<\/div>\n\t\t\t\t<\/div>\n\t\t\t\t<\/div>","protected":false},"excerpt":{"rendered":"<p>Rustclash.com review &#8211; Rustclash is a skin and crypto gambling platform created specifically for the Rust gamer community. It is a leader in the Rust skin gambling space and, as such, is centered around a select number of original games, which are built around Rust skins, virtual in-game items from the video game Rust. Get [&hellip;]<\/p>","protected":false},"author":1,"featured_media":3805,"parent":0,"menu_order":0,"comment_status":"closed","ping_status":"closed","template":"","meta":{"_acf_changed":false,"footnotes":""},"class_list":["post-3345","page","type-page","status-publish","has-post-thumbnail","hentry"],"acf":[],"_links":{"self":[{"href":"https:\/\/casinopathfinder.com\/de\/wp-json\/wp\/v2\/pages\/3345","targetHints":{"allow":["GET"]}}],"collection":[{"href":"https:\/\/casinopathfinder.com\/de\/wp-json\/wp\/v2\/pages"}],"about":[{"href":"https:\/\/casinopathfinder.com\/de\/wp-json\/wp\/v2\/types\/page"}],"author":[{"embeddable":true,"href":"https:\/\/casinopathfinder.com\/de\/wp-json\/wp\/v2\/users\/1"}],"replies":[{"embeddable":true,"href":"https:\/\/casinopathfinder.com\/de\/wp-json\/wp\/v2\/comments?post=3345"}],"version-history":[{"count":11,"href":"https:\/\/casinopathfinder.com\/de\/wp-json\/wp\/v2\/pages\/3345\/revisions"}],"predecessor-version":[{"id":4372,"href":"https:\/\/casinopathfinder.com\/de\/wp-json\/wp\/v2\/pages\/3345\/revisions\/4372"}],"wp:featuredmedia":[{"embeddable":true,"href":"https:\/\/casinopathfinder.com\/de\/wp-json\/wp\/v2\/media\/3805"}],"wp:attachment":[{"href":"https:\/\/casinopathfinder.com\/de\/wp-json\/wp\/v2\/media?parent=3345"}],"curies":[{"name":"wp","href":"https:\/\/api.w.org\/{rel}","templated":true}]}}