{"id":3351,"date":"2024-10-10T10:18:24","date_gmt":"2024-10-10T10:18:24","guid":{"rendered":"https:\/\/casinopathfinder.com\/?page_id=3351"},"modified":"2025-03-12T11:17:45","modified_gmt":"2025-03-12T11:17:45","slug":"bandit-camp-review","status":"publish","type":"page","link":"https:\/\/casinopathfinder.com\/de\/bandit-camp-bewertung\/","title":{"rendered":"Bandit.Camp Bewertung"},"content":{"rendered":"<div data-elementor-type=\"wp-page\" data-elementor-id=\"3351\" class=\"elementor elementor-3351\">\n\t\t\t\t<div class=\"elementor-element elementor-element-76a8d98 e-flex e-con-boxed e-con e-parent\" data-id=\"76a8d98\" data-element_type=\"container\">\n\t\t\t\t\t<div class=\"e-con-inner\">\n\t\t\t\t<div class=\"elementor-element elementor-element-1697680 elementor-widget elementor-widget-heading\" data-id=\"1697680\" data-element_type=\"widget\" data-widget_type=\"heading.default\">\n\t\t\t\t<div class=\"elementor-widget-container\">\n\t\t\t<style>\/*! elementor - v3.23.0 - 05-08-2024 *\/\n.elementor-heading-title{padding:0;margin:0;line-height:1}.elementor-widget-heading .elementor-heading-title[class*=elementor-size-]>a{color:inherit;font-size:inherit;line-height:inherit}.elementor-widget-heading .elementor-heading-title.elementor-size-small{font-size:15px}.elementor-widget-heading .elementor-heading-title.elementor-size-medium{font-size:19px}.elementor-widget-heading .elementor-heading-title.elementor-size-large{font-size:29px}.elementor-widget-heading .elementor-heading-title.elementor-size-xl{font-size:39px}.elementor-widget-heading .elementor-heading-title.elementor-size-xxl{font-size:59px}<\/style><h1 class=\"elementor-heading-title elementor-size-default\">Bandit.Camp Bewertung <span>- April 2026<\/span><\/h1>\t\t<\/div>\n\t\t\t\t<\/div>\n\t\t\t\t<div class=\"elementor-element elementor-element-7511ec2 elementor-widget elementor-widget-text-editor\" data-id=\"7511ec2\" data-element_type=\"widget\" data-widget_type=\"text-editor.default\">\n\t\t\t\t<div class=\"elementor-widget-container\">\n\t\t\t<style>\/*! elementor - v3.23.0 - 05-08-2024 *\/\n.elementor-widget-text-editor.elementor-drop-cap-view-stacked .elementor-drop-cap{background-color:#69727d;color:#fff}.elementor-widget-text-editor.elementor-drop-cap-view-framed .elementor-drop-cap{color:#69727d;border:3px solid;background-color:transparent}.elementor-widget-text-editor:not(.elementor-drop-cap-view-default) .elementor-drop-cap{margin-top:8px}.elementor-widget-text-editor:not(.elementor-drop-cap-view-default) .elementor-drop-cap-letter{width:1em;height:1em}.elementor-widget-text-editor .elementor-drop-cap{float:left;text-align:center;line-height:1;font-size:50px}.elementor-widget-text-editor .elementor-drop-cap-letter{display:inline-block}<\/style>\t\t\t\t<p>Bandit.Camp ist eine der f\u00fchrenden Rust Skin Gambling Plattformen und nimmt kreative Anleihen beim gleichnamigen Bandit Camp Denkmal im Spiel Rust. Alle Spiele auf der Website sind vom Videospiel Rust inspiriert und schaffen ein immersives Erlebnis. Somit werden Rust-Spieler schnell zu aktiven Teilnehmern auf dieser Plattform.<\/p><p>Bandit.Camp bietet ikonische Spielklassiker, darunter Crate Unboxing und Crate Battles, Scrap Upgrader, Wheel of Fortune und weitere. Spieler k\u00f6nnen ihr Guthaben in Rust Skins oder \u00fcber eine Auswahl an Kryptow\u00e4hrungen auszahlen lassen.<\/p>\t\t\t\t\t\t<\/div>\n\t\t\t\t<\/div>\n\t\t\t\t<div class=\"elementor-element elementor-element-b6ffd5a elementor-align-left elementor-widget elementor-widget-button\" data-id=\"b6ffd5a\" data-element_type=\"widget\" data-widget_type=\"button.default\">\n\t\t\t\t<div class=\"elementor-widget-container\">\n\t\t\t\t\t<div class=\"elementor-button-wrapper\">\n\t\t\t<a class=\"elementor-button elementor-button-link elementor-size-sm\" href=\"https:\/\/bandit.camp\/r\/promo555\">\n\t\t\t\t\t\t<span class=\"elementor-button-content-wrapper\">\n\t\t\t\t\t\t\t\t\t<span class=\"elementor-button-text\">Bonus erhalten<\/span>\n\t\t\t\t\t<\/span>\n\t\t\t\t\t<\/a>\n\t\t<\/div>\n\t\t\t\t<\/div>\n\t\t\t\t<\/div>\n\t\t\t\t<div class=\"elementor-element elementor-element-0257b98 elementor-widget elementor-widget-heading\" data-id=\"0257b98\" data-element_type=\"widget\" data-widget_type=\"heading.default\">\n\t\t\t\t<div class=\"elementor-widget-container\">\n\t\t\t<h2 class=\"elementor-heading-title elementor-size-default\">So beanspruchen Sie den kostenlosen Bonus von Bandit.Camp<\/h2>\t\t<\/div>\n\t\t\t\t<\/div>\n\t\t\t\t<div class=\"elementor-element elementor-element-722e5f8 elementor-widget elementor-widget-text-editor\" data-id=\"722e5f8\" data-element_type=\"widget\" data-widget_type=\"text-editor.default\">\n\t\t\t\t<div class=\"elementor-widget-container\">\n\t\t\t\t\t\t\t<p class=\"translation-block\">1. Besuchen Sie Bandit.Camp \u00fcber unseren <a style=\"color: #6ec1e4;font-weight: bold\" href=\"https:\/\/bandit.camp\/r\/promo555\" target=\"_self\">Referral-Link<\/a>.<\/p><p>2. Melden Sie sich bei Bandit.Camp an.<\/p><p>3. Klicken Sie im oberen Men\u00fc auf \"Free Scrap\" und suchen Sie \"Redeem an Affiliate Code\".<\/p><p>4. L\u00f6sen Sie den Code ein: promo555<\/p><p>5. Klicken Sie erneut auf den Link, falls das Pop-up nicht erscheint.<\/p>\t\t\t\t\t\t<\/div>\n\t\t\t\t<\/div>\n\t\t\t\t<div class=\"elementor-element elementor-element-4870567 elementor-align-left elementor-widget elementor-widget-button\" data-id=\"4870567\" data-element_type=\"widget\" data-widget_type=\"button.default\">\n\t\t\t\t<div class=\"elementor-widget-container\">\n\t\t\t\t\t<div class=\"elementor-button-wrapper\">\n\t\t\t<a class=\"elementor-button elementor-button-link elementor-size-sm\" href=\"https:\/\/bandit.camp\/r\/promo555\">\n\t\t\t\t\t\t<span class=\"elementor-button-content-wrapper\">\n\t\t\t\t\t\t\t\t\t<span class=\"elementor-button-text\">Nutzen Sie jetzt unseren Bandit.Camp Promo-Code<\/span>\n\t\t\t\t\t<\/span>\n\t\t\t\t\t<\/a>\n\t\t<\/div>\n\t\t\t\t<\/div>\n\t\t\t\t<\/div>\n\t\t\t\t<div class=\"elementor-element elementor-element-eb68cfa elementor-widget elementor-widget-heading\" data-id=\"eb68cfa\" data-element_type=\"widget\" data-widget_type=\"heading.default\">\n\t\t\t\t<div class=\"elementor-widget-container\">\n\t\t\t<h2 class=\"elementor-heading-title elementor-size-default\">Boni und Promo-Codes bei Bandit.Camp<\/h2>\t\t<\/div>\n\t\t\t\t<\/div>\n\t\t\t\t<div class=\"elementor-element elementor-element-6d7cdb9 elementor-widget elementor-widget-text-editor\" data-id=\"6d7cdb9\" data-element_type=\"widget\" data-widget_type=\"text-editor.default\">\n\t\t\t\t<div class=\"elementor-widget-container\">\n\t\t\t\t\t\t\t<p>Nutzen Sie den Bandit.Camp Promo-Code, um Preise von der Administration zu erhalten. Jede alphanumerische Kombination kann nur einmal eingegeben werden, danach verliert sie ihre G\u00fcltigkeit. Nach der Aktivierung gibt es eine bestimmte Belohnung, z. B. einen Prozentsatz f\u00fcr die Aufladung des Spielkontos.<\/p><p>Promo-Codes k\u00f6nnen auf thematischen Foren gefunden werden. Sie werden auch in Gaming-Communitys angeboten, in denen Nutzer wichtige Informationen miteinander teilen. Die einfachste M\u00f6glichkeit ist jedoch, einen Promo-Code von unserer Website zu nutzen, da wir deren G\u00fcltigkeit \u00fcberpr\u00fcfen und nur funktionierende Kombinationen bereitstellen.<\/p><p>Was die Boni betrifft, so werden t\u00e4gliche Belohnungen (Cases f\u00fcr das Erf\u00fcllen von Aufgaben), Verlosungen f\u00fcr Skins in den Communitys und vieles mehr angeboten. Auch auf Discord werden von Zeit zu Zeit Promo-Codes ver\u00f6ffentlicht. Hier einige detailliertere Informationen zu den Boni:<\/p><p>\ud83d\udc4c rewards for upgrading your level. Deposit and bet to improve your ranking and receive customized gifts;<br \/>\ud83d\udc4c daily cases. Complete a certain task and you will receive a box with skins and other presents;<br \/>\ud83d\udc4c free in-game currency (scrap) every 15 minutes. Just enter the portal and pick up 0.03 coins;<br \/>\ud83d\udc4c giveaways of original skins. To participate in the event, fulfill the stipulated conditions (for example, subscribing to the channel).<br \/>Verpassen Sie nicht die Gelegenheit, tolle Belohnungen zu erhalten, die die Grundlage f\u00fcr ein spannendes Spielerlebnis und den Erwerb einzigartiger Skins bilden.<\/p>\t\t\t\t\t\t<\/div>\n\t\t\t\t<\/div>\n\t\t\t\t<div class=\"elementor-element elementor-element-1f200f3 elementor-widget elementor-widget-heading\" data-id=\"1f200f3\" data-element_type=\"widget\" data-widget_type=\"heading.default\">\n\t\t\t\t<div class=\"elementor-widget-container\">\n\t\t\t<h2 class=\"elementor-heading-title elementor-size-default\">Verf\u00fcgbare Spiele auf Bandit.Camp\n<\/h2>\t\t<\/div>\n\t\t\t\t<\/div>\n\t\t\t\t<div class=\"elementor-element elementor-element-53e7064 elementor-widget elementor-widget-text-editor\" data-id=\"53e7064\" data-element_type=\"widget\" data-widget_type=\"text-editor.default\">\n\t\t\t\t<div class=\"elementor-widget-container\">\n\t\t\t\t\t\t\t<p>Bandit.Camp ist eine Gaming-Plattform, die ihren Spielern eine Vielzahl von unterhaltsamen und spannenden Spielen bietet, die sie mit ihren Skins und Coins spielen k\u00f6nnen. Egal, ob Sie nach PvP-Action, klassischen Casino-Spielen oder einzigartigen und innovativen Spielen suchen \u2013 Bandit.Camp hat etwas f\u00fcr Sie. Hier sind einige der Spielmodi, die auf Bandit.Camp verf\u00fcgbar sind:<\/p>\t\t\t\t\t\t<\/div>\n\t\t\t\t<\/div>\n\t\t\t\t<div class=\"elementor-element elementor-element-89047d8 elementor-widget elementor-widget-text-editor\" data-id=\"89047d8\" data-element_type=\"widget\" data-widget_type=\"text-editor.default\">\n\t\t\t\t<div class=\"elementor-widget-container\">\n\t\t\t\t\t\t\t<p>1. <strong>Crate Battles<\/strong>. Crate Battles sind eine aufregende M\u00f6glichkeit, gegen andere Spieler um beeindruckende Skins zu konkurrieren. In diesem Spiel k\u00f6nnen Nutzer andere Spieler zu einem Crate Battle herausfordern, bei dem beide die gleiche Kiste \u00f6ffnen. Der Gewinner (die Person, die Skins mit dem h\u00f6chsten Wert auspackt) erh\u00e4lt alle Items. Nutzer k\u00f6nnen zwischen verschiedenen Kisten w\u00e4hlen, z. B. Basic, Premium, Elite oder Custom.<\/p><p>2. <strong>Wheel of Fortune<\/strong>. Sie k\u00f6nnen das Rad drehen und in diesem einfachen, aber s\u00fcchtig machenden Spiel namens Wheel of Fortune riesige Preise gewinnen. Das Rad ist in verschiedene Segmente unterteilt, wobei jedes Segment einen bestimmten Multiplikator aufweist. Sie k\u00f6nnen das Segment ausw\u00e4hlen, auf das Sie setzen m\u00f6chten, sowie den Betrag, den Sie einsetzen wollen. Wenn das Rad in Ihrem Abschnitt stoppt, erhalten Sie Ihren Einsatz plus den Multiplikator. Nutzer k\u00f6nnen zwischen verschiedenen R\u00e4dern w\u00e4hlen, z. B. Bronze, Silber, Gold oder Platin.<\/p><p>3.<strong> Scrap Upgrader<\/strong>. In diesem Spiel k\u00f6nnen Sie Ihre Items auf einen h\u00f6heren Wert upgraden. Sie m\u00fcssen zwei Skins ausw\u00e4hlen: einen aus Ihrem Inventar und einen gew\u00fcnschten Skin. Anschlie\u00dfend erhalten Sie die Erfolgswahrscheinlichkeit, auf die Sie setzen k\u00f6nnen. Nutzer k\u00f6nnen zwischen verschiedenen Upgrade-Modi w\u00e4hlen, wie z. B. Normal Mode, x2 Mode, x3 Mode, x5 Mode und mehr.<\/p><p>4. <strong>Coin Flip<\/strong>. Im klassischen Coin Flip k\u00f6nnen Sie gegen eine andere Person antreten und Ihr Gl\u00fcck testen. In diesem Spiel werfen die Nutzer eine M\u00fcnze und wetten auf das Ergebnis \u2013 Kopf oder Zahl. Die Skins oder Coins, auf die Sie setzen, werden sowohl von Ihnen als auch von Ihrem Gegner auf den Tisch gelegt, und der Gewinner erh\u00e4lt alle Items. Nutzer k\u00f6nnen auch andere Spieler zu einem Coin Flip Duell herausfordern, bei dem der Gewinner alle Eins\u00e4tze erh\u00e4lt.<\/p><p>5. <strong>Roulette<\/strong>. Eines der beliebtesten Spiele in der Gambling-Industrie. Bei Roulette setzen Sie auf die Farbe oder die Zahl des Rads. Nutzer k\u00f6nnen zwischen verschiedenen Roulette-Modi w\u00e4hlen, wie z. B. Rot\/Schwarz, Gerade\/Ungerade oder Einzelzahl. Schwarz und Rot zahlen das Doppelte des Einsatzes aus, w\u00e4hrend Gr\u00fcn das Vierzehnfache auszahlt. F\u00fcr h\u00f6here Gewinne k\u00f6nnen Sie auch auf bestimmte Zahlen oder Zahlenbereiche setzen.<\/p><p>6. <strong>Crash<\/strong>. Um in diesem Spiel namens Crash zu gewinnen, ben\u00f6tigen Sie ein gutes Timing und Intuition. Sie setzen am Anfang einen Betrag und beobachten, wie sich der Multiplikator erh\u00f6ht. Sie k\u00f6nnen jederzeit auscashen und erhalten Ihren Einsatz multipliziert mit dem aktuellen Multiplikator. Der Multiplikator kann jedoch jederzeit abst\u00fcrzen, also seien Sie nicht zu gierig und casht rechtzeitig aus.<\/p><p>7.\u00a0<span style=\"text-align: var(--text-align);\"><strong>Jackpot<\/strong>. Nutzer k\u00f6nnen an einem Jackpot-Pool teilnehmen, indem sie ihre Items einzahlen und die Chance haben, alle Items im Pool zu gewinnen. Je mehr Sie einzahlen, desto h\u00f6her ist Ihre Gewinnchance. Wenn Sie Gl\u00fcck haben, k\u00f6nnen Sie in diesem Spiel richtig gro\u00df gewinnen \u2013 worauf warten Sie noch? Spielen Sie jetzt!<\/span><\/p><div><span style=\"color: var( --e-global-color-text ); font-family: var( --e-global-typography-text-font-family ), Sans-serif; font-weight: var( --e-global-typography-text-font-weight ); text-align: var(--text-align); font-size: 1rem;\">\u00a0<\/span><\/div>\t\t\t\t\t\t<\/div>\n\t\t\t\t<\/div>\n\t\t\t\t<div class=\"elementor-element elementor-element-8c6dc6a elementor-widget elementor-widget-image\" data-id=\"8c6dc6a\" data-element_type=\"widget\" data-widget_type=\"image.default\">\n\t\t\t\t<div class=\"elementor-widget-container\">\n\t\t\t<style>\/*! elementor - v3.23.0 - 05-08-2024 *\/\n.elementor-widget-image{text-align:center}.elementor-widget-image a{display:inline-block}.elementor-widget-image a img[src$=\".svg\"]{width:48px}.elementor-widget-image img{vertical-align:middle;display:inline-block}<\/style>\t\t\t\t\t\t\t\t\t\t<img fetchpriority=\"high\" decoding=\"async\" width=\"800\" height=\"381\" src=\"https:\/\/casinopathfinder.com\/wp-content\/uploads\/2024\/09\/bandit-camp-review-bg1-1024x488.webp\" class=\"attachment-large size-large wp-image-1128\" alt=\"BanditCamp Review\" srcset=\"https:\/\/casinopathfinder.com\/wp-content\/uploads\/2024\/09\/bandit-camp-review-bg1-1024x488.webp 1024w, https:\/\/casinopathfinder.com\/wp-content\/uploads\/2024\/09\/bandit-camp-review-bg1-300x143.webp 300w, https:\/\/casinopathfinder.com\/wp-content\/uploads\/2024\/09\/bandit-camp-review-bg1-768x366.webp 768w, https:\/\/casinopathfinder.com\/wp-content\/uploads\/2024\/09\/bandit-camp-review-bg1-1536x732.webp 1536w, https:\/\/casinopathfinder.com\/wp-content\/uploads\/2024\/09\/bandit-camp-review-bg1.webp 1600w\" sizes=\"(max-width: 800px) 100vw, 800px\" \/>\t\t\t\t\t\t\t\t\t\t\t\t\t<\/div>\n\t\t\t\t<\/div>\n\t\t\t\t<div class=\"elementor-element elementor-element-c16b2f8 elementor-widget elementor-widget-heading\" data-id=\"c16b2f8\" data-element_type=\"widget\" data-widget_type=\"heading.default\">\n\t\t\t\t<div class=\"elementor-widget-container\">\n\t\t\t<h2 class=\"elementor-heading-title elementor-size-default\">Ein- und Auszahlungsmethoden<\/h2>\t\t<\/div>\n\t\t\t\t<\/div>\n\t\t\t\t<div class=\"elementor-element elementor-element-bd9a49e elementor-widget elementor-widget-text-editor\" data-id=\"bd9a49e\" data-element_type=\"widget\" data-widget_type=\"text-editor.default\">\n\t\t\t\t<div class=\"elementor-widget-container\">\n\t\t\t\t\t\t\t<h3><span style=\"font-weight: 400;\">Einzahlen<\/span><\/h3><p><span style=\"font-weight: 400;\">Nutzer k\u00f6nnen ihre Rust Items auf Bandit.Camp einzahlen, indem sie auf der Website oben rechts auf die Schaltfl\u00e4che \u201eDeposit\u201c klicken. Anschlie\u00dfend w\u00e4hlen sie die Items aus ihrem Steam-Inventar aus und best\u00e4tigen das Handelsangebot. Die eingezahlten Items erscheinen dann in ihrem On-Site-Rucksack auf der Website und k\u00f6nnen f\u00fcr Scrap verkauft werden, die W\u00e4hrung der Plattform. Es stehen auch verschiedene Zahlungsmethoden zur Verf\u00fcgung, darunter Kreditkarten, PayPal, Skrill oder Kryptow\u00e4hrungen.<\/span><\/p><h3><span style=\"font-weight: 400;\">Auszahlen<\/span><\/h3><p><span style=\"font-weight: 400;\">Um ihre Items auszuzahlen, sollten Nutzer auf der Website oben rechts auf die Schaltfl\u00e4che \u201eWithdraw\u201c klicken. Danach w\u00e4hlen sie die Items aus dem Website-Inventar aus und best\u00e4tigen das Handelsangebot. Die Items werden dann an ihr Steam-Konto gesendet. Zus\u00e4tzlich k\u00f6nnen Nutzer auch Geld \u00fcber andere Zahlungsmethoden auszahlen lassen, einschlie\u00dflich Kreditkarten, PayPal, Skrill oder Kryptow\u00e4hrungen.<\/span><\/p><p><span style=\"font-weight: 400;\">Benutzer sollten jedoch bedenken, dass einige Ein- und Auszahlungsmethoden bestimmte Einschr\u00e4nkungen oder Anforderungen haben k\u00f6nnen, wie z. B. Mindest- oder H\u00f6chstbetr\u00e4ge, Geb\u00fchren oder Verifizierung. Daher sollten Benutzer die Gesch\u00e4ftsbedingungen jeder Methode pr\u00fcfen, bevor sie diese verwenden. Benutzer sollten sich auch vor Betrug und Phishing-Angriffen in Acht nehmen, die darauf abzielen, ihr Geld oder ihre pers\u00f6nlichen Daten zu stehlen. Benutzer sollten nur die offizielle Website und Handelsangebote von Bandit.Camp verwenden.<\/span><\/p>\t\t\t\t\t\t<\/div>\n\t\t\t\t<\/div>\n\t\t\t\t<div class=\"elementor-element elementor-element-046e8ef elementor-widget elementor-widget-text-editor\" data-id=\"046e8ef\" data-element_type=\"widget\" data-widget_type=\"text-editor.default\">\n\t\t\t\t<div class=\"elementor-widget-container\">\n\t\t\t\t\t\t\t<h3 style=\"font-weight: 400;\">Ist Bandit.Camp sicher?<\/h3><p>Bandit.Camp setzt auf SSL-Verschl\u00fcsselung, um die Kommunikation zwischen Nutzern und der Website zu sch\u00fctzen. Zudem wird das Provably Fair System verwendet, um die Fairness bei jedem Spiel sicherzustellen.<\/p>\t\t\t\t\t\t<\/div>\n\t\t\t\t<\/div>\n\t\t\t\t\t<\/div>\n\t\t\t\t<\/div>\n\t\t<div class=\"elementor-element elementor-element-6f54baf e-flex e-con-boxed e-con e-parent\" data-id=\"6f54baf\" data-element_type=\"container\">\n\t\t\t\t\t<div class=\"e-con-inner\">\n\t\t\t\t<div class=\"elementor-element elementor-element-464d060 elementor-widget elementor-widget-shortcode\" data-id=\"464d060\" data-element_type=\"widget\" data-widget_type=\"shortcode.default\">\n\t\t\t\t<div class=\"elementor-widget-container\">\n\t\t\t\t\t<div class=\"elementor-shortcode\"><div class=\"alternative-sites\"><h2>Beste Alternativen zu casinopathfinder.com<\/h2><div class=\"sites-cards-container\">                <div class=\"site-card\">\n                    <div class='site-card-header-wrapper'>\n                                                <div class='site-logo-wrapper'>\n                                <img decoding=\"async\" class=\"site-logo\" src=\"https:\/\/casinopathfinder.com\/wp-content\/uploads\/2024\/09\/rustclash.png\" alt=\"rustclash.com\">\n                        <\/div>\n                                                <div class=\"site-card-header-right-wrapper\">\n                            <h3 class=\"site-name\">rustclash.com<\/h3>\n                            <div class=\"site-rating\"><span class=\"star filled\">&#9733;<\/span><span class=\"star filled\">&#9733;<\/span><span class=\"star filled\">&#9733;<\/span><span class=\"star filled\">&#9733;<\/span><span class=\"star filled\">&#9733;<\/span><\/div>\n                        <\/div>\n                    <\/div>\n                    <p class=\"site-description\">Schalte eine 24-Stunden-t\u00e4gliche Free Case + Rakeback frei<\/p>\n                    <div class=\"buttons-container\">\n                        <a class=\"site-card-button\" href=\"https:\/\/casinopathfinder.com\/de\/rustclash-com-bewertung\/\" target=\"\">Bewertung lesen<\/a>\n                        <a class=\"site-card-button reward\" href=\"https:\/\/rustclash.com\/r\/PROMO555\" target=\"_blank\" rel=\"noopener noreferrer\">Bonus einl\u00f6sen<\/a>\n                    <\/div>\n                <\/div>\n                            <div class=\"site-card\">\n                    <div class='site-card-header-wrapper'>\n                                                <div class='site-logo-wrapper'>\n                                <img decoding=\"async\" class=\"site-logo\" src=\"https:\/\/casinopathfinder.com\/wp-content\/uploads\/2024\/09\/rustmagic-logo.png\" alt=\"rustmagic.com\">\n                        <\/div>\n                                                <div class=\"site-card-header-right-wrapper\">\n                            <h3 class=\"site-name\">rustmagic.com<\/h3>\n                            <div class=\"site-rating\"><span class=\"star filled\">&#9733;<\/span><span class=\"star filled\">&#9733;<\/span><span class=\"star filled\">&#9733;<\/span><span class=\"star filled\">&#9733;<\/span><span class=\"star\">&#9734;<\/span><\/div>\n                        <\/div>\n                    <\/div>\n                    <p class=\"site-description\">Erhalte 0.5 kostenlose Coins als Belohnung<\/p>\n                    <div class=\"buttons-container\">\n                        <a class=\"site-card-button\" href=\"https:\/\/casinopathfinder.com\/de\/rustmagic-com-bewertung\/\" target=\"\">Bewertung lesen<\/a>\n                        <a class=\"site-card-button reward\" href=\"https:\/\/rustmagic.com\/r\/promo555\" target=\"_blank\" rel=\"noopener noreferrer\">Bonus einl\u00f6sen<\/a>\n                    <\/div>\n                <\/div>\n                            <div class=\"site-card\">\n                    <div class='site-card-header-wrapper'>\n                                                <div class='site-logo-wrapper'>\n                                <img decoding=\"async\" class=\"site-logo\" src=\"https:\/\/casinopathfinder.com\/wp-content\/uploads\/2024\/09\/skinbet-logo4.png\" alt=\"skinbet.gg\">\n                        <\/div>\n                                                <div class=\"site-card-header-right-wrapper\">\n                            <h3 class=\"site-name\">skinbet.gg<\/h3>\n                            <div class=\"site-rating\"><span class=\"star filled\">&#9733;<\/span><span class=\"star filled\">&#9733;<\/span><span class=\"star filled\">&#9733;<\/span><span class=\"star filled\">&#9733;<\/span><span class=\"star\">&#9734;<\/span><\/div>\n                        <\/div>\n                    <\/div>\n                    <p class=\"site-description\">Erhalte +5 % mehr auf alle Einzahlungen<\/p>\n                    <div class=\"buttons-container\">\n                        <a class=\"site-card-button\" href=\"https:\/\/casinopathfinder.com\/de\/skinbet-com-bewertung\/\" target=\"\">Bewertung lesen<\/a>\n                        <a class=\"site-card-button reward\" href=\"https:\/\/skinbet.gg\/r\/promo555\" target=\"_blank\" rel=\"noopener noreferrer\">Bonus einl\u00f6sen<\/a>\n                    <\/div>\n                <\/div>\n                            <div class=\"site-card\">\n                    <div class='site-card-header-wrapper'>\n                                                <div class='site-logo-wrapper'>\n                                <img decoding=\"async\" class=\"site-logo\" src=\"https:\/\/casinopathfinder.com\/wp-content\/uploads\/2024\/09\/rustly-logo-svg.webp\" alt=\"Rustly.com\">\n                        <\/div>\n                                                <div class=\"site-card-header-right-wrapper\">\n                            <h3 class=\"site-name\">Rustly.com<\/h3>\n                            <div class=\"site-rating\"><span class=\"star filled\">&#9733;<\/span><span class=\"star filled\">&#9733;<\/span><span class=\"star filled\">&#9733;<\/span><span class=\"star half\">&#9734;<\/span><span class=\"star\">&#9734;<\/span><\/div>\n                        <\/div>\n                    <\/div>\n                    <p class=\"site-description\">5 kostenlose Willkommens-Cases-\u00d6ffnungen<\/p>\n                    <div class=\"buttons-container\">\n                        <a class=\"site-card-button\" href=\"https:\/\/casinopathfinder.com\/de\/rustly-com-bewertung\/\" target=\"\">Bewertung lesen<\/a>\n                        <a class=\"site-card-button reward\" href=\"https:\/\/rustly.com\/r\/PROMO555\" target=\"_blank\" rel=\"noopener noreferrer\">Bonus einl\u00f6sen<\/a>\n                    <\/div>\n                <\/div>\n                            <div class=\"site-card\">\n                    <div class='site-card-header-wrapper'>\n                                                <div class='site-logo-wrapper'>\n                                <img decoding=\"async\" class=\"site-logo\" src=\"https:\/\/casinopathfinder.com\/wp-content\/uploads\/2024\/09\/ruststake-logo.png\" alt=\"ruststake.com\">\n                        <\/div>\n                                                <div class=\"site-card-header-right-wrapper\">\n                            <h3 class=\"site-name\">ruststake.com<\/h3>\n                            <div class=\"site-rating\"><span class=\"star filled\">&#9733;<\/span><span class=\"star filled\">&#9733;<\/span><span class=\"star filled\">&#9733;<\/span><span class=\"star half\">&#9734;<\/span><span class=\"star\">&#9734;<\/span><\/div>\n                        <\/div>\n                    <\/div>\n                    <p class=\"site-description\">Erhalte ein kostenloses Rust Skin<\/p>\n                    <div class=\"buttons-container\">\n                        <a class=\"site-card-button\" href=\"https:\/\/casinopathfinder.com\/de\/ruststake-com-bewertung\/\" target=\"\">Bewertung lesen<\/a>\n                        <a class=\"site-card-button reward\" href=\"https:\/\/ruststake.com\/r\/promo555\" target=\"_blank\" rel=\"noopener noreferrer\">Bonus einl\u00f6sen<\/a>\n                    <\/div>\n                <\/div>\n            <\/div><\/div><\/div>\n\t\t\t\t<\/div>\n\t\t\t\t<\/div>\n\t\t\t\t\t<\/div>\n\t\t\t\t<\/div>\n\t\t\t\t<\/div>","protected":false},"excerpt":{"rendered":"<p>Bandit.camp review &#8211; Bandit.Camp is one of the leading Rust skin gambling platforms, taking creative cues from the namesake Bandit Camp monument in the game Rust. All the website\u2019s games are themed after the video game Rust, creating an immersive experience. Thus, Rust gamers quickly turn into players on this platform. Bandit.Camp offers iconic game [&hellip;]<\/p>","protected":false},"author":1,"featured_media":3805,"parent":0,"menu_order":0,"comment_status":"closed","ping_status":"closed","template":"","meta":{"_acf_changed":false,"footnotes":""},"class_list":["post-3351","page","type-page","status-publish","has-post-thumbnail","hentry"],"acf":[],"_links":{"self":[{"href":"https:\/\/casinopathfinder.com\/de\/wp-json\/wp\/v2\/pages\/3351","targetHints":{"allow":["GET"]}}],"collection":[{"href":"https:\/\/casinopathfinder.com\/de\/wp-json\/wp\/v2\/pages"}],"about":[{"href":"https:\/\/casinopathfinder.com\/de\/wp-json\/wp\/v2\/types\/page"}],"author":[{"embeddable":true,"href":"https:\/\/casinopathfinder.com\/de\/wp-json\/wp\/v2\/users\/1"}],"replies":[{"embeddable":true,"href":"https:\/\/casinopathfinder.com\/de\/wp-json\/wp\/v2\/comments?post=3351"}],"version-history":[{"count":11,"href":"https:\/\/casinopathfinder.com\/de\/wp-json\/wp\/v2\/pages\/3351\/revisions"}],"predecessor-version":[{"id":4369,"href":"https:\/\/casinopathfinder.com\/de\/wp-json\/wp\/v2\/pages\/3351\/revisions\/4369"}],"wp:featuredmedia":[{"embeddable":true,"href":"https:\/\/casinopathfinder.com\/de\/wp-json\/wp\/v2\/media\/3805"}],"wp:attachment":[{"href":"https:\/\/casinopathfinder.com\/de\/wp-json\/wp\/v2\/media?parent=3351"}],"curies":[{"name":"wp","href":"https:\/\/api.w.org\/{rel}","templated":true}]}}