{"id":3358,"date":"2024-10-10T10:21:12","date_gmt":"2024-10-10T10:21:12","guid":{"rendered":"https:\/\/casinopathfinder.com\/?page_id=3358"},"modified":"2025-03-12T11:30:19","modified_gmt":"2025-03-12T11:30:19","slug":"csgoempire-review","status":"publish","type":"page","link":"https:\/\/casinopathfinder.com\/de\/csgoempire-bewertung\/","title":{"rendered":"CSGOEmpire Review"},"content":{"rendered":"<div data-elementor-type=\"wp-page\" data-elementor-id=\"3358\" class=\"elementor elementor-3358\">\n\t\t\t\t<div class=\"elementor-element elementor-element-c65c1e9 e-flex e-con-boxed e-con e-parent\" data-id=\"c65c1e9\" data-element_type=\"container\">\n\t\t\t\t\t<div class=\"e-con-inner\">\n\t\t\t\t<div class=\"elementor-element elementor-element-206504e elementor-widget elementor-widget-heading\" data-id=\"206504e\" data-element_type=\"widget\" data-widget_type=\"heading.default\">\n\t\t\t\t<div class=\"elementor-widget-container\">\n\t\t\t<style>\/*! elementor - v3.23.0 - 05-08-2024 *\/\n.elementor-heading-title{padding:0;margin:0;line-height:1}.elementor-widget-heading .elementor-heading-title[class*=elementor-size-]>a{color:inherit;font-size:inherit;line-height:inherit}.elementor-widget-heading .elementor-heading-title.elementor-size-small{font-size:15px}.elementor-widget-heading .elementor-heading-title.elementor-size-medium{font-size:19px}.elementor-widget-heading .elementor-heading-title.elementor-size-large{font-size:29px}.elementor-widget-heading .elementor-heading-title.elementor-size-xl{font-size:39px}.elementor-widget-heading .elementor-heading-title.elementor-size-xxl{font-size:59px}<\/style><h1 class=\"elementor-heading-title elementor-size-default\">CSGOEmpire Bewertung <span>- April 2026<\/span><\/h1>\t\t<\/div>\n\t\t\t\t<\/div>\n\t\t\t\t<div class=\"elementor-element elementor-element-5f82a77 elementor-widget elementor-widget-text-editor\" data-id=\"5f82a77\" data-element_type=\"widget\" data-widget_type=\"text-editor.default\">\n\t\t\t\t<div class=\"elementor-widget-container\">\n\t\t\t<style>\/*! elementor - v3.23.0 - 05-08-2024 *\/\n.elementor-widget-text-editor.elementor-drop-cap-view-stacked .elementor-drop-cap{background-color:#69727d;color:#fff}.elementor-widget-text-editor.elementor-drop-cap-view-framed .elementor-drop-cap{color:#69727d;border:3px solid;background-color:transparent}.elementor-widget-text-editor:not(.elementor-drop-cap-view-default) .elementor-drop-cap{margin-top:8px}.elementor-widget-text-editor:not(.elementor-drop-cap-view-default) .elementor-drop-cap-letter{width:1em;height:1em}.elementor-widget-text-editor .elementor-drop-cap{float:left;text-align:center;line-height:1;font-size:50px}.elementor-widget-text-editor .elementor-drop-cap-letter{display:inline-block}<\/style>\t\t\t\t<p>Die CSGOEmpire-Website ist eine bekannte Online-Ressource, die Counter-Strike: Global Offensive (CS:GO)-Fans ein unterhaltsames und interaktives Erlebnis bietet. Sie gibt den Nutzern die M\u00f6glichkeit, an Skin-Gl\u00fccksspielen und Wettaktivit\u00e4ten teilzunehmen. Beim Besuch der CSGOEmpire-Website werden die Nutzer mit einer schlanken und benutzerfreundlichen Oberfl\u00e4che begr\u00fc\u00dft, die eine Vielzahl von Spielen pr\u00e4sentiert, an denen sie teilnehmen k\u00f6nnen.<\/p><p>Diese Spiele umfassen klassische Casinospiele wie Roulette und Coin-Flip, jedoch mit einer einzigartigen CS:GO-Note. Nutzer k\u00f6nnen ihre CS:GO-Skins als Einsatz f\u00fcr Wetten verwenden und so eine besondere Dimension zum traditionellen Gl\u00fccksspiel hinzuf\u00fcgen.<\/p><p>Hinsichtlich Design und Funktionalit\u00e4t legt die Website Wert auf einfache Navigation, sodass die Nutzer schnell verf\u00fcgbare Spiele, Aktionen und Support-Ressourcen erkunden k\u00f6nnen. Die \u00c4sthetik der Website ist an den CS:GO-Stil angepasst, um eine stimmige Umgebung f\u00fcr die Spieler zu schaffen. Spieler k\u00f6nnen auch unsere CSGOEmpire-Gratiscodes auf der Website aktivieren.<\/p>\t\t\t\t\t\t<\/div>\n\t\t\t\t<\/div>\n\t\t\t\t<div class=\"elementor-element elementor-element-1eac78c elementor-align-left elementor-widget elementor-widget-button\" data-id=\"1eac78c\" data-element_type=\"widget\" data-widget_type=\"button.default\">\n\t\t\t\t<div class=\"elementor-widget-container\">\n\t\t\t\t\t<div class=\"elementor-button-wrapper\">\n\t\t\t<a class=\"elementor-button elementor-button-link elementor-size-sm\" href=\"https:\/\/csgoempire.com\/r\/promo5555\">\n\t\t\t\t\t\t<span class=\"elementor-button-content-wrapper\">\n\t\t\t\t\t\t\t\t\t<span class=\"elementor-button-text\">Bonus erhalten<\/span>\n\t\t\t\t\t<\/span>\n\t\t\t\t\t<\/a>\n\t\t<\/div>\n\t\t\t\t<\/div>\n\t\t\t\t<\/div>\n\t\t\t\t<div class=\"elementor-element elementor-element-2f3ed2d elementor-widget elementor-widget-heading\" data-id=\"2f3ed2d\" data-element_type=\"widget\" data-widget_type=\"heading.default\">\n\t\t\t\t<div class=\"elementor-widget-container\">\n\t\t\t<h2 class=\"elementor-heading-title elementor-size-default\"><a href=\"https:\/\/csgoempire.com\/r\/promo5555\">So beanspruchen Sie den kostenlosen Bonus von CSGOEmpire<\/a><\/h2>\t\t<\/div>\n\t\t\t\t<\/div>\n\t\t\t\t<div class=\"elementor-element elementor-element-54c056c elementor-widget elementor-widget-text-editor\" data-id=\"54c056c\" data-element_type=\"widget\" data-widget_type=\"text-editor.default\">\n\t\t\t\t<div class=\"elementor-widget-container\">\n\t\t\t\t\t\t\t<ol><li>Gehen Sie \u00fcber unseren bereitgestellten Link (https:\/\/csgoempire.com\/r\/promo5555) auf CSGOEmpire.com<\/li><li><span style=\"font-weight: 400;\">Registrieren Sie sich bei CSGOEmpire<\/span><\/li><li><span style=\"font-weight: 400;\">Klicken Sie im oberen Men\u00fc auf \"Free Case\"<\/span><\/li><li><span style=\"font-weight: 400;\">Geben Sie den Code ein: promo5555<\/span><\/li><\/ol>\t\t\t\t\t\t<\/div>\n\t\t\t\t<\/div>\n\t\t\t\t<div class=\"elementor-element elementor-element-81c745f elementor-align-left elementor-widget elementor-widget-button\" data-id=\"81c745f\" data-element_type=\"widget\" data-widget_type=\"button.default\">\n\t\t\t\t<div class=\"elementor-widget-container\">\n\t\t\t\t\t<div class=\"elementor-button-wrapper\">\n\t\t\t<a class=\"elementor-button elementor-button-link elementor-size-sm\" href=\"https:\/\/csgoempire.com\/r\/promo5555\">\n\t\t\t\t\t\t<span class=\"elementor-button-content-wrapper\">\n\t\t\t\t\t\t\t\t\t<span class=\"elementor-button-text\">Nutzen Sie jetzt unseren CSGOEmpire-Promo-Code<\/span>\n\t\t\t\t\t<\/span>\n\t\t\t\t\t<\/a>\n\t\t<\/div>\n\t\t\t\t<\/div>\n\t\t\t\t<\/div>\n\t\t\t\t<div class=\"elementor-element elementor-element-e8a72e7 elementor-widget elementor-widget-heading\" data-id=\"e8a72e7\" data-element_type=\"widget\" data-widget_type=\"heading.default\">\n\t\t\t\t<div class=\"elementor-widget-container\">\n\t\t\t<h2 class=\"elementor-heading-title elementor-size-default\">Ein- und Auszahlungsmethoden auf CSGOEmpire.com\n<\/h2>\t\t<\/div>\n\t\t\t\t<\/div>\n\t\t\t\t<div class=\"elementor-element elementor-element-5d8d906 elementor-widget elementor-widget-text-editor\" data-id=\"5d8d906\" data-element_type=\"widget\" data-widget_type=\"text-editor.default\">\n\t\t\t\t<div class=\"elementor-widget-container\">\n\t\t\t\t\t\t\t<p>CSGOEmpire bietet eine gro\u00dfe Auswahl an Einzahlungsmethoden \u00fcber verschiedene Zahlungsanbieter. Je nach Standort eines Spielers sind einige Optionen m\u00f6glicherweise nicht verf\u00fcgbar. Die vollst\u00e4ndige Liste der verf\u00fcgbaren Optionen umfasst:<\/p><p>F\u00fcr CSGOEmpire-Einzahlungen:<\/p><p>\ud83d\udd2b Players can use Steam for CS:GO items deposit.<\/p><p>Echtgeld-Optionen beinhalten:<\/p><p>\ud83d\udcb5 Visa &amp; Mastercard, PayPal, Giftcards<br \/>\ud83d\udcb5 Astro Pay, NeoSurf, Google Pay, Skrill<br \/>\ud83d\udcb5 Jeton &amp; Jeton Cash, Paysafecard, Neteller<br \/>Kryptow\u00e4hrungsoptionen beinhalten:<\/p><p>\ud83d\udcb2 BTC (Bitcoin)<br \/>\ud83d\udcb2 LTC (Litecoin)<br \/>\ud83d\udcb2 USDT (Tether)<br \/>\ud83d\udcb2 ETH (Ethereum)<br \/>\ud83d\udcb2 USDC (USD Coin)<br \/>\ud83d\udcb2 BCH (Bitcoin Cash)<br \/>F\u00fcr Auszahlungen:<\/p><p>Auszahlungen von der Plattform sind nur \u00fcber Steam (CS:GO) und Kryptow\u00e4hrungsoptionen m\u00f6glich. Spieler sollten beachten, dass bei einigen Zahlungsmethoden Auszahlungsgeb\u00fchren anfallen. Die Bearbeitungszeit f\u00fcr verf\u00fcgbare Bankoptionen variiert, die meisten sind jedoch in der Regel sofort verf\u00fcgbar.<\/p>\t\t\t\t\t\t<\/div>\n\t\t\t\t<\/div>\n\t\t\t\t<div class=\"elementor-element elementor-element-afeb6a3 elementor-widget elementor-widget-heading\" data-id=\"afeb6a3\" data-element_type=\"widget\" data-widget_type=\"heading.default\">\n\t\t\t\t<div class=\"elementor-widget-container\">\n\t\t\t<h2 class=\"elementor-heading-title elementor-size-default\">CSGOEmpire Affiliate-Programm<\/h2>\t\t<\/div>\n\t\t\t\t<\/div>\n\t\t\t\t<div class=\"elementor-element elementor-element-8bc3fef elementor-widget elementor-widget-text-editor\" data-id=\"8bc3fef\" data-element_type=\"widget\" data-widget_type=\"text-editor.default\">\n\t\t\t\t<div class=\"elementor-widget-container\">\n\t\t\t\t\t\t\t<p>Das CSGOEmpire-Affiliate-Programm ist ein Empfehlungsprogramm, das die Plattform als das lohnendste System auf dem Online-Gl\u00fccksspielmarkt anpreist, da sie eine 30%ige Provision f\u00fcr jeden zahlt. Dieses Programm f\u00f6rdert die Community-Beziehungen, indem es Spieler ermutigt, ihre Freunde und Mitspieler auf die Plattform einzuladen. Dadurch entsteht ein Netzwerk von Personen mit gemeinsamen Interessen an CS:GO und der Gaming-Welt, w\u00e4hrend sie gleichzeitig belohnt werden.<\/p><p>Um am Empfehlungsprogramm teilzunehmen, m\u00fcssen Spieler die folgenden Schritte befolgen:<\/p><p class=\"translation-block\">Klicken Sie auf den \u201eReferral\u201c-Tab. Auf der Seite klicken Sie in das vorgesehene Feld, um Ihren einzigartigen CSGOEmpire-Referral-Code festzulegen (Spieler d\u00fcrfen beliebigen Text als Referral-Code eingeben). Danach klicken Sie auf \u201eStart Earning\u201c, um Ihren Link zu erstellen. Spieler k\u00f6nnen diesen Link dann mit ihren Freunden oder auf ihren Social-Media-Seiten teilen, um neue Spieler auf die Plattform einzuladen.<\/p>\t\t\t\t\t\t<\/div>\n\t\t\t\t<\/div>\n\t\t\t\t<div class=\"elementor-element elementor-element-353d362 elementor-widget elementor-widget-heading\" data-id=\"353d362\" data-element_type=\"widget\" data-widget_type=\"heading.default\">\n\t\t\t\t<div class=\"elementor-widget-container\">\n\t\t\t<h2 class=\"elementor-heading-title elementor-size-default\">Kundensupport bei CSGOEmpire<\/h2>\t\t<\/div>\n\t\t\t\t<\/div>\n\t\t\t\t<div class=\"elementor-element elementor-element-d33254d elementor-widget elementor-widget-text-editor\" data-id=\"d33254d\" data-element_type=\"widget\" data-widget_type=\"text-editor.default\">\n\t\t\t\t<div class=\"elementor-widget-container\">\n\t\t\t\t\t\t\t<p>Der engagierte Kundensupport von CSGOEmpire bietet Spielern Unterst\u00fctzung und Beratung, wann immer sie diese ben\u00f6tigen. Das einzigartige Support-Team verf\u00fcgt \u00fcber eine umfassende Wissensdatenbank mit hilfreichen Artikeln, Anleitungen und FAQs. Diese Ressource wurde entwickelt, um eine Vielzahl g\u00e4ngiger Fragen und Anliegen zu kl\u00e4ren.<\/p><p>F\u00fcr Spieler, die detailliertere Informationen ben\u00f6tigen und es nicht eilig haben, steht ein E-Mail-Support zur Verf\u00fcgung. Bei dringenden Anfragen oder Fragen zu Promo-Codes auf CSGOEmpire.com k\u00f6nnen Spieler den Live-Chat-Support nutzen, um in Echtzeit direkt mit einem Mitarbeiter zu sprechen. Weitere Vorteile sind schnelle Reaktionszeiten, professionelles und hilfsbereites Personal, Unterst\u00fctzung in mehreren Sprachen und eine 24\/7-Verf\u00fcgbarkeit.<\/p>\t\t\t\t\t\t<\/div>\n\t\t\t\t<\/div>\n\t\t\t\t<div class=\"elementor-element elementor-element-c549da4 elementor-widget elementor-widget-heading\" data-id=\"c549da4\" data-element_type=\"widget\" data-widget_type=\"heading.default\">\n\t\t\t\t<div class=\"elementor-widget-container\">\n\t\t\t<h2 class=\"elementor-heading-title elementor-size-default\">Ist CSGOEmpire seri\u00f6s?<\/h2>\t\t<\/div>\n\t\t\t\t<\/div>\n\t\t\t\t<div class=\"elementor-element elementor-element-3007124 elementor-widget elementor-widget-text-editor\" data-id=\"3007124\" data-element_type=\"widget\" data-widget_type=\"text-editor.default\">\n\t\t\t\t<div class=\"elementor-widget-container\">\n\t\t\t\t\t\t\t<p>Ja, CSGOEmpire ist eine seri\u00f6se Gl\u00fccksspielseite. Erstens ist es eine der \u00e4ltesten CS2-Gl\u00fccksspielplattformen der Branche und existiert bereits seit 2016. Bis heute haben Millionen von Spielern hier gespielt. Dar\u00fcber hinaus k\u00f6nnen wir die Seriosit\u00e4t der Plattform mit folgenden Fakten belegen:<br \/>CSGOEmpire ist transparent in Bezug auf seine Eigentumsverh\u00e4ltnisse und besitzt eine g\u00fcltige Curacao-Gl\u00fccksspiellizenz. Zudem l\u00e4uft ein dediziertes, nachweislich faires System, was bedeutet, dass Bedenken hinsichtlich Fairness ausgeschlossen sind.<\/p>\t\t\t\t\t\t<\/div>\n\t\t\t\t<\/div>\n\t\t\t\t\t<\/div>\n\t\t\t\t<\/div>\n\t\t<div class=\"elementor-element elementor-element-bdb7300 e-flex e-con-boxed e-con e-parent\" data-id=\"bdb7300\" data-element_type=\"container\">\n\t\t\t\t\t<div class=\"e-con-inner\">\n\t\t\t\t<div class=\"elementor-element elementor-element-208fea3 elementor-widget elementor-widget-shortcode\" data-id=\"208fea3\" data-element_type=\"widget\" data-widget_type=\"shortcode.default\">\n\t\t\t\t<div class=\"elementor-widget-container\">\n\t\t\t\t\t<div class=\"elementor-shortcode\"><div class=\"alternative-sites\"><h2>Beste Alternativen zu casinopathfinder.com<\/h2><div class=\"sites-cards-container\">                <div class=\"site-card\">\n                    <div class='site-card-header-wrapper'>\n                                                <div class='site-logo-wrapper'>\n                                <img decoding=\"async\" class=\"site-logo\" src=\"https:\/\/casinopathfinder.com\/wp-content\/uploads\/2024\/08\/cases.gg-logo.webp\" alt=\"cases.gg\">\n                        <\/div>\n                                                <div class=\"site-card-header-right-wrapper\">\n                            <h3 class=\"site-name\">cases.gg<\/h3>\n                            <div class=\"site-rating\"><span class=\"star filled\">&#9733;<\/span><span class=\"star filled\">&#9733;<\/span><span class=\"star filled\">&#9733;<\/span><span class=\"star filled\">&#9733;<\/span><span class=\"star filled\">&#9733;<\/span><\/div>\n                        <\/div>\n                    <\/div>\n                    <p class=\"site-description\">Erhalte t\u00e4glich eine kostenlose Case + 5 % Einzahlungsbonus bis zu $100! L\u00d6SE den Code \u201epromo555\u201c EIN<\/p>\n                    <div class=\"buttons-container\">\n                        <a class=\"site-card-button\" href=\"https:\/\/casinopathfinder.com\/de\/cases-gg-bewertung\/\" target=\"\">Bewertung lesen<\/a>\n                        <a class=\"site-card-button reward\" href=\"https:\/\/cases.gg\/r\/PROMO555\" target=\"_blank\" rel=\"noopener noreferrer\">Bonus einl\u00f6sen<\/a>\n                    <\/div>\n                <\/div>\n                            <div class=\"site-card\">\n                    <div class='site-card-header-wrapper'>\n                                                <div class='site-logo-wrapper'>\n                                <img decoding=\"async\" class=\"site-logo\" src=\"https:\/\/casinopathfinder.com\/wp-content\/uploads\/2024\/08\/gamdom-logo.webp\" alt=\"gamdom.com\">\n                        <\/div>\n                                                <div class=\"site-card-header-right-wrapper\">\n                            <h3 class=\"site-name\">gamdom.com<\/h3>\n                            <div class=\"site-rating\"><span class=\"star filled\">&#9733;<\/span><span class=\"star filled\">&#9733;<\/span><span class=\"star filled\">&#9733;<\/span><span class=\"star filled\">&#9733;<\/span><span class=\"star filled\">&#9733;<\/span><\/div>\n                        <\/div>\n                    <\/div>\n                    <p class=\"site-description\">Gamdom ist eine CS:GO Gambling Seite mit verschiedenen Spielen wie Slots, Dice, Roulette und Crash. Sie bieten schnelle Krypto-Auszahlungen in vielen W\u00e4hrungen. Sofortige Rakeback-Belohnungen freischalten L\u00d6SE den Code \u201epromo555\u201c EIN<\/p>\n                    <div class=\"buttons-container\">\n                        <a class=\"site-card-button\" href=\"https:\/\/casinopathfinder.com\/de\/gamdom-bewertung\/\" target=\"\">Bewertung lesen<\/a>\n                        <a class=\"site-card-button reward\" href=\"https:\/\/gamdom.com\/r\/promo555\" target=\"_blank\" rel=\"noopener noreferrer\">Bonus einl\u00f6sen<\/a>\n                    <\/div>\n                <\/div>\n                            <div class=\"site-card\">\n                    <div class='site-card-header-wrapper'>\n                                                <div class='site-logo-wrapper'>\n                                <img decoding=\"async\" class=\"site-logo\" src=\"https:\/\/casinopathfinder.com\/wp-content\/uploads\/2024\/08\/csgo-roll-logo.webp\" alt=\"csgoroll.com\">\n                        <\/div>\n                                                <div class=\"site-card-header-right-wrapper\">\n                            <h3 class=\"site-name\">csgoroll.com<\/h3>\n                            <div class=\"site-rating\"><span class=\"star filled\">&#9733;<\/span><span class=\"star filled\">&#9733;<\/span><span class=\"star filled\">&#9733;<\/span><span class=\"star filled\">&#9733;<\/span><span class=\"star filled\">&#9733;<\/span><\/div>\n                        <\/div>\n                    <\/div>\n                    <p class=\"site-description\">CSGORoll ist eine bekannte Roulette- und CS:GO Betting-Seite. Du kannst Crash, Plinko und viele andere Spiele spielen!<\/p>\n                    <div class=\"buttons-container\">\n                        <a class=\"site-card-button\" href=\"https:\/\/casinopathfinder.com\/de\/csgoroll-bewertung\/\" target=\"\">Bewertung lesen<\/a>\n                        <a class=\"site-card-button reward\" href=\"https:\/\/csgoroll.com\/r\/PROMO555\" target=\"_blank\" rel=\"noopener noreferrer\">Bonus einl\u00f6sen<\/a>\n                    <\/div>\n                <\/div>\n                            <div class=\"site-card\">\n                    <div class='site-card-header-wrapper'>\n                                                <div class='site-logo-wrapper'>\n                                <img decoding=\"async\" class=\"site-logo\" src=\"https:\/\/casinopathfinder.com\/wp-content\/uploads\/2024\/08\/clash.gg-logo-scaled.webp\" alt=\"Clash.gg\">\n                        <\/div>\n                                                <div class=\"site-card-header-right-wrapper\">\n                            <h3 class=\"site-name\">Clash.gg<\/h3>\n                            <div class=\"site-rating\"><span class=\"star filled\">&#9733;<\/span><span class=\"star filled\">&#9733;<\/span><span class=\"star filled\">&#9733;<\/span><span class=\"star filled\">&#9733;<\/span><span class=\"star filled\">&#9733;<\/span><\/div>\n                        <\/div>\n                    <\/div>\n                    <p class=\"site-description\">Clash.gg ist eine CS:GO Case Opening Seite mit vielen Spielmodi, darunter Battle, Roulette, Upgrade und Plinko! Erhalte einen 5 % Bonus auf alle Einzahlungen und Rakeback-Belohnungen. Du kannst CS:GO Skins und Krypto sofort auszahlen. L\u00d6SE den Code \u201ePROMO555\u201c EIN<\/p>\n                    <div class=\"buttons-container\">\n                        <a class=\"site-card-button\" href=\"https:\/\/casinopathfinder.com\/de\/clash-gg-bewertung\/\" target=\"\">Bewertung lesen<\/a>\n                        <a class=\"site-card-button reward\" href=\"https:\/\/clash.gg\/r\/PROMO555\" target=\"_blank\" rel=\"noopener noreferrer\">Bonus einl\u00f6sen<\/a>\n                    <\/div>\n                <\/div>\n                            <div class=\"site-card\">\n                    <div class='site-card-header-wrapper'>\n                                                <div class='site-logo-wrapper'>\n                                <img decoding=\"async\" class=\"site-logo\" src=\"https:\/\/casinopathfinder.com\/wp-content\/uploads\/2024\/09\/hypedrop-logo3.png\" alt=\"hypedrop.com\">\n                        <\/div>\n                                                <div class=\"site-card-header-right-wrapper\">\n                            <h3 class=\"site-name\">hypedrop.com<\/h3>\n                            <div class=\"site-rating\"><span class=\"star filled\">&#9733;<\/span><span class=\"star filled\">&#9733;<\/span><span class=\"star filled\">&#9733;<\/span><span class=\"star filled\">&#9733;<\/span><span class=\"star half\">&#9734;<\/span><\/div>\n                        <\/div>\n                    <\/div>\n                    <p class=\"site-description\">Erhalte 3 kostenlose Boxen + 5 % Einzahlungsbonus bis zu $100 t\u00e4glich!<\/p>\n                    <div class=\"buttons-container\">\n                        <a class=\"site-card-button\" href=\"https:\/\/casinopathfinder.com\/de\/hypedrop-com-bewertung\/\" target=\"\">Bewertung lesen<\/a>\n                        <a class=\"site-card-button reward\" href=\"https:\/\/hypedrop.com\/r\/PROMO555\" target=\"_blank\" rel=\"noopener noreferrer\">Bonus einl\u00f6sen<\/a>\n                    <\/div>\n                <\/div>\n            <\/div><\/div><\/div>\n\t\t\t\t<\/div>\n\t\t\t\t<\/div>\n\t\t\t\t\t<\/div>\n\t\t\t\t<\/div>\n\t\t\t\t<\/div>","protected":false},"excerpt":{"rendered":"<p>CSGOEmpire review &#8211; The CSGOEmpire website is a well-known online resource that gives Counter-Strike: Global Offensive (CS:GO) fans a fun and participatory experience. It gives users the chance to partake in skin gambling and betting activities. Upon visiting the CSGOEmpire website, users are greeted with a sleek and user-friendly interface that showcases a range of [&hellip;]<\/p>","protected":false},"author":1,"featured_media":3805,"parent":0,"menu_order":0,"comment_status":"closed","ping_status":"closed","template":"","meta":{"_acf_changed":false,"footnotes":""},"class_list":["post-3358","page","type-page","status-publish","has-post-thumbnail","hentry"],"acf":[],"_links":{"self":[{"href":"https:\/\/casinopathfinder.com\/de\/wp-json\/wp\/v2\/pages\/3358","targetHints":{"allow":["GET"]}}],"collection":[{"href":"https:\/\/casinopathfinder.com\/de\/wp-json\/wp\/v2\/pages"}],"about":[{"href":"https:\/\/casinopathfinder.com\/de\/wp-json\/wp\/v2\/types\/page"}],"author":[{"embeddable":true,"href":"https:\/\/casinopathfinder.com\/de\/wp-json\/wp\/v2\/users\/1"}],"replies":[{"embeddable":true,"href":"https:\/\/casinopathfinder.com\/de\/wp-json\/wp\/v2\/comments?post=3358"}],"version-history":[{"count":11,"href":"https:\/\/casinopathfinder.com\/de\/wp-json\/wp\/v2\/pages\/3358\/revisions"}],"predecessor-version":[{"id":4301,"href":"https:\/\/casinopathfinder.com\/de\/wp-json\/wp\/v2\/pages\/3358\/revisions\/4301"}],"wp:featuredmedia":[{"embeddable":true,"href":"https:\/\/casinopathfinder.com\/de\/wp-json\/wp\/v2\/media\/3805"}],"wp:attachment":[{"href":"https:\/\/casinopathfinder.com\/de\/wp-json\/wp\/v2\/media?parent=3358"}],"curies":[{"name":"wp","href":"https:\/\/api.w.org\/{rel}","templated":true}]}}