{"id":3379,"date":"2024-10-10T10:29:28","date_gmt":"2024-10-10T10:29:28","guid":{"rendered":"https:\/\/casinopathfinder.com\/?page_id=3379"},"modified":"2025-03-12T11:36:06","modified_gmt":"2025-03-12T11:36:06","slug":"royale-gg-review","status":"publish","type":"page","link":"https:\/\/casinopathfinder.com\/de\/royale-gg-bewertung\/","title":{"rendered":"Royale.gg Review"},"content":{"rendered":"<div data-elementor-type=\"wp-page\" data-elementor-id=\"3379\" class=\"elementor elementor-3379\">\n\t\t\t\t<div class=\"elementor-element elementor-element-b5e4281 e-flex e-con-boxed e-con e-parent\" data-id=\"b5e4281\" data-element_type=\"container\">\n\t\t\t\t\t<div class=\"e-con-inner\">\n\t\t\t\t<div class=\"elementor-element elementor-element-6302d71 elementor-widget elementor-widget-heading\" data-id=\"6302d71\" data-element_type=\"widget\" data-widget_type=\"heading.default\">\n\t\t\t\t<div class=\"elementor-widget-container\">\n\t\t\t<style>\/*! elementor - v3.23.0 - 05-08-2024 *\/\n.elementor-heading-title{padding:0;margin:0;line-height:1}.elementor-widget-heading .elementor-heading-title[class*=elementor-size-]>a{color:inherit;font-size:inherit;line-height:inherit}.elementor-widget-heading .elementor-heading-title.elementor-size-small{font-size:15px}.elementor-widget-heading .elementor-heading-title.elementor-size-medium{font-size:19px}.elementor-widget-heading .elementor-heading-title.elementor-size-large{font-size:29px}.elementor-widget-heading .elementor-heading-title.elementor-size-xl{font-size:39px}.elementor-widget-heading .elementor-heading-title.elementor-size-xxl{font-size:59px}<\/style><h1 class=\"elementor-heading-title elementor-size-default\">Royale.gg Bewertung <span>- Mai 2026<\/span><\/h1>\t\t<\/div>\n\t\t\t\t<\/div>\n\t\t\t\t<div class=\"elementor-element elementor-element-fb442e5 elementor-widget elementor-widget-heading\" data-id=\"fb442e5\" data-element_type=\"widget\" data-widget_type=\"heading.default\">\n\t\t\t\t<div class=\"elementor-widget-container\">\n\t\t\t<h2 class=\"elementor-heading-title elementor-size-default\">Was ist Royale.gg?<\/h2>\t\t<\/div>\n\t\t\t\t<\/div>\n\t\t\t\t<div class=\"elementor-element elementor-element-4ddc75a elementor-widget elementor-widget-text-editor\" data-id=\"4ddc75a\" data-element_type=\"widget\" data-widget_type=\"text-editor.default\">\n\t\t\t\t<div class=\"elementor-widget-container\">\n\t\t\t<style>\/*! elementor - v3.23.0 - 05-08-2024 *\/\n.elementor-widget-text-editor.elementor-drop-cap-view-stacked .elementor-drop-cap{background-color:#69727d;color:#fff}.elementor-widget-text-editor.elementor-drop-cap-view-framed .elementor-drop-cap{color:#69727d;border:3px solid;background-color:transparent}.elementor-widget-text-editor:not(.elementor-drop-cap-view-default) .elementor-drop-cap{margin-top:8px}.elementor-widget-text-editor:not(.elementor-drop-cap-view-default) .elementor-drop-cap-letter{width:1em;height:1em}.elementor-widget-text-editor .elementor-drop-cap{float:left;text-align:center;line-height:1;font-size:50px}.elementor-widget-text-editor .elementor-drop-cap-letter{display:inline-block}<\/style>\t\t\t\t<p>Erlebe den Nervenkitzel von Case Openings, bei denen du echtes Geld verwenden kannst, um virtuelle Truhen mit aufregenden In-Game-Items zu \u00f6ffnen \u2013 von m\u00e4chtigen Karten bis hin zu exklusiven Skins.<\/p>\t\t\t\t\t\t<\/div>\n\t\t\t\t<\/div>\n\t\t\t\t<div class=\"elementor-element elementor-element-38a65f1 elementor-align-left elementor-widget elementor-widget-button\" data-id=\"38a65f1\" data-element_type=\"widget\" data-widget_type=\"button.default\">\n\t\t\t\t<div class=\"elementor-widget-container\">\n\t\t\t\t\t<div class=\"elementor-button-wrapper\">\n\t\t\t<a class=\"elementor-button elementor-button-link elementor-size-sm\" href=\"https:\/\/royale.gg\/r\/promo555\">\n\t\t\t\t\t\t<span class=\"elementor-button-content-wrapper\">\n\t\t\t\t\t\t\t\t\t<span class=\"elementor-button-text\">Bonus erhalten<\/span>\n\t\t\t\t\t<\/span>\n\t\t\t\t\t<\/a>\n\t\t<\/div>\n\t\t\t\t<\/div>\n\t\t\t\t<\/div>\n\t\t\t\t<div class=\"elementor-element elementor-element-abaa85b elementor-widget elementor-widget-heading\" data-id=\"abaa85b\" data-element_type=\"widget\" data-widget_type=\"heading.default\">\n\t\t\t\t<div class=\"elementor-widget-container\">\n\t\t\t<h2 class=\"elementor-heading-title elementor-size-default\">So verwendest du RoyaleCases Promo Codes<\/h2>\t\t<\/div>\n\t\t\t\t<\/div>\n\t\t\t\t<div class=\"elementor-element elementor-element-e4e6cae elementor-widget elementor-widget-text-editor\" data-id=\"e4e6cae\" data-element_type=\"widget\" data-widget_type=\"text-editor.default\">\n\t\t\t\t<div class=\"elementor-widget-container\">\n\t\t\t\t\t\t\t<p>1. Falls du noch kein Konto auf der Plattform hast, erstelle eines. Andernfalls melde dich mit deinen Zugangsdaten an.<\/p>\t\t\t\t\t\t<\/div>\n\t\t\t\t<\/div>\n\t\t\t\t<div class=\"elementor-element elementor-element-05b54e9 elementor-widget elementor-widget-image\" data-id=\"05b54e9\" data-element_type=\"widget\" data-widget_type=\"image.default\">\n\t\t\t\t<div class=\"elementor-widget-container\">\n\t\t\t<style>\/*! elementor - v3.23.0 - 05-08-2024 *\/\n.elementor-widget-image{text-align:center}.elementor-widget-image a{display:inline-block}.elementor-widget-image a img[src$=\".svg\"]{width:48px}.elementor-widget-image img{vertical-align:middle;display:inline-block}<\/style>\t\t\t\t\t\t\t\t\t\t<img fetchpriority=\"high\" decoding=\"async\" width=\"800\" height=\"312\" src=\"https:\/\/casinopathfinder.com\/wp-content\/uploads\/2024\/09\/royale-gg-review-bg1-1024x399.webp\" class=\"attachment-large size-large wp-image-982\" alt=\"Royale.gg Review\" srcset=\"https:\/\/casinopathfinder.com\/wp-content\/uploads\/2024\/09\/royale-gg-review-bg1-1024x399.webp 1024w, https:\/\/casinopathfinder.com\/wp-content\/uploads\/2024\/09\/royale-gg-review-bg1-300x117.webp 300w, https:\/\/casinopathfinder.com\/wp-content\/uploads\/2024\/09\/royale-gg-review-bg1-768x300.webp 768w, https:\/\/casinopathfinder.com\/wp-content\/uploads\/2024\/09\/royale-gg-review-bg1-1536x599.webp 1536w, https:\/\/casinopathfinder.com\/wp-content\/uploads\/2024\/09\/royale-gg-review-bg1.webp 1600w\" sizes=\"(max-width: 800px) 100vw, 800px\" \/>\t\t\t\t\t\t\t\t\t\t\t\t\t<\/div>\n\t\t\t\t<\/div>\n\t\t\t\t<div class=\"elementor-element elementor-element-ea7c961 elementor-widget elementor-widget-text-editor\" data-id=\"ea7c961\" data-element_type=\"widget\" data-widget_type=\"text-editor.default\">\n\t\t\t\t<div class=\"elementor-widget-container\">\n\t\t\t\t\t\t\t<p>2. Durchsuche dann die verf\u00fcgbaren Angebote, um eine Box zu finden, die dir gef\u00e4llt, und w\u00e4hle sie aus.<\/p>\t\t\t\t\t\t<\/div>\n\t\t\t\t<\/div>\n\t\t\t\t<div class=\"elementor-element elementor-element-d2ecae7 elementor-widget elementor-widget-image\" data-id=\"d2ecae7\" data-element_type=\"widget\" data-widget_type=\"image.default\">\n\t\t\t\t<div class=\"elementor-widget-container\">\n\t\t\t\t\t\t\t\t\t\t\t\t\t<img decoding=\"async\" width=\"800\" height=\"309\" src=\"https:\/\/casinopathfinder.com\/wp-content\/uploads\/2024\/09\/royale-gg-review-bg2-1024x396.webp\" class=\"attachment-large size-large wp-image-983\" alt=\"Royale.gg Review\" srcset=\"https:\/\/casinopathfinder.com\/wp-content\/uploads\/2024\/09\/royale-gg-review-bg2-1024x396.webp 1024w, https:\/\/casinopathfinder.com\/wp-content\/uploads\/2024\/09\/royale-gg-review-bg2-300x116.webp 300w, https:\/\/casinopathfinder.com\/wp-content\/uploads\/2024\/09\/royale-gg-review-bg2-768x297.webp 768w, https:\/\/casinopathfinder.com\/wp-content\/uploads\/2024\/09\/royale-gg-review-bg2-1536x594.webp 1536w, https:\/\/casinopathfinder.com\/wp-content\/uploads\/2024\/09\/royale-gg-review-bg2.webp 1600w\" sizes=\"(max-width: 800px) 100vw, 800px\" \/>\t\t\t\t\t\t\t\t\t\t\t\t\t<\/div>\n\t\t\t\t<\/div>\n\t\t\t\t<div class=\"elementor-element elementor-element-3176561 elementor-widget elementor-widget-text-editor\" data-id=\"3176561\" data-element_type=\"widget\" data-widget_type=\"text-editor.default\">\n\t\t\t\t<div class=\"elementor-widget-container\">\n\t\t\t\t\t\t\t<p>3. Nachdem du die Box ausgew\u00e4hlt hast, gehe zur Kasse, um deinen Kauf abzuschlie\u00dfen, und gib den RoyaleCases Promo-Code ein.<\/p>\t\t\t\t\t\t<\/div>\n\t\t\t\t<\/div>\n\t\t\t\t<div class=\"elementor-element elementor-element-d772da6 elementor-widget elementor-widget-image\" data-id=\"d772da6\" data-element_type=\"widget\" data-widget_type=\"image.default\">\n\t\t\t\t<div class=\"elementor-widget-container\">\n\t\t\t\t\t\t\t\t\t\t\t\t\t<img decoding=\"async\" width=\"800\" height=\"313\" src=\"https:\/\/casinopathfinder.com\/wp-content\/uploads\/2024\/09\/royale-gg-review-bg3-1024x400.webp\" class=\"attachment-large size-large wp-image-984\" alt=\"Royale.gg Review\" srcset=\"https:\/\/casinopathfinder.com\/wp-content\/uploads\/2024\/09\/royale-gg-review-bg3-1024x400.webp 1024w, https:\/\/casinopathfinder.com\/wp-content\/uploads\/2024\/09\/royale-gg-review-bg3-300x117.webp 300w, https:\/\/casinopathfinder.com\/wp-content\/uploads\/2024\/09\/royale-gg-review-bg3-768x300.webp 768w, https:\/\/casinopathfinder.com\/wp-content\/uploads\/2024\/09\/royale-gg-review-bg3-1536x600.webp 1536w, https:\/\/casinopathfinder.com\/wp-content\/uploads\/2024\/09\/royale-gg-review-bg3.webp 1600w\" sizes=\"(max-width: 800px) 100vw, 800px\" \/>\t\t\t\t\t\t\t\t\t\t\t\t\t<\/div>\n\t\t\t\t<\/div>\n\t\t\t\t<div class=\"elementor-element elementor-element-b0b316a elementor-widget elementor-widget-text-editor\" data-id=\"b0b316a\" data-element_type=\"widget\" data-widget_type=\"text-editor.default\">\n\t\t\t\t<div class=\"elementor-widget-container\">\n\t\t\t\t\t\t\t<p>4. Suche das daf\u00fcr vorgesehene Feld, um den RoyaleCases Bonus-Code einzugeben, und achte darauf, den Code korrekt einzugeben, um die G\u00fcltigkeit sicherzustellen.<\/p>\t\t\t\t\t\t<\/div>\n\t\t\t\t<\/div>\n\t\t\t\t<div class=\"elementor-element elementor-element-946865e elementor-widget elementor-widget-image\" data-id=\"946865e\" data-element_type=\"widget\" data-widget_type=\"image.default\">\n\t\t\t\t<div class=\"elementor-widget-container\">\n\t\t\t\t\t\t\t\t\t\t\t\t\t<img loading=\"lazy\" decoding=\"async\" width=\"546\" height=\"936\" src=\"https:\/\/casinopathfinder.com\/wp-content\/uploads\/2024\/09\/royale-gg-review-bg4.webp\" class=\"attachment-large size-large wp-image-985\" alt=\"Royale.gg Review\" srcset=\"https:\/\/casinopathfinder.com\/wp-content\/uploads\/2024\/09\/royale-gg-review-bg4.webp 546w, https:\/\/casinopathfinder.com\/wp-content\/uploads\/2024\/09\/royale-gg-review-bg4-175x300.webp 175w\" sizes=\"(max-width: 546px) 100vw, 546px\" \/>\t\t\t\t\t\t\t\t\t\t\t\t\t<\/div>\n\t\t\t\t<\/div>\n\t\t\t\t<div class=\"elementor-element elementor-element-2edd5e1 elementor-widget elementor-widget-text-editor\" data-id=\"2edd5e1\" data-element_type=\"widget\" data-widget_type=\"text-editor.default\">\n\t\t\t\t<div class=\"elementor-widget-container\">\n\t\t\t\t\t\t\t<p>5. Klicke auf die Schaltfl\u00e4che \u201eAnwenden\u201c, um den Promo-Code zu aktivieren und deine Belohnung w\u00e4hrend des Bezahlvorgangs einzul\u00f6sen. Royale.gg Review<\/p>\t\t\t\t\t\t<\/div>\n\t\t\t\t<\/div>\n\t\t\t\t<div class=\"elementor-element elementor-element-bd63000 elementor-widget elementor-widget-image\" data-id=\"bd63000\" data-element_type=\"widget\" data-widget_type=\"image.default\">\n\t\t\t\t<div class=\"elementor-widget-container\">\n\t\t\t\t\t\t\t\t\t\t\t\t\t<img loading=\"lazy\" decoding=\"async\" width=\"800\" height=\"389\" src=\"https:\/\/casinopathfinder.com\/wp-content\/uploads\/2024\/09\/royale-gg-review-bg5.webp\" class=\"attachment-large size-large wp-image-986\" alt=\"Royale.gg Review\" srcset=\"https:\/\/casinopathfinder.com\/wp-content\/uploads\/2024\/09\/royale-gg-review-bg5.webp 974w, https:\/\/casinopathfinder.com\/wp-content\/uploads\/2024\/09\/royale-gg-review-bg5-300x146.webp 300w, https:\/\/casinopathfinder.com\/wp-content\/uploads\/2024\/09\/royale-gg-review-bg5-768x374.webp 768w\" sizes=\"(max-width: 800px) 100vw, 800px\" \/>\t\t\t\t\t\t\t\t\t\t\t\t\t<\/div>\n\t\t\t\t<\/div>\n\t\t\t\t<div class=\"elementor-element elementor-element-c57b14a elementor-align-left elementor-widget elementor-widget-button\" data-id=\"c57b14a\" data-element_type=\"widget\" data-widget_type=\"button.default\">\n\t\t\t\t<div class=\"elementor-widget-container\">\n\t\t\t\t\t<div class=\"elementor-button-wrapper\">\n\t\t\t<a class=\"elementor-button elementor-button-link elementor-size-sm\" href=\"https:\/\/royale.gg\/r\/promo555\">\n\t\t\t\t\t\t<span class=\"elementor-button-content-wrapper\">\n\t\t\t\t\t\t\t\t\t<span class=\"elementor-button-text\">Nutze jetzt unseren Royale.gg Promo Code<\/span>\n\t\t\t\t\t<\/span>\n\t\t\t\t\t<\/a>\n\t\t<\/div>\n\t\t\t\t<\/div>\n\t\t\t\t<\/div>\n\t\t\t\t<div class=\"elementor-element elementor-element-4d68d44 elementor-widget elementor-widget-heading\" data-id=\"4d68d44\" data-element_type=\"widget\" data-widget_type=\"heading.default\">\n\t\t\t\t<div class=\"elementor-widget-container\">\n\t\t\t<h2 class=\"elementor-heading-title elementor-size-default\">Was brauche ich, um den RoyaleCases Referral Code zu verwenden?<\/h2>\t\t<\/div>\n\t\t\t\t<\/div>\n\t\t\t\t<div class=\"elementor-element elementor-element-3da7325 elementor-widget elementor-widget-text-editor\" data-id=\"3da7325\" data-element_type=\"widget\" data-widget_type=\"text-editor.default\">\n\t\t\t\t<div class=\"elementor-widget-container\">\n\t\t\t\t\t\t\t<p>RoyaleCases ist eine benutzerfreundliche Plattform, die Spielern zahlreiche M\u00f6glichkeiten bietet, ihren Fortschritt zu verbessern. Eine davon ist das hervorragende Referral-System, bei dem Spieler ihre RoyaleCases Codes oder Einladungslinks teilen k\u00f6nnen, um andere Nutzer auf die Plattform einzuladen und davon zu profitieren. Um diesen Bonus zu nutzen, ben\u00f6tigst du Folgendes:<\/p>\t\t\t\t\t\t<\/div>\n\t\t\t\t<\/div>\n\t\t\t\t<div class=\"elementor-element elementor-element-4a4ada7 elementor-widget elementor-widget-text-editor\" data-id=\"4a4ada7\" data-element_type=\"widget\" data-widget_type=\"text-editor.default\">\n\t\t\t\t<div class=\"elementor-widget-container\">\n\t\t\t\t\t\t\t<p class=\"translation-block\">\u2013 <strong>Neuer Benutzerstatus<\/strong>: Referral Codes sind haupts\u00e4chlich dazu gedacht, neue Nutzer auf die Plattform einzuladen. Bestehenden Nutzern bringen sie daher keinen Vorteil.<\/p><p class=\"translation-block\">\u2013 <strong>G\u00fcltigkeit<\/strong>: RoyaleCases Codes sind nur f\u00fcr eine begrenzte Zeit g\u00fcltig und k\u00f6nnen danach nicht mehr verwendet werden.<\/p><p class=\"translation-block\">\u2013 <strong>Einmalige Nutzung<\/strong>: Referral Codes dienen als einmaliger Willkommensbonus und k\u00f6nnen nicht mehrfach von demselben Nutzer eingel\u00f6st werden.<\/p><p class=\"translation-block\">\u2013 <strong>Einschr\u00e4nkungen<\/strong>: Einige RoyaleCases Promo Codes k\u00f6nnten geografischen Beschr\u00e4nkungen und gesetzlichen Bestimmungen unterliegen.<\/p>\t\t\t\t\t\t<\/div>\n\t\t\t\t<\/div>\n\t\t\t\t\t<\/div>\n\t\t\t\t<\/div>\n\t\t<div class=\"elementor-element elementor-element-26653af e-flex e-con-boxed e-con e-parent\" data-id=\"26653af\" data-element_type=\"container\">\n\t\t\t\t\t<div class=\"e-con-inner\">\n\t\t\t\t<div class=\"elementor-element elementor-element-7b32369 elementor-widget elementor-widget-shortcode\" data-id=\"7b32369\" data-element_type=\"widget\" data-widget_type=\"shortcode.default\">\n\t\t\t\t<div class=\"elementor-widget-container\">\n\t\t\t\t\t<div class=\"elementor-shortcode\"><div class=\"alternative-sites\"><h2>Beste Alternativen zu casinopathfinder.com<\/h2><div class=\"sites-cards-container\">                <div class=\"site-card\">\n                    <div class='site-card-header-wrapper'>\n                                                <div class='site-logo-wrapper'>\n                                <img decoding=\"async\" class=\"site-logo\" src=\"https:\/\/casinopathfinder.com\/wp-content\/uploads\/2024\/08\/cases.gg-logo.webp\" alt=\"cases.gg\">\n                        <\/div>\n                                                <div class=\"site-card-header-right-wrapper\">\n                            <h3 class=\"site-name\">cases.gg<\/h3>\n                            <div class=\"site-rating\"><span class=\"star filled\">&#9733;<\/span><span class=\"star filled\">&#9733;<\/span><span class=\"star filled\">&#9733;<\/span><span class=\"star filled\">&#9733;<\/span><span class=\"star filled\">&#9733;<\/span><\/div>\n                        <\/div>\n                    <\/div>\n                    <p class=\"site-description\">Erhalte t\u00e4glich eine kostenlose Case + 5 % Einzahlungsbonus bis zu $100! L\u00d6SE den Code \u201epromo555\u201c EIN<\/p>\n                    <div class=\"buttons-container\">\n                        <a class=\"site-card-button\" href=\"https:\/\/casinopathfinder.com\/de\/cases-gg-bewertung\/\" target=\"\">Bewertung lesen<\/a>\n                        <a class=\"site-card-button reward\" href=\"https:\/\/cases.gg\/r\/PROMO555\" target=\"_blank\" rel=\"noopener noreferrer\">Bonus einl\u00f6sen<\/a>\n                    <\/div>\n                <\/div>\n                            <div class=\"site-card\">\n                    <div class='site-card-header-wrapper'>\n                                                <div class='site-logo-wrapper'>\n                                <img decoding=\"async\" class=\"site-logo\" src=\"https:\/\/casinopathfinder.com\/wp-content\/uploads\/2024\/08\/gamdom-logo.webp\" alt=\"gamdom.com\">\n                        <\/div>\n                                                <div class=\"site-card-header-right-wrapper\">\n                            <h3 class=\"site-name\">gamdom.com<\/h3>\n                            <div class=\"site-rating\"><span class=\"star filled\">&#9733;<\/span><span class=\"star filled\">&#9733;<\/span><span class=\"star filled\">&#9733;<\/span><span class=\"star filled\">&#9733;<\/span><span class=\"star filled\">&#9733;<\/span><\/div>\n                        <\/div>\n                    <\/div>\n                    <p class=\"site-description\">Gamdom ist eine CS:GO Gambling Seite mit verschiedenen Spielen wie Slots, Dice, Roulette und Crash. Sie bieten schnelle Krypto-Auszahlungen in vielen W\u00e4hrungen. Sofortige Rakeback-Belohnungen freischalten L\u00d6SE den Code \u201epromo555\u201c EIN<\/p>\n                    <div class=\"buttons-container\">\n                        <a class=\"site-card-button\" href=\"https:\/\/casinopathfinder.com\/de\/gamdom-bewertung\/\" target=\"\">Bewertung lesen<\/a>\n                        <a class=\"site-card-button reward\" href=\"https:\/\/gamdom.com\/r\/promo555\" target=\"_blank\" rel=\"noopener noreferrer\">Bonus einl\u00f6sen<\/a>\n                    <\/div>\n                <\/div>\n                            <div class=\"site-card\">\n                    <div class='site-card-header-wrapper'>\n                                                <div class='site-logo-wrapper'>\n                                <img decoding=\"async\" class=\"site-logo\" src=\"https:\/\/casinopathfinder.com\/wp-content\/uploads\/2024\/08\/csgo-roll-logo.webp\" alt=\"csgoroll.com\">\n                        <\/div>\n                                                <div class=\"site-card-header-right-wrapper\">\n                            <h3 class=\"site-name\">csgoroll.com<\/h3>\n                            <div class=\"site-rating\"><span class=\"star filled\">&#9733;<\/span><span class=\"star filled\">&#9733;<\/span><span class=\"star filled\">&#9733;<\/span><span class=\"star filled\">&#9733;<\/span><span class=\"star filled\">&#9733;<\/span><\/div>\n                        <\/div>\n                    <\/div>\n                    <p class=\"site-description\">CSGORoll ist eine bekannte Roulette- und CS:GO Betting-Seite. Du kannst Crash, Plinko und viele andere Spiele spielen!<\/p>\n                    <div class=\"buttons-container\">\n                        <a class=\"site-card-button\" href=\"https:\/\/casinopathfinder.com\/de\/csgoroll-bewertung\/\" target=\"\">Bewertung lesen<\/a>\n                        <a class=\"site-card-button reward\" href=\"https:\/\/csgoroll.com\/r\/PROMO555\" target=\"_blank\" rel=\"noopener noreferrer\">Bonus einl\u00f6sen<\/a>\n                    <\/div>\n                <\/div>\n                            <div class=\"site-card\">\n                    <div class='site-card-header-wrapper'>\n                                                <div class='site-logo-wrapper'>\n                                <img decoding=\"async\" class=\"site-logo\" src=\"https:\/\/casinopathfinder.com\/wp-content\/uploads\/2024\/08\/clash.gg-logo-scaled.webp\" alt=\"Clash.gg\">\n                        <\/div>\n                                                <div class=\"site-card-header-right-wrapper\">\n                            <h3 class=\"site-name\">Clash.gg<\/h3>\n                            <div class=\"site-rating\"><span class=\"star filled\">&#9733;<\/span><span class=\"star filled\">&#9733;<\/span><span class=\"star filled\">&#9733;<\/span><span class=\"star filled\">&#9733;<\/span><span class=\"star filled\">&#9733;<\/span><\/div>\n                        <\/div>\n                    <\/div>\n                    <p class=\"site-description\">Clash.gg ist eine CS:GO Case Opening Seite mit vielen Spielmodi, darunter Battle, Roulette, Upgrade und Plinko! Erhalte einen 5 % Bonus auf alle Einzahlungen und Rakeback-Belohnungen. Du kannst CS:GO Skins und Krypto sofort auszahlen. L\u00d6SE den Code \u201ePROMO555\u201c EIN<\/p>\n                    <div class=\"buttons-container\">\n                        <a class=\"site-card-button\" href=\"https:\/\/casinopathfinder.com\/de\/clash-gg-bewertung\/\" target=\"\">Bewertung lesen<\/a>\n                        <a class=\"site-card-button reward\" href=\"https:\/\/clash.gg\/r\/PROMO555\" target=\"_blank\" rel=\"noopener noreferrer\">Bonus einl\u00f6sen<\/a>\n                    <\/div>\n                <\/div>\n                            <div class=\"site-card\">\n                    <div class='site-card-header-wrapper'>\n                                                <div class='site-logo-wrapper'>\n                                <img decoding=\"async\" class=\"site-logo\" src=\"https:\/\/casinopathfinder.com\/wp-content\/uploads\/2024\/09\/hypedrop-logo3.png\" alt=\"hypedrop.com\">\n                        <\/div>\n                                                <div class=\"site-card-header-right-wrapper\">\n                            <h3 class=\"site-name\">hypedrop.com<\/h3>\n                            <div class=\"site-rating\"><span class=\"star filled\">&#9733;<\/span><span class=\"star filled\">&#9733;<\/span><span class=\"star filled\">&#9733;<\/span><span class=\"star filled\">&#9733;<\/span><span class=\"star half\">&#9734;<\/span><\/div>\n                        <\/div>\n                    <\/div>\n                    <p class=\"site-description\">Erhalte 3 kostenlose Boxen + 5 % Einzahlungsbonus bis zu $100 t\u00e4glich!<\/p>\n                    <div class=\"buttons-container\">\n                        <a class=\"site-card-button\" href=\"https:\/\/casinopathfinder.com\/de\/hypedrop-com-bewertung\/\" target=\"\">Bewertung lesen<\/a>\n                        <a class=\"site-card-button reward\" href=\"https:\/\/hypedrop.com\/r\/PROMO555\" target=\"_blank\" rel=\"noopener noreferrer\">Bonus einl\u00f6sen<\/a>\n                    <\/div>\n                <\/div>\n            <\/div><\/div><\/div>\n\t\t\t\t<\/div>\n\t\t\t\t<\/div>\n\t\t\t\t\t<\/div>\n\t\t\t\t<\/div>\n\t\t\t\t<\/div>","protected":false},"excerpt":{"rendered":"<p>Royale.gg review &#8211; What is Royale.gg ? Experience the thrill of case openings where you can use real money to unlock virtual chests filled with exciting in-game items, from powerful cards to exclusive skins. Get Bonus How to Use RoyaleCases Promo Codes 1. If you don\u2019t already have an account on the platform, create one. [&hellip;]<\/p>","protected":false},"author":1,"featured_media":3805,"parent":0,"menu_order":0,"comment_status":"closed","ping_status":"closed","template":"","meta":{"_acf_changed":false,"footnotes":""},"class_list":["post-3379","page","type-page","status-publish","has-post-thumbnail","hentry"],"acf":[],"_links":{"self":[{"href":"https:\/\/casinopathfinder.com\/de\/wp-json\/wp\/v2\/pages\/3379","targetHints":{"allow":["GET"]}}],"collection":[{"href":"https:\/\/casinopathfinder.com\/de\/wp-json\/wp\/v2\/pages"}],"about":[{"href":"https:\/\/casinopathfinder.com\/de\/wp-json\/wp\/v2\/types\/page"}],"author":[{"embeddable":true,"href":"https:\/\/casinopathfinder.com\/de\/wp-json\/wp\/v2\/users\/1"}],"replies":[{"embeddable":true,"href":"https:\/\/casinopathfinder.com\/de\/wp-json\/wp\/v2\/comments?post=3379"}],"version-history":[{"count":11,"href":"https:\/\/casinopathfinder.com\/de\/wp-json\/wp\/v2\/pages\/3379\/revisions"}],"predecessor-version":[{"id":4344,"href":"https:\/\/casinopathfinder.com\/de\/wp-json\/wp\/v2\/pages\/3379\/revisions\/4344"}],"wp:featuredmedia":[{"embeddable":true,"href":"https:\/\/casinopathfinder.com\/de\/wp-json\/wp\/v2\/media\/3805"}],"wp:attachment":[{"href":"https:\/\/casinopathfinder.com\/de\/wp-json\/wp\/v2\/media?parent=3379"}],"curies":[{"name":"wp","href":"https:\/\/api.w.org\/{rel}","templated":true}]}}