{"id":744,"date":"2024-08-23T19:22:41","date_gmt":"2024-08-23T19:22:41","guid":{"rendered":"https:\/\/casinopathfinder.com\/?page_id=744"},"modified":"2025-03-12T11:19:03","modified_gmt":"2025-03-12T11:19:03","slug":"blog","status":"publish","type":"page","link":"https:\/\/casinopathfinder.com\/de\/blog\/","title":{"rendered":"Blog"},"content":{"rendered":"<div data-elementor-type=\"wp-page\" data-elementor-id=\"744\" class=\"elementor elementor-744\">\n\t\t\t\t<div class=\"elementor-element elementor-element-7ef7356 e-flex e-con-boxed e-con e-parent\" data-id=\"7ef7356\" data-element_type=\"container\">\n\t\t\t\t\t<div class=\"e-con-inner\">\n\t\t\t\t<div class=\"elementor-element elementor-element-6f03e63 elementor-widget elementor-widget-heading\" data-id=\"6f03e63\" data-element_type=\"widget\" data-widget_type=\"heading.default\">\n\t\t\t\t<div class=\"elementor-widget-container\">\n\t\t\t<style>\/*! elementor - v3.23.0 - 05-08-2024 *\/\n.elementor-heading-title{padding:0;margin:0;line-height:1}.elementor-widget-heading .elementor-heading-title[class*=elementor-size-]>a{color:inherit;font-size:inherit;line-height:inherit}.elementor-widget-heading .elementor-heading-title.elementor-size-small{font-size:15px}.elementor-widget-heading .elementor-heading-title.elementor-size-medium{font-size:19px}.elementor-widget-heading .elementor-heading-title.elementor-size-large{font-size:29px}.elementor-widget-heading .elementor-heading-title.elementor-size-xl{font-size:39px}.elementor-widget-heading .elementor-heading-title.elementor-size-xxl{font-size:59px}<\/style><h1 class=\"elementor-heading-title elementor-size-default\">Casinopathfinder Blog - April 2026<\/h1>\t\t<\/div>\n\t\t\t\t<\/div>\n\t\t\t\t<div class=\"elementor-element elementor-element-e8ac927 elementor-widget elementor-widget-heading\" data-id=\"e8ac927\" data-element_type=\"widget\" data-widget_type=\"heading.default\">\n\t\t\t\t<div class=\"elementor-widget-container\">\n\t\t\t<h2 class=\"elementor-heading-title elementor-size-default\">Neueste Erkenntnisse und Tipps zum Thema Skins-Gl\u00fccksspiel und -Handel<\/h2>\t\t<\/div>\n\t\t\t\t<\/div>\n\t\t\t\t<div class=\"elementor-element elementor-element-44bd2aa elementor-widget elementor-widget-shortcode\" data-id=\"44bd2aa\" data-element_type=\"widget\" data-widget_type=\"shortcode.default\">\n\t\t\t\t<div class=\"elementor-widget-container\">\n\t\t\t\t\t<div class=\"elementor-shortcode\"><div class=\"custom-blog-posts\">            <div class=\"blog-post\">\n                                    <div class=\"post-thumbnail\">\n                        <a href=\"https:\/\/casinopathfinder.com\/de\/falcons-dominieren-g2-und-gewinnen-das-pgl-bucharest-finale\/\">\n                            <img fetchpriority=\"high\" decoding=\"async\" width=\"1280\" height=\"853\" src=\"https:\/\/casinopathfinder.com\/wp-content\/uploads\/2025\/04\/Falcons_Dominate_G2_to_Win_PGL_Bucharest_Final.jpg\" class=\"attachment-full size-full wp-post-image\" alt=\"Falcons dominieren G2 und gewinnen das PGL Bucharest Finale\" srcset=\"https:\/\/casinopathfinder.com\/wp-content\/uploads\/2025\/04\/Falcons_Dominate_G2_to_Win_PGL_Bucharest_Final.jpg 1280w, https:\/\/casinopathfinder.com\/wp-content\/uploads\/2025\/04\/Falcons_Dominate_G2_to_Win_PGL_Bucharest_Final-300x200.jpg 300w, https:\/\/casinopathfinder.com\/wp-content\/uploads\/2025\/04\/Falcons_Dominate_G2_to_Win_PGL_Bucharest_Final-1024x682.jpg 1024w, https:\/\/casinopathfinder.com\/wp-content\/uploads\/2025\/04\/Falcons_Dominate_G2_to_Win_PGL_Bucharest_Final-768x512.jpg 768w, https:\/\/casinopathfinder.com\/wp-content\/uploads\/2025\/04\/Falcons_Dominate_G2_to_Win_PGL_Bucharest_Final-18x12.jpg 18w\" sizes=\"(max-width: 1280px) 100vw, 1280px\" \/>                        <\/a>\n                    <\/div>\n                                <h4><a class='custom-blog-post-title' href=\"https:\/\/casinopathfinder.com\/de\/falcons-dominieren-g2-und-gewinnen-das-pgl-bucharest-finale\/\">Falcons dominieren G2 und gewinnen das PGL Bucharest Finale<\/a><\/h4>\n                <div class=\"post-excerpt\">Am 13. April 2025 erreichten die Falcons endlich die Spitze der Counter-Strike-Welt und sicherten sich ihren ersten Tier-One-LAN-Titel mit einem dominanten...<\/div>\n            <\/div>\n                        <div class=\"blog-post\">\n                                    <div class=\"post-thumbnail\">\n                        <a href=\"https:\/\/casinopathfinder.com\/de\/cs2-spring-update-neue-skins-kartenanpassungen-und-mehr\/\">\n                            <img decoding=\"async\" width=\"960\" height=\"540\" src=\"https:\/\/casinopathfinder.com\/wp-content\/uploads\/2025\/04\/CS2_Spring_Update.jpg\" class=\"attachment-full size-full wp-post-image\" alt=\"CS2 Spring Update: New Skins, Map Adjustments, and More\" srcset=\"https:\/\/casinopathfinder.com\/wp-content\/uploads\/2025\/04\/CS2_Spring_Update.jpg 960w, https:\/\/casinopathfinder.com\/wp-content\/uploads\/2025\/04\/CS2_Spring_Update-300x169.jpg 300w, https:\/\/casinopathfinder.com\/wp-content\/uploads\/2025\/04\/CS2_Spring_Update-768x432.jpg 768w, https:\/\/casinopathfinder.com\/wp-content\/uploads\/2025\/04\/CS2_Spring_Update-18x10.jpg 18w\" sizes=\"(max-width: 960px) 100vw, 960px\" \/>                        <\/a>\n                    <\/div>\n                                <h4><a class='custom-blog-post-title' href=\"https:\/\/casinopathfinder.com\/de\/cs2-spring-update-neue-skins-kartenanpassungen-und-mehr\/\">CS2 Spring Update: Neue Skins, Kartenanpassungen und mehr!<\/a><\/h4>\n                <div class=\"post-excerpt\">Das neueste Counter-Strike 2 Update bringt eine Welle frischer Inhalte und Karten\u00fcberarbeitungen. Von der Einf\u00fchrung neuer Waffen-Kollektionen...<\/div>\n            <\/div>\n                        <div class=\"blog-post\">\n                                    <div class=\"post-thumbnail\">\n                        <a href=\"https:\/\/casinopathfinder.com\/de\/krypto-industrie-trends-stablecoins-bitcoin-investitionen\/\">\n                            <img decoding=\"async\" width=\"735\" height=\"443\" src=\"https:\/\/casinopathfinder.com\/wp-content\/uploads\/2025\/03\/Crypto_Industry_Trends.jpg\" class=\"attachment-full size-full wp-post-image\" alt=\"Krypto-Industrie-Trends: Stablecoins &amp; Bitcoin-Investitionen\" srcset=\"https:\/\/casinopathfinder.com\/wp-content\/uploads\/2025\/03\/Crypto_Industry_Trends.jpg 735w, https:\/\/casinopathfinder.com\/wp-content\/uploads\/2025\/03\/Crypto_Industry_Trends-300x181.jpg 300w, https:\/\/casinopathfinder.com\/wp-content\/uploads\/2025\/03\/Crypto_Industry_Trends-18x12.jpg 18w\" sizes=\"(max-width: 735px) 100vw, 735px\" \/>                        <\/a>\n                    <\/div>\n                                <h4><a class='custom-blog-post-title' href=\"https:\/\/casinopathfinder.com\/de\/krypto-industrie-trends-stablecoins-bitcoin-investitionen\/\">Krypto-Industrie-Trends: Stablecoins &amp; Bitcoin-Investitionen<\/a><\/h4>\n                <div class=\"post-excerpt\">In letzter Zeit hat der Kryptow\u00e4hrungsmarkt bedeutende Ver\u00e4nderungen und Innovationen durchlaufen, insbesondere im Bereich der Stablecoins und institutionellen Investitionen in Bitcoin. Diese...<\/div>\n            <\/div>\n                        <div class=\"blog-post\">\n                                    <div class=\"post-thumbnail\">\n                        <a href=\"https:\/\/casinopathfinder.com\/de\/blast-open-lisbon-2025-playoff-bracket-fur-ein-episches-duell-festgelegt\/\">\n                            <img loading=\"lazy\" decoding=\"async\" width=\"968\" height=\"544\" src=\"https:\/\/casinopathfinder.com\/wp-content\/uploads\/2025\/03\/BLAST_Open_Lisbon_2025.jpg\" class=\"attachment-full size-full wp-post-image\" alt=\"BLAST Open Lisbon 2025: Playoff-Bracket f\u00fcr ein episches Duell festgelegt\" srcset=\"https:\/\/casinopathfinder.com\/wp-content\/uploads\/2025\/03\/BLAST_Open_Lisbon_2025.jpg 968w, https:\/\/casinopathfinder.com\/wp-content\/uploads\/2025\/03\/BLAST_Open_Lisbon_2025-300x169.jpg 300w, https:\/\/casinopathfinder.com\/wp-content\/uploads\/2025\/03\/BLAST_Open_Lisbon_2025-768x432.jpg 768w, https:\/\/casinopathfinder.com\/wp-content\/uploads\/2025\/03\/BLAST_Open_Lisbon_2025-18x10.jpg 18w\" sizes=\"(max-width: 968px) 100vw, 968px\" \/>                        <\/a>\n                    <\/div>\n                                <h4><a class='custom-blog-post-title' href=\"https:\/\/casinopathfinder.com\/de\/blast-open-lisbon-2025-playoff-bracket-fur-ein-episches-duell-festgelegt\/\">BLAST Open Lisbon 2025: Playoff-Bracket f\u00fcr ein episches Duell festgelegt<\/a><\/h4>\n                <div class=\"post-excerpt\">Die Playoff-Brackets der BLAST Open Lisbon 2025 stehen fest, wobei sechs der sieben besten Teams der Welt die...<\/div>\n            <\/div>\n                        <div class=\"blog-post\">\n                                    <div class=\"post-thumbnail\">\n                        <a href=\"https:\/\/casinopathfinder.com\/de\/youtube-verscharft-regeln-fur-online-gambling\/\">\n                            <img loading=\"lazy\" decoding=\"async\" width=\"798\" height=\"529\" src=\"https:\/\/casinopathfinder.com\/wp-content\/uploads\/2025\/03\/YouTube_Strengthens_Rules_for_Online_Gambling.png\" class=\"attachment-full size-full wp-post-image\" alt=\"YouTube versch\u00e4rft Regeln f\u00fcr Online-Gambling\" srcset=\"https:\/\/casinopathfinder.com\/wp-content\/uploads\/2025\/03\/YouTube_Strengthens_Rules_for_Online_Gambling.png 798w, https:\/\/casinopathfinder.com\/wp-content\/uploads\/2025\/03\/YouTube_Strengthens_Rules_for_Online_Gambling-300x199.png 300w, https:\/\/casinopathfinder.com\/wp-content\/uploads\/2025\/03\/YouTube_Strengthens_Rules_for_Online_Gambling-768x509.png 768w, https:\/\/casinopathfinder.com\/wp-content\/uploads\/2025\/03\/YouTube_Strengthens_Rules_for_Online_Gambling-18x12.png 18w\" sizes=\"(max-width: 798px) 100vw, 798px\" \/>                        <\/a>\n                    <\/div>\n                                <h4><a class='custom-blog-post-title' href=\"https:\/\/casinopathfinder.com\/de\/youtube-verscharft-regeln-fur-online-gambling\/\">YouTube versch\u00e4rft Regeln f\u00fcr Online-Gambling<\/a><\/h4>\n                <div class=\"post-excerpt\">YouTube hat k\u00fcrzlich \u00c4nderungen an seinen Richtlinien bez\u00fcglich Online-Gambling-Inhalten angek\u00fcndigt, die am 19. M\u00e4rz in Kraft treten. Diese \u00c4nderungen werden erhebliche Auswirkungen auf Creator haben...<\/div>\n            <\/div>\n                        <div class=\"blog-post\">\n                                    <div class=\"post-thumbnail\">\n                        <a href=\"https:\/\/casinopathfinder.com\/de\/packdraw-belohnungen-wie-man-kostenlose-boni-und-packs-bekommt\/\">\n                            <img loading=\"lazy\" decoding=\"async\" width=\"1792\" height=\"1024\" src=\"https:\/\/casinopathfinder.com\/wp-content\/uploads\/2025\/03\/PackDraw_Rewards_How_to_Get_Free_Bonuses__Packs.jpeg\" class=\"attachment-full size-full wp-post-image\" alt=\"PackDraw Belohnungen: Wie man kostenlose Boni &amp; Packs bekommt\" srcset=\"https:\/\/casinopathfinder.com\/wp-content\/uploads\/2025\/03\/PackDraw_Rewards_How_to_Get_Free_Bonuses__Packs.jpeg 1792w, https:\/\/casinopathfinder.com\/wp-content\/uploads\/2025\/03\/PackDraw_Rewards_How_to_Get_Free_Bonuses__Packs-300x171.jpeg 300w, https:\/\/casinopathfinder.com\/wp-content\/uploads\/2025\/03\/PackDraw_Rewards_How_to_Get_Free_Bonuses__Packs-1024x585.jpeg 1024w, https:\/\/casinopathfinder.com\/wp-content\/uploads\/2025\/03\/PackDraw_Rewards_How_to_Get_Free_Bonuses__Packs-768x439.jpeg 768w, https:\/\/casinopathfinder.com\/wp-content\/uploads\/2025\/03\/PackDraw_Rewards_How_to_Get_Free_Bonuses__Packs-1536x878.jpeg 1536w, https:\/\/casinopathfinder.com\/wp-content\/uploads\/2025\/03\/PackDraw_Rewards_How_to_Get_Free_Bonuses__Packs-18x10.jpeg 18w\" sizes=\"(max-width: 1792px) 100vw, 1792px\" \/>                        <\/a>\n                    <\/div>\n                                <h4><a class='custom-blog-post-title' href=\"https:\/\/casinopathfinder.com\/de\/packdraw-belohnungen-wie-man-kostenlose-boni-und-packs-bekommt\/\">PackDraw Belohnungen: Wie man kostenlose Boni &amp; Packs bekommt<\/a><\/h4>\n                <div class=\"post-excerpt\">PackDraw Rewards: Wie man kostenlose Boni &amp; Packs bekommt PackDraw Rewards System \u2013 Wie es funktioniert und wie man kostenlose Rewards beansprucht PackDraw ist eine innovative Mystery-Box-Plattform, die...<\/div>\n            <\/div>\n                        <div class=\"blog-post\">\n                                    <div class=\"post-thumbnail\">\n                        <a href=\"https:\/\/casinopathfinder.com\/de\/libra-skandal-mileis-unterstutzung-verursacht-4-5b-krypto-zusammenbruch\/\">\n                            <img loading=\"lazy\" decoding=\"async\" width=\"1792\" height=\"1024\" src=\"https:\/\/casinopathfinder.com\/wp-content\/uploads\/2025\/02\/Libra_Scandal.jpeg\" class=\"attachment-full size-full wp-post-image\" alt=\"Libra-Skandal: Mileis Unterst\u00fctzung verursacht 4,5 Milliarden Dollar Krypto-Zusammenbruch\" srcset=\"https:\/\/casinopathfinder.com\/wp-content\/uploads\/2025\/02\/Libra_Scandal.jpeg 1792w, https:\/\/casinopathfinder.com\/wp-content\/uploads\/2025\/02\/Libra_Scandal-300x171.jpeg 300w, https:\/\/casinopathfinder.com\/wp-content\/uploads\/2025\/02\/Libra_Scandal-1024x585.jpeg 1024w, https:\/\/casinopathfinder.com\/wp-content\/uploads\/2025\/02\/Libra_Scandal-768x439.jpeg 768w, https:\/\/casinopathfinder.com\/wp-content\/uploads\/2025\/02\/Libra_Scandal-1536x878.jpeg 1536w\" sizes=\"(max-width: 1792px) 100vw, 1792px\" \/>                        <\/a>\n                    <\/div>\n                                <h4><a class='custom-blog-post-title' href=\"https:\/\/casinopathfinder.com\/de\/libra-skandal-mileis-unterstutzung-verursacht-4-5b-krypto-zusammenbruch\/\">Libra-Skandal: Mileis Unterst\u00fctzung verursacht 4,5 Milliarden Dollar Krypto-Zusammenbruch<\/a><\/h4>\n                <div class=\"post-excerpt\">Libra-Skandal: Mileis Unterst\u00fctzung l\u00f6st $4,5 Mrd. Krypto-Kollaps aus Im Februar 2025 geriet der argentinische Pr\u00e4sident Javier Milei in eine Kontroverse, nachdem er in sozialen Medien eine Kryptow\u00e4hrung namens $Libra beworben hatte. Was...<\/div>\n            <\/div>\n                        <div class=\"blog-post\">\n                                    <div class=\"post-thumbnail\">\n                        <a href=\"https:\/\/casinopathfinder.com\/de\/gamdom-belohnungssystem\/\">\n                            <img loading=\"lazy\" decoding=\"async\" width=\"1792\" height=\"1024\" src=\"https:\/\/casinopathfinder.com\/wp-content\/uploads\/2025\/02\/Gamdom_Rewards_System.jpeg\" class=\"attachment-full size-full wp-post-image\" alt=\"Gamdom Belohnungssystem\" srcset=\"https:\/\/casinopathfinder.com\/wp-content\/uploads\/2025\/02\/Gamdom_Rewards_System.jpeg 1792w, https:\/\/casinopathfinder.com\/wp-content\/uploads\/2025\/02\/Gamdom_Rewards_System-300x171.jpeg 300w, https:\/\/casinopathfinder.com\/wp-content\/uploads\/2025\/02\/Gamdom_Rewards_System-1024x585.jpeg 1024w, https:\/\/casinopathfinder.com\/wp-content\/uploads\/2025\/02\/Gamdom_Rewards_System-768x439.jpeg 768w, https:\/\/casinopathfinder.com\/wp-content\/uploads\/2025\/02\/Gamdom_Rewards_System-1536x878.jpeg 1536w\" sizes=\"(max-width: 1792px) 100vw, 1792px\" \/>                        <\/a>\n                    <\/div>\n                                <h4><a class='custom-blog-post-title' href=\"https:\/\/casinopathfinder.com\/de\/gamdom-belohnungssystem\/\">Gamdom Belohnungssystem<\/a><\/h4>\n                <div class=\"post-excerpt\">Gamdom Rewards System Gamdom hat sich als eine der f\u00fchrenden Online-Gaming-Plattformen etabliert und bietet Spielern ein aufregendes und lohnendes Erlebnis. Eines der herausragenden Merkmale ist das Rewards..<\/div>\n            <\/div>\n                        <div class=\"blog-post\">\n                                    <div class=\"post-thumbnail\">\n                        <a href=\"https:\/\/casinopathfinder.com\/de\/hypedrop-belohnungssystem-wie-man-kostenlose-mystery-boxen-und-grosse-preise-bekommt\/\">\n                            <img loading=\"lazy\" decoding=\"async\" width=\"1792\" height=\"1024\" src=\"https:\/\/casinopathfinder.com\/wp-content\/uploads\/2025\/02\/HypeDrop_Reward_System_How_to_Get_Free_Mystery_Boxes__Big_Prizes.jpeg\" class=\"attachment-full size-full wp-post-image\" alt=\"HypeDrop Belohnungssystem: Wie man kostenlose Mystery-Boxen &amp; gro\u00dfe Preise bekommt\" srcset=\"https:\/\/casinopathfinder.com\/wp-content\/uploads\/2025\/02\/HypeDrop_Reward_System_How_to_Get_Free_Mystery_Boxes__Big_Prizes.jpeg 1792w, https:\/\/casinopathfinder.com\/wp-content\/uploads\/2025\/02\/HypeDrop_Reward_System_How_to_Get_Free_Mystery_Boxes__Big_Prizes-300x171.jpeg 300w, https:\/\/casinopathfinder.com\/wp-content\/uploads\/2025\/02\/HypeDrop_Reward_System_How_to_Get_Free_Mystery_Boxes__Big_Prizes-1024x585.jpeg 1024w, https:\/\/casinopathfinder.com\/wp-content\/uploads\/2025\/02\/HypeDrop_Reward_System_How_to_Get_Free_Mystery_Boxes__Big_Prizes-768x439.jpeg 768w, https:\/\/casinopathfinder.com\/wp-content\/uploads\/2025\/02\/HypeDrop_Reward_System_How_to_Get_Free_Mystery_Boxes__Big_Prizes-1536x878.jpeg 1536w\" sizes=\"(max-width: 1792px) 100vw, 1792px\" \/>                        <\/a>\n                    <\/div>\n                                <h4><a class='custom-blog-post-title' href=\"https:\/\/casinopathfinder.com\/de\/hypedrop-belohnungssystem-wie-man-kostenlose-mystery-boxen-und-grosse-preise-bekommt\/\">HypeDrop Reward System: How to Get Free Mystery Boxes &amp; Big Prizes<\/a><\/h4>\n                <div class=\"post-excerpt\">HypeDrop Reward System: Wie man kostenlose Mystery-Boxen &amp; gro\u00dfe Preise bekommt HypeDrop, der 18+ Social-Mystery-Box-Marktplatz, bietet ein verlockendes Rewards-System, das die Nutzer fesselt und...<\/div>\n            <\/div>\n            <\/div><div class=\"casespromocode-pagination\"><span aria-current=\"page\" class=\"page-numbers current\">1<\/span>\n<a class=\"page-numbers\" href=\"https:\/\/casinopathfinder.com\/de\/wp-json\/wp\/v2\/pages\/744\/page\/2\/\">2<\/a>\n<span class=\"page-numbers dots\">&hellip;<\/span>\n<a class=\"page-numbers\" href=\"https:\/\/casinopathfinder.com\/de\/wp-json\/wp\/v2\/pages\/744\/page\/4\/\">4<\/a>\n<a class=\"next page-numbers\" href=\"https:\/\/casinopathfinder.com\/de\/wp-json\/wp\/v2\/pages\/744\/page\/2\/\">Next \u00bb<\/a><\/div><\/div>\n\t\t\t\t<\/div>\n\t\t\t\t<\/div>\n\t\t\t\t\t<\/div>\n\t\t\t\t<\/div>\n\t\t\t\t<\/div>","protected":false},"excerpt":{"rendered":"<p>Casinopathfinder Blog &#8211; Latest Insights and Tips on Skins Gambling and Trading<\/p>","protected":false},"author":1,"featured_media":3805,"parent":0,"menu_order":0,"comment_status":"closed","ping_status":"closed","template":"","meta":{"_acf_changed":false,"footnotes":""},"class_list":["post-744","page","type-page","status-publish","has-post-thumbnail","hentry"],"acf":[],"_links":{"self":[{"href":"https:\/\/casinopathfinder.com\/de\/wp-json\/wp\/v2\/pages\/744","targetHints":{"allow":["GET"]}}],"collection":[{"href":"https:\/\/casinopathfinder.com\/de\/wp-json\/wp\/v2\/pages"}],"about":[{"href":"https:\/\/casinopathfinder.com\/de\/wp-json\/wp\/v2\/types\/page"}],"author":[{"embeddable":true,"href":"https:\/\/casinopathfinder.com\/de\/wp-json\/wp\/v2\/users\/1"}],"replies":[{"embeddable":true,"href":"https:\/\/casinopathfinder.com\/de\/wp-json\/wp\/v2\/comments?post=744"}],"version-history":[{"count":18,"href":"https:\/\/casinopathfinder.com\/de\/wp-json\/wp\/v2\/pages\/744\/revisions"}],"predecessor-version":[{"id":3741,"href":"https:\/\/casinopathfinder.com\/de\/wp-json\/wp\/v2\/pages\/744\/revisions\/3741"}],"wp:featuredmedia":[{"embeddable":true,"href":"https:\/\/casinopathfinder.com\/de\/wp-json\/wp\/v2\/media\/3805"}],"wp:attachment":[{"href":"https:\/\/casinopathfinder.com\/de\/wp-json\/wp\/v2\/media?parent=744"}],"curies":[{"name":"wp","href":"https:\/\/api.w.org\/{rel}","templated":true}]}}